{"id":7982,"date":"2026-03-05T16:34:10","date_gmt":"2026-03-05T19:34:10","guid":{"rendered":"https:\/\/escsanvicentedepaul.cl\/?page_id=7982"},"modified":"2026-04-10T15:02:15","modified_gmt":"2026-04-10T18:02:15","slug":"comunicados-oficiales","status":"publish","type":"page","link":"https:\/\/escsanvicentedepaul.cl\/?page_id=7982","title":{"rendered":"Comunicados Oficiales"},"content":{"rendered":"<div class=\"wpb-content-wrapper\"><p>[vc_row css=&#8221;.vc_custom_1459859829751{margin-bottom: 65px !important;padding-top: 80px !important;}&#8221;][vc_column][vc_column_text]<\/p>\n<p style=\"text-align: justify;\" data-path-to-node=\"7,2\"><span style=\"font-family: verdana, geneva, sans-serif;\">Este espacio ha sido habilitado para modernizar y facilitar el flujo de informaci\u00f3n entre nuestra escuela y su hogar. Buscamos eliminar las barreras de comunicaci\u00f3n, asegurando que ning\u00fan apoderado pierda de vista las novedades, fechas importantes y normativas que rigen nuestro caminar educativo.<\/span><\/p>\n<p style=\"text-align: justify;\" data-path-to-node=\"7,3\"><span style=\"font-family: verdana, geneva, sans-serif;\"><b data-path-to-node=\"7,3\" data-index-in-node=\"0\">Beneficios de esta secci\u00f3n:<\/b><\/span><\/p>\n<ol start=\"1\" data-path-to-node=\"7,4\">\n<li style=\"text-align: justify;\">\n<p data-path-to-node=\"7,4,0,0\"><span style=\"font-family: verdana, geneva, sans-serif;\"><b data-path-to-node=\"7,4,0,0\" data-index-in-node=\"0\">Inmediatez:<\/b> Reciba y revise la informaci\u00f3n al instante, sin depender de formatos f\u00edsicos que puedan extraviarse.<\/span><\/p>\n<\/li>\n<li style=\"text-align: justify;\">\n<p data-path-to-node=\"7,4,1,0\"><span style=\"font-family: verdana, geneva, sans-serif;\"><b data-path-to-node=\"7,4,1,0\" data-index-in-node=\"0\">Orden por Niveles:<\/b> Encuentre f\u00e1cilmente la informaci\u00f3n espec\u00edfica que corresponde al curso de su hijo o hija.<\/span><\/p>\n<\/li>\n<li>\n<p style=\"text-align: justify;\" data-path-to-node=\"7,4,2,0\"><span style=\"font-family: verdana, geneva, sans-serif;\"><b data-path-to-node=\"7,4,2,0\" data-index-in-node=\"0\">Seguridad y Confianza:<\/b> Este es el \u00fanico canal digital oficial para la descarga de circulares vigentes de nuestra comunidad Vicentina.<\/span><\/p>\n<\/li>\n<\/ol>\n<p>[\/vc_column_text][vc_text_separator title=&#8221;Comunicados A\u00f1o Escolar 2026&#8243; color=&#8221;green&#8221;][\/vc_column][\/vc_row][vc_row][vc_column width=&#8221;1\/5&#8243;][vc_empty_space][vc_btn title=&#8221;Comunicado 1&#8243; color=&#8221;primary&#8221; link=&#8221;url:https%3A%2F%2Fdrive.google.com%2Ffile%2Fd%2F17JADsQw7gA1bwHp4TFuhI1YThuQBiGAv%2Fview%3Fusp%3Dsharing&#8221;][vc_empty_space][\/vc_column][vc_column width=&#8221;1\/5&#8243;][vc_empty_space][vc_btn title=&#8221;Comunicado 2&#8243; color=&#8221;primary&#8221; link=&#8221;url:https%3A%2F%2Fdrive.google.com%2Ffile%2Fd%2F1K9wTVLrJWB2SNyuyCFRBUNYqeGT34qyv%2Fview%3Fusp%3Dsharing&#8221;][vc_empty_space][\/vc_column][vc_column width=&#8221;1\/5&#8243;][vc_empty_space][vc_btn title=&#8221;Comunicado 3&#8243; color=&#8221;primary&#8221; link=&#8221;url:https%3A%2F%2Fdrive.google.com%2Ffile%2Fd%2F1Lr0tMSo2Dr_nMYTYQzuft39wtpgiaAwa%2Fview%3Fusp%3Dsharing&#8221;][vc_empty_space][\/vc_column][vc_column width=&#8221;1\/5&#8243;][vc_empty_space][vc_btn title=&#8221;Comunicado 4&#8243; color=&#8221;primary&#8221;][vc_empty_space][\/vc_column][vc_column width=&#8221;1\/5&#8243;][vc_empty_space][vc_btn title=&#8221;Comunicado 5&#8243; color=&#8221;primary&#8221; link=&#8221;url:https%3A%2F%2Fdrive.google.com%2Ffile%2Fd%2F1k6YGkAWyszPahUaO73n4zQ-ATfzMbsoU%2Fview%3Fusp%3Dsharing&#8221;][vc_empty_space][\/vc_column][\/vc_row][vc_row][vc_column][vc_empty_space][vc_empty_space][vc_separator color=&#8221;green&#8221;][\/vc_column][\/vc_row][vc_section][\/vc_section]<\/p>\n<\/div>","protected":false},"excerpt":{"rendered":"<p>[vc_row css=&#8221;.vc_custom_1459859829751{margin-bottom: 65px !important;padding-top: 80px !important;}&#8221;][vc_column][vc_column_text] Este espacio ha sido habilitado para modernizar y facilitar el flujo de informaci\u00f3n entre nuestra escuela y su hogar. Buscamos eliminar las barreras de comunicaci\u00f3n, asegurando que ning\u00fan apoderado pierda de vista las novedades, fechas importantes y normativas que rigen nuestro caminar educativo. Beneficios de esta secci\u00f3n: Inmediatez: Reciba [&hellip;]<\/p>\n","protected":false},"author":1,"featured_media":0,"parent":0,"menu_order":0,"comment_status":"closed","ping_status":"closed","template":"","meta":{"footnotes":""},"class_list":["post-7982","page","type-page","status-publish","hentry"],"_links":{"self":[{"href":"https:\/\/escsanvicentedepaul.cl\/index.php?rest_route=\/wp\/v2\/pages\/7982","targetHints":{"allow":["GET"]}}],"collection":[{"href":"https:\/\/escsanvicentedepaul.cl\/index.php?rest_route=\/wp\/v2\/pages"}],"about":[{"href":"https:\/\/escsanvicentedepaul.cl\/index.php?rest_route=\/wp\/v2\/types\/page"}],"author":[{"embeddable":true,"href":"https:\/\/escsanvicentedepaul.cl\/index.php?rest_route=\/wp\/v2\/users\/1"}],"replies":[{"embeddable":true,"href":"https:\/\/escsanvicentedepaul.cl\/index.php?rest_route=%2Fwp%2Fv2%2Fcomments&post=7982"}],"version-history":[{"count":6,"href":"https:\/\/escsanvicentedepaul.cl\/index.php?rest_route=\/wp\/v2\/pages\/7982\/revisions"}],"predecessor-version":[{"id":8181,"href":"https:\/\/escsanvicentedepaul.cl\/index.php?rest_route=\/wp\/v2\/pages\/7982\/revisions\/8181"}],"wp:attachment":[{"href":"https:\/\/escsanvicentedepaul.cl\/index.php?rest_route=%2Fwp%2Fv2%2Fmedia&parent=7982"}],"curies":[{"name":"wp","href":"https:\/\/api.w.org\/{rel}","templated":true}]}}