{"id":7653,"date":"2025-09-08T10:13:20","date_gmt":"2025-09-08T13:13:20","guid":{"rendered":"https:\/\/escsanvicentedepaul.cl\/?page_id=7653"},"modified":"2025-09-08T10:24:33","modified_gmt":"2025-09-08T13:24:33","slug":"valores","status":"publish","type":"page","link":"https:\/\/escsanvicentedepaul.cl\/?page_id=7653","title":{"rendered":"Valores"},"content":{"rendered":"<div class=\"wpb-content-wrapper\"><p>[vc_row][vc_column][vc_empty_space][\/vc_column][\/vc_row][vc_row][vc_column][vc_empty_space][vc_column_text]<\/p>\r\n<p style=\"text-align: justify;\"><span style=\"font-family: verdana, geneva, sans-serif;\">Seg\u00fan la espiritualidad vicentina-luisiana, y de acuerdo a nuestro estilo educativo, privilegiamos en nuestra formaci\u00f3n integral los siguientes valores que dan identidad a nuestro modo de vivir la fe cat\u00f3lica y el estilo formativo que desarrollamos:<\/span><\/p>\r\n<p>[\/vc_column_text][vc_empty_space][vc_empty_space][\/vc_column][\/vc_row][vc_row][vc_column width=&#8221;1\/4&#8243;][vc_empty_space][stm_title title_tag=&#8221;h2&#8243; title_align=&#8221;center&#8221; title=&#8221;Caridad&#8221;][\/stm_title][vc_single_image image=&#8221;7654&#8243; img_size=&#8221;large&#8221; alignment=&#8221;center&#8221;][\/vc_column][vc_column width=&#8221;2\/4&#8243;][vc_empty_space][vc_column_text]<\/p>\r\n<p><span style=\"font-family: verdana, geneva, sans-serif;\"><!-- \/wp:post-content --><\/span><\/p>\r\n<p style=\"text-align: center;\"><!-- wp:quote --><\/p>\r\n<p style=\"text-align: justify;\"><span style=\"font-family: verdana, geneva, sans-serif;\">Elemento fundamental de la espiritualidad vicentina que articula los dem\u00e1s valores. Expresa el servicio a Jes\u00fas corporal y espiritualmente en la persona de los pobres, desde la comprensi\u00f3n, la afectividad, efectividad y entrega audaz y desinteresada de s\u00ed mismo por el otro, sobre todo en situaciones de vulnerabilidad social y espiritual a las nuevas y antiguas pobrezas en todas sus dimensiones, que interpelan nuestra generosidad desde los talentos personales y comunitarios. Se manifiesta en la solidaridad compasiva, en la pastoral social y en el compromiso con los m\u00e1s vulnerables.<\/span><\/p>\r\n<p><span style=\"font-family: verdana, geneva, sans-serif;\"><!-- \/wp:quote --><\/span><\/p>\r\n<p><span style=\"font-family: verdana, geneva, sans-serif;\"><!-- \/wp:paragraph --><\/span><\/p>\r\n<p>[\/vc_column_text][\/vc_column][vc_column width=&#8221;1\/4&#8243;][\/vc_column][\/vc_row][vc_row][vc_column][vc_zigzag][vc_empty_space][\/vc_column][\/vc_row][vc_row][vc_column][vc_empty_space][\/vc_column][\/vc_row][vc_row][vc_column width=&#8221;1\/4&#8243;][\/vc_column][vc_column width=&#8221;2\/4&#8243;][vc_empty_space][vc_column_text css=&#8221;.vc_custom_1757337093111{margin-top: -40px !important;}&#8221;]<\/p>\r\n<p><span style=\"font-family: verdana, geneva, sans-serif;\"><!-- \/wp:quote --><\/span><\/p>\r\n<p><span style=\"font-family: verdana, geneva, sans-serif;\"><!-- \/wp:paragraph --><\/span><\/p>\r\n<p style=\"text-align: center;\"><!-- wp:quote --><\/p>\r\n<blockquote class=\"wp-block-quote\">\r\n<p style=\"text-align: justify;\"><span style=\"font-family: verdana, geneva, sans-serif;\">Es el reconocimiento de nuestra condici\u00f3n de seres creados y redimidos, regalo del amor de Dios. Esto nos permite valorar nuestras virtudes y reconocer nuestras limitaciones. Conlleva la conciencia de que todo bien nos viene dado de Dios y necesitamos de los dem\u00e1s. Se manifiesta en la gratitud, en el trabajo cola- borativo, manifestado en la corresponsabilidad y en la interdependencia.<\/span><\/p>\r\n<\/blockquote>\r\n<p><span style=\"font-family: verdana, geneva, sans-serif;\"><!-- \/wp:quote --><\/span><\/p>\r\n<p><span style=\"font-family: verdana, geneva, sans-serif;\"><!-- \/wp:paragraph --><\/span><\/p>\r\n<p>[\/vc_column_text][\/vc_column][vc_column width=&#8221;1\/4&#8243;][vc_empty_space][stm_title title_tag=&#8221;h2&#8243; title_align=&#8221;center&#8221; title=&#8221;Humildad&#8221;][\/stm_title][vc_single_image image=&#8221;7675&#8243; img_size=&#8221;large&#8221;][\/vc_column][\/vc_row][vc_row][vc_column][vc_zigzag][vc_empty_space][\/vc_column][\/vc_row][vc_row][vc_column][vc_empty_space][\/vc_column][\/vc_row][vc_row][vc_column width=&#8221;1\/4&#8243;][vc_empty_space][stm_title title_tag=&#8221;h2&#8243; title_align=&#8221;center&#8221; title=&#8221;Sencillez&#8221;][\/stm_title][vc_single_image image=&#8221;7683&#8243; img_size=&#8221;large&#8221; alignment=&#8221;center&#8221;][\/vc_column][vc_column width=&#8221;2\/4&#8243;][vc_empty_space][vc_column_text]<\/p>\r\n<p><span style=\"font-family: verdana, geneva, sans-serif;\"><!-- \/wp:paragraph --><\/span><\/p>\r\n<p style=\"text-align: center;\"><!-- wp:quote --><\/p>\r\n<p style=\"text-align: justify;\"><span style=\"font-family: verdana, geneva, sans-serif;\">Fue para San Vicente de Pa\u00fal su evangelio, porque lo impulsaba a desarrollar actitudes de veracidad, comprensi\u00f3n y sinceridad, tanto consigo mismo como con quienes le rodearon. Es la confianza en una vida sin adornos ni apariencias. Comprende la pureza de intenci\u00f3n, la pr\u00e1ctica de la verdad, la autenticidad personal, la coherencia de vida, el desprendimiento de lo material, el uso de un lenguaje transparente y la correcci\u00f3n fraterna.<\/span><\/p>\r\n<p><span style=\"font-family: verdana, geneva, sans-serif;\"><!-- \/wp:quote --><\/span><\/p>\r\n<p><span style=\"font-family: verdana, geneva, sans-serif;\"><!-- \/wp:paragraph --><\/span><\/p>\r\n<p>[\/vc_column_text][\/vc_column][vc_column width=&#8221;1\/4&#8243;][\/vc_column][\/vc_row][vc_row][vc_column][vc_zigzag][vc_empty_space][\/vc_column][\/vc_row][vc_row][vc_column][vc_empty_space][\/vc_column][\/vc_row][vc_row][vc_column width=&#8221;1\/4&#8243;][\/vc_column][vc_column width=&#8221;2\/4&#8243;][vc_empty_space][vc_column_text css=&#8221;.vc_custom_1757337139407{margin-top: -40px !important;}&#8221;]<\/p>\r\n<p><span style=\"font-family: verdana, geneva, sans-serif;\"><!-- \/wp:quote --><\/span><\/p>\r\n<p><span style=\"font-family: verdana, geneva, sans-serif;\"><!-- \/wp:paragraph --><\/span><\/p>\r\n<p style=\"text-align: center;\"><!-- wp:quote --><\/p>\r\n<blockquote class=\"wp-block-quote\">\r\n<p style=\"text-align: justify;\"><span style=\"font-family: verdana, geneva, sans-serif;\">Consideraci\u00f3n del otro en el marco de los derechos y los deberes en un contexto de relaciones de reciprocidad y de entendimiento. El respeto asume la diversidad cultural y la dignidad de la persona como horizonte supremo de la convivencia. Tambi\u00e9n considera la importancia de la naturaleza, digna de ser contemplada y conservada en relaci\u00f3n al crecimiento de la humanidad. Este valor se manifiesta en el di\u00e1logo, la mansedumbre, cordialidad, escucha, serenidad y en la integraci\u00f3n de las personas.<\/span><\/p>\r\n<\/blockquote>\r\n<p><span style=\"font-family: verdana, geneva, sans-serif;\"><!-- \/wp:quote --><\/span><\/p>\r\n<p><span style=\"font-family: verdana, geneva, sans-serif;\"><!-- \/wp:paragraph --><\/span><\/p>\r\n<p>[\/vc_column_text][\/vc_column][vc_column width=&#8221;1\/4&#8243;][vc_empty_space][stm_title title_tag=&#8221;h2&#8243; title_align=&#8221;center&#8221; title=&#8221;Respeto&#8221;][\/stm_title][vc_single_image image=&#8221;7684&#8243; img_size=&#8221;large&#8221;][\/vc_column][\/vc_row][vc_row][vc_column][vc_zigzag][vc_empty_space][\/vc_column][\/vc_row][vc_row][vc_column][vc_empty_space][\/vc_column][\/vc_row][vc_row][vc_column width=&#8221;1\/4&#8243;][vc_empty_space][stm_title title_tag=&#8221;h2&#8243; title_align=&#8221;center&#8221; title=&#8221;Responsabilidad&#8221;][\/stm_title][vc_single_image image=&#8221;7685&#8243; img_size=&#8221;large&#8221; alignment=&#8221;center&#8221;][\/vc_column][vc_column width=&#8221;2\/4&#8243;][vc_empty_space][vc_empty_space][vc_column_text]<\/p>\r\n<p><span style=\"font-family: verdana, geneva, sans-serif;\"><!-- \/wp:paragraph --><\/span><\/p>\r\n<p style=\"text-align: center;\"><!-- wp:quote --><\/p>\r\n<p style=\"text-align: justify;\"><span style=\"font-family: verdana, geneva, sans-serif;\">Es la toma de conciencia de los actos personales y sociales que conducen a un compromiso en perspectiva de presente y futuro para el desarrollo de su vida y de la sociedad, asumiendo sus desaf\u00edos personales, valorando a los otros e insert\u00e1ndose en la din\u00e1mica transformadora de su en- torno. Este valor se manifiesta en el compromiso, en el trabajo y en la b\u00fasqueda de la justicia.<\/span><\/p>\r\n<p><span style=\"font-family: verdana, geneva, sans-serif;\"><!-- \/wp:quote --><\/span><\/p>\r\n<p><span style=\"font-family: verdana, geneva, sans-serif;\"><!-- \/wp:paragraph --><\/span><\/p>\r\n<p>[\/vc_column_text][\/vc_column][vc_column width=&#8221;1\/4&#8243;][\/vc_column][\/vc_row][vc_row][vc_column][vc_zigzag][vc_empty_space][\/vc_column][\/vc_row][vc_row][vc_column][vc_empty_space][\/vc_column][\/vc_row][vc_row][vc_column width=&#8221;1\/4&#8243;][\/vc_column][vc_column width=&#8221;2\/4&#8243;][vc_empty_space][vc_column_text css=&#8221;.vc_custom_1757337183322{margin-top: -40px !important;}&#8221;]<\/p>\r\n<p><span style=\"font-family: verdana, geneva, sans-serif;\"><!-- \/wp:quote --><\/span><\/p>\r\n<p><span style=\"font-family: verdana, geneva, sans-serif;\"><!-- \/wp:paragraph --><\/span><\/p>\r\n<p style=\"text-align: center;\"><!-- wp:quote --><\/p>\r\n<blockquote class=\"wp-block-quote\">\r\n<p style=\"text-align: justify;\"><span style=\"font-family: verdana, geneva, sans-serif;\">Es la capacidad constante de discernimiento como consecuencia de haber sido creados por Dios en perfectibilidad. Esta conciencia conduce a la persona a donar lo mejor de s\u00ed, desarrollar talentos y habilidades para realizar propuestas de cambio sist\u00e9mico y concretarlas en nuestros CEV y en la sociedad en general. Este valor se manifiesta en la reflexi\u00f3n, en la capacidad cr\u00edtica y en las propuestas de intervenci\u00f3n que renuevan los ambientes, la convivencia y la sociedad en general.<\/span><\/p>\r\n<\/blockquote>\r\n<p><span style=\"font-family: verdana, geneva, sans-serif;\"><!-- \/wp:quote --><\/span><\/p>\r\n<p><span style=\"font-family: verdana, geneva, sans-serif;\"><!-- \/wp:paragraph --><\/span><\/p>\r\n<p>[\/vc_column_text][\/vc_column][vc_column width=&#8221;1\/4&#8243;][vc_empty_space][stm_title title_tag=&#8221;h2&#8243; title_align=&#8221;center&#8221; title=&#8221;Renovaci\u00f3n&#8221;][\/stm_title][vc_single_image image=&#8221;7686&#8243; img_size=&#8221;large&#8221;][\/vc_column][\/vc_row][vc_row][vc_column][vc_empty_space][vc_empty_space][\/vc_column][\/vc_row]<\/p><\/div>","protected":false},"excerpt":{"rendered":"<p>[vc_row][vc_column][vc_empty_space][\/vc_column][\/vc_row][vc_row][vc_column][vc_empty_space][vc_column_text] Seg\u00fan la espiritualidad vicentina-luisiana, y de acuerdo a nuestro estilo educativo, privilegiamos en nuestra formaci\u00f3n integral los siguientes valores que dan identidad a nuestro modo de vivir la fe cat\u00f3lica y el estilo formativo que desarrollamos: [\/vc_column_text][vc_empty_space][vc_empty_space][\/vc_column][\/vc_row][vc_row][vc_column width=&#8221;1\/4&#8243;][vc_empty_space][stm_title title_tag=&#8221;h2&#8243; title_align=&#8221;center&#8221; title=&#8221;Caridad&#8221;][\/stm_title][vc_single_image image=&#8221;7654&#8243; img_size=&#8221;large&#8221; alignment=&#8221;center&#8221;][\/vc_column][vc_column width=&#8221;2\/4&#8243;][vc_empty_space][vc_column_text] Elemento fundamental de la espiritualidad vicentina que articula los [&hellip;]<\/p>\n","protected":false},"author":1,"featured_media":0,"parent":0,"menu_order":0,"comment_status":"closed","ping_status":"closed","template":"","meta":{"footnotes":""},"class_list":["post-7653","page","type-page","status-publish","hentry"],"_links":{"self":[{"href":"https:\/\/escsanvicentedepaul.cl\/index.php?rest_route=\/wp\/v2\/pages\/7653","targetHints":{"allow":["GET"]}}],"collection":[{"href":"https:\/\/escsanvicentedepaul.cl\/index.php?rest_route=\/wp\/v2\/pages"}],"about":[{"href":"https:\/\/escsanvicentedepaul.cl\/index.php?rest_route=\/wp\/v2\/types\/page"}],"author":[{"embeddable":true,"href":"https:\/\/escsanvicentedepaul.cl\/index.php?rest_route=\/wp\/v2\/users\/1"}],"replies":[{"embeddable":true,"href":"https:\/\/escsanvicentedepaul.cl\/index.php?rest_route=%2Fwp%2Fv2%2Fcomments&post=7653"}],"version-history":[{"count":5,"href":"https:\/\/escsanvicentedepaul.cl\/index.php?rest_route=\/wp\/v2\/pages\/7653\/revisions"}],"predecessor-version":[{"id":7694,"href":"https:\/\/escsanvicentedepaul.cl\/index.php?rest_route=\/wp\/v2\/pages\/7653\/revisions\/7694"}],"wp:attachment":[{"href":"https:\/\/escsanvicentedepaul.cl\/index.php?rest_route=%2Fwp%2Fv2%2Fmedia&parent=7653"}],"curies":[{"name":"wp","href":"https:\/\/api.w.org\/{rel}","templated":true}]}}