{"id":7597,"date":"2025-08-28T11:58:30","date_gmt":"2025-08-28T14:58:30","guid":{"rendered":"https:\/\/escsanvicentedepaul.cl\/?page_id=7597"},"modified":"2026-04-09T09:21:06","modified_gmt":"2026-04-09T12:21:06","slug":"centro-de-recursos-para-el-aprendizaje","status":"publish","type":"page","link":"https:\/\/escsanvicentedepaul.cl\/?page_id=7597","title":{"rendered":"CRA (Centro de Recursos para el Aprendizaje)"},"content":{"rendered":"<div class=\"wpb-content-wrapper\"><p>[vc_row css=&#8221;.vc_custom_1721434304381{margin-right: 60px !important;}&#8221;][vc_column css=&#8221;.vc_custom_1728776263326{margin-top: 40px !important;margin-left: 40px !important;}&#8221;][vc_empty_space][vc_empty_space][vc_column_text]<\/p>\n<p style=\"text-align: justify;\"><span style=\"font-family: verdana, geneva, sans-serif;\">El <b>Centro de Recursos para el Aprendizaje (CRA)<\/b> es un pilar fundamental de nuestra <em>Escuela San Vicente de Pa\u00fal<\/em>, sirviendo como el coraz\u00f3n del saber y la investigaci\u00f3n para toda nuestra comunidad educativa. Es un espacio dise\u00f1ado para fomentar la curiosidad, fortalecer el conocimiento y nutrir el esp\u00edritu de cada estudiante.<\/span><\/p>\n<p>[\/vc_column_text][vc_empty_space][vc_single_image image=&#8221;7598&#8243; img_size=&#8221;full&#8221;][vc_empty_space][\/vc_column][\/vc_row][vc_row][vc_column][vc_separator color=&#8221;green&#8221;][vc_empty_space][vc_column_text]<\/p>\n<h3 style=\"text-align: justify;\"><span style=\"font-family: verdana, geneva, sans-serif;\"><b>Misi\u00f3n y Prop\u00f3sito<\/b><\/span><\/h3>\n<p style=\"text-align: justify;\"><span style=\"font-family: verdana, geneva, sans-serif;\">El CRA es un reflejo de nuestro compromiso con una educaci\u00f3n integral. Creemos que el conocimiento y nuestros valores vicentinos van de la mano. Por ello, este espacio es m\u00e1s que un lugar para encontrar informaci\u00f3n; es un punto de encuentro donde la cultura, el aprendizaje y el esp\u00edritu se unen para inspirar y formar personas con coraz\u00f3n y mente.<\/span><\/p>\n<p>[\/vc_column_text][vc_empty_space][\/vc_column][\/vc_row][vc_row][vc_column][vc_separator color=&#8221;green&#8221;][vc_empty_space][vc_column_text]<\/p>\n<h3 style=\"text-align: justify;\"><span style=\"font-family: verdana, geneva, sans-serif;\"><b>Nuestra Colecci\u00f3n y Recursos<\/b><\/span><\/h3>\n<p style=\"text-align: justify;\"><span style=\"font-family: verdana, geneva, sans-serif;\">M\u00e1s all\u00e1 de una biblioteca tradicional, nuestro CRA ofrece un vasto universo de recursos para el crecimiento intelectual y espiritual:<\/span><\/p>\n<p><span style=\"font-family: verdana, geneva, sans-serif;\"><b>\ud83d\udcda Libros y Literatura:<\/b> Una extensa colecci\u00f3n de novelas, cuentos, enciclopedias y textos de asignaturas, esenciales para el apoyo acad\u00e9mico y la formaci\u00f3n lectora.<\/span><\/p>\n<p><span style=\"font-family: verdana, geneva, sans-serif;\"><b>\ud83d\udcbb Tecnolog\u00eda para la Investigaci\u00f3n:<\/b> Equipado con computadores, el CRA es un espacio para que los estudiantes puedan realizar sus investigaciones y acceder a informaci\u00f3n digital.<\/span><\/p>\n<p><span style=\"font-family: verdana, geneva, sans-serif;\"><b>\ud83c\udfa7 Recursos Audiovisuales:<\/b> Tambi\u00e9n contamos con equipo de sonido y recursos audiovisuales, ideales para la realizaci\u00f3n de presentaciones y proyectos multimedia.<\/span><\/p>\n<p style=\"text-align: justify;\"><span style=\"font-family: verdana, geneva, sans-serif;\"><b>\ud83e\udd32 Recursos Vicentinos:<\/b> Nuestra colecci\u00f3n tambi\u00e9n incluye libros que dan vida a nuestra propia idiosincrasia, fortaleciendo el carisma y los valores que heredamos de nuestros fundadores, <b>San Vicente de Pa\u00fal<\/b> y <b>Santa Luisa de Marillac<\/b>.<\/span><\/p>\n<p>[\/vc_column_text][vc_empty_space][\/vc_column][\/vc_row][vc_row][vc_column][vc_separator color=&#8221;green&#8221;][vc_empty_space][vc_column_text]<\/p>\n<p style=\"text-align: center;\"><span style=\"font-size: 24pt;\"><strong><span style=\"font-family: verdana, geneva, sans-serif;\">Personal Encargado<\/span><\/strong><\/span><\/p>\n<p>[\/vc_column_text][vc_empty_space][\/vc_column][\/vc_row][vc_row][vc_column width=&#8221;1\/2&#8243; offset=&#8221;vc_hidden-md vc_hidden-sm&#8221;][vc_hoverbox image=&#8221;4245&#8243; primary_title=&#8221;&#8221; hover_title=&#8221;Mar\u00eda Teresa Gonz\u00e1lez&#8221; hover_background_color=&#8221;peacoc&#8221; el_width=&#8221;60&#8243; css_animation=&#8221;bounceIn&#8221; css=&#8221;.vc_custom_1775737115581{margin-right: 70px !important;margin-left: 70px !important;background-position: center !important;background-repeat: no-repeat !important;background-size: cover !important;}&#8221;][\/vc_hoverbox][\/vc_column][vc_column width=&#8221;1\/2&#8243; offset=&#8221;vc_hidden-md vc_hidden-sm&#8221;][vc_hoverbox image=&#8221;5346&#8243; primary_title=&#8221;&#8221; hover_title=&#8221;Claudia Villalobos&#8221; hover_background_color=&#8221;peacoc&#8221; css_animation=&#8221;bounceIn&#8221; css=&#8221;.vc_custom_1756392998280{margin-right: 155px !important;margin-left: 155px !important;background-position: center !important;background-repeat: no-repeat !important;background-size: cover !important;}&#8221;][\/vc_hoverbox][\/vc_column][\/vc_row][vc_row][vc_column width=&#8221;1\/2&#8243; offset=&#8221;vc_hidden-lg vc_hidden-xs&#8221;][vc_hoverbox image=&#8221;5365&#8243; primary_title=&#8221;&#8221; hover_title=&#8221;Gabriela Munizaga&#8221; hover_background_color=&#8221;peacoc&#8221; el_width=&#8221;60&#8243; css_animation=&#8221;bounceIn&#8221; css=&#8221;.vc_custom_1756392953985{margin-right: 70px !important;margin-left: 70px !important;background-position: center !important;background-repeat: no-repeat !important;background-size: cover !important;}&#8221;][\/vc_hoverbox][\/vc_column][vc_column width=&#8221;1\/2&#8243; offset=&#8221;vc_hidden-lg vc_hidden-xs&#8221;][vc_hoverbox image=&#8221;5346&#8243; primary_title=&#8221;&#8221; hover_title=&#8221;Claudia Villalobos&#8221; hover_background_color=&#8221;peacoc&#8221; css_animation=&#8221;bounceIn&#8221; css=&#8221;.vc_custom_1756393020872{margin-right: 155px !important;margin-left: 155px !important;background-position: center !important;background-repeat: no-repeat !important;background-size: cover !important;}&#8221;][\/vc_hoverbox][\/vc_column][\/vc_row][vc_row][vc_column][vc_empty_space][\/vc_column][\/vc_row][vc_row][vc_column][vc_empty_space][vc_empty_space][\/vc_column][\/vc_row][vc_row][vc_column][vc_empty_space][vc_empty_space][\/vc_column][\/vc_row][vc_row][vc_column][vc_empty_space][vc_empty_space][\/vc_column][\/vc_row]<\/p>\n<\/div>","protected":false},"excerpt":{"rendered":"<p>[vc_row css=&#8221;.vc_custom_1721434304381{margin-right: 60px !important;}&#8221;][vc_column css=&#8221;.vc_custom_1728776263326{margin-top: 40px !important;margin-left: 40px !important;}&#8221;][vc_empty_space][vc_empty_space][vc_column_text] El Centro de Recursos para el Aprendizaje (CRA) es un pilar fundamental de nuestra Escuela San Vicente de Pa\u00fal, sirviendo como el coraz\u00f3n del saber y la investigaci\u00f3n para toda nuestra comunidad educativa. Es un espacio dise\u00f1ado para fomentar la curiosidad, fortalecer el conocimiento y nutrir [&hellip;]<\/p>\n","protected":false},"author":1,"featured_media":0,"parent":0,"menu_order":0,"comment_status":"closed","ping_status":"closed","template":"","meta":{"footnotes":""},"class_list":["post-7597","page","type-page","status-publish","hentry"],"_links":{"self":[{"href":"https:\/\/escsanvicentedepaul.cl\/index.php?rest_route=\/wp\/v2\/pages\/7597","targetHints":{"allow":["GET"]}}],"collection":[{"href":"https:\/\/escsanvicentedepaul.cl\/index.php?rest_route=\/wp\/v2\/pages"}],"about":[{"href":"https:\/\/escsanvicentedepaul.cl\/index.php?rest_route=\/wp\/v2\/types\/page"}],"author":[{"embeddable":true,"href":"https:\/\/escsanvicentedepaul.cl\/index.php?rest_route=\/wp\/v2\/users\/1"}],"replies":[{"embeddable":true,"href":"https:\/\/escsanvicentedepaul.cl\/index.php?rest_route=%2Fwp%2Fv2%2Fcomments&post=7597"}],"version-history":[{"count":5,"href":"https:\/\/escsanvicentedepaul.cl\/index.php?rest_route=\/wp\/v2\/pages\/7597\/revisions"}],"predecessor-version":[{"id":8169,"href":"https:\/\/escsanvicentedepaul.cl\/index.php?rest_route=\/wp\/v2\/pages\/7597\/revisions\/8169"}],"wp:attachment":[{"href":"https:\/\/escsanvicentedepaul.cl\/index.php?rest_route=%2Fwp%2Fv2%2Fmedia&parent=7597"}],"curies":[{"name":"wp","href":"https:\/\/api.w.org\/{rel}","templated":true}]}}