{"id":6217,"date":"2024-11-22T10:28:45","date_gmt":"2024-11-22T13:28:45","guid":{"rendered":"https:\/\/escsanvicentedepaul.cl\/?page_id=6217"},"modified":"2025-04-03T14:57:19","modified_gmt":"2025-04-03T17:57:19","slug":"auxiliares-de-servicio","status":"publish","type":"page","link":"https:\/\/escsanvicentedepaul.cl\/?page_id=6217","title":{"rendered":"Auxiliares de Servicio"},"content":{"rendered":"<div class=\"wpb-content-wrapper\"><p>[vc_row css=&#8221;.vc_custom_1721434304381{margin-right: 60px !important;}&#8221;][vc_column css=&#8221;.vc_custom_1728776263326{margin-top: 40px !important;margin-left: 40px !important;}&#8221;][vc_empty_space][vc_empty_space][vc_column_text]<\/p>\n<p style=\"text-align: justify;\">En nuestra escuela, el bienestar y satisfacci\u00f3n de nuestros estudiantes son nuestra prioridad. Nuestro equipo de auxiliares de servicio altamente capacitados se dedica a crear espacios limpios, seguros y acogedores, donde puedas disfrutar de un ambiente de trabajo o hogar m\u00e1s productivo y agradable. Con una atenci\u00f3n personalizada y un compromiso inquebrantable, nos aseguramos de que cada detalle est\u00e9 cuidado al m\u00e1ximo.<\/p>\n<p>[\/vc_column_text][\/vc_column][\/vc_row][vc_row][vc_column][vc_separator color=&#8221;green&#8221;][vc_empty_space][vc_column_text]<\/p>\n<p style=\"text-align: center;\"><span style=\"font-size: 18pt; font-family: verdana, geneva, sans-serif;\"><strong>Equipo Auxiliares de Servicio<\/strong><\/span><\/p>\n<p>[\/vc_column_text][\/vc_column][\/vc_row][vc_row][vc_column][vc_empty_space][\/vc_column][\/vc_row][vc_row][vc_column width=&#8221;1\/3&#8243; offset=&#8221;vc_hidden-md vc_hidden-sm&#8221;][vc_hoverbox image=&#8221;6221&#8243; primary_title=&#8221;&#8221; hover_title=&#8221;Bernarda Morales&#8221; hover_background_color=&#8221;peacoc&#8221; el_width=&#8221;80&#8243; css_animation=&#8221;bounceIn&#8221; css=&#8221;.vc_custom_1732279180359{margin-right: 30px !important;margin-left: 30px !important;}&#8221;][\/vc_hoverbox][\/vc_column][vc_column width=&#8221;1\/3&#8243; offset=&#8221;vc_hidden-md vc_hidden-sm&#8221;][vc_hoverbox image=&#8221;6218&#8243; primary_title=&#8221;&#8221; hover_title=&#8221;Alejandra L\u00f3pez&#8221; hover_background_color=&#8221;peacoc&#8221; css_animation=&#8221;bounceIn&#8221; css=&#8221;.vc_custom_1732279226743{margin-right: 60px !important;margin-left: 60px !important;background-position: center !important;background-repeat: no-repeat !important;background-size: cover !important;}&#8221;][\/vc_hoverbox][\/vc_column][vc_column width=&#8221;1\/3&#8243; offset=&#8221;vc_hidden-md vc_hidden-sm&#8221;][vc_hoverbox image=&#8221;6222&#8243; primary_title=&#8221;&#8221; hover_title=&#8221;Doris Guerrero&#8221; hover_background_color=&#8221;peacoc&#8221; css_animation=&#8221;bounceIn&#8221; css=&#8221;.vc_custom_1732279254750{margin-right: 60px !important;margin-left: 60px !important;background-position: center !important;background-repeat: no-repeat !important;background-size: cover !important;}&#8221;][\/vc_hoverbox][\/vc_column][\/vc_row][vc_row content_placement=&#8221;middle&#8221;][vc_column width=&#8221;1\/3&#8243; offset=&#8221;vc_hidden-lg vc_hidden-xs&#8221;][vc_hoverbox image=&#8221;6221&#8243; primary_title=&#8221;&#8221; hover_title=&#8221;Bernarda Morales&#8221; hover_background_color=&#8221;peacoc&#8221; el_width=&#8221;90&#8243; css_animation=&#8221;bounceIn&#8221; css=&#8221;.vc_custom_1732279491867{margin-right: -20px !important;margin-left: -20px !important;}&#8221;][\/vc_hoverbox][\/vc_column][vc_column width=&#8221;1\/3&#8243; offset=&#8221;vc_hidden-lg vc_hidden-xs&#8221;][vc_hoverbox image=&#8221;6218&#8243; primary_title=&#8221;&#8221; hover_title=&#8221;Alejandra L\u00f3pez&#8221; hover_background_color=&#8221;peacoc&#8221; el_width=&#8221;90&#8243; css_animation=&#8221;bounceIn&#8221; css=&#8221;.vc_custom_1732279559125{margin-right: -20px !important;margin-left: -20px !important;background-position: center !important;background-repeat: no-repeat !important;background-size: cover !important;}&#8221;][\/vc_hoverbox][\/vc_column][vc_column width=&#8221;1\/3&#8243; offset=&#8221;vc_hidden-lg vc_hidden-xs&#8221;][vc_hoverbox image=&#8221;6222&#8243; primary_title=&#8221;&#8221; hover_title=&#8221;Doris Guerrero&#8221; hover_background_color=&#8221;peacoc&#8221; el_width=&#8221;90&#8243; css_animation=&#8221;bounceIn&#8221; css=&#8221;.vc_custom_1732279579525{margin-right: -20px !important;margin-left: -20px !important;}&#8221;][\/vc_hoverbox][\/vc_column][\/vc_row][vc_row][vc_column][vc_empty_space][\/vc_column][\/vc_row][vc_row][vc_column width=&#8221;1\/2&#8243; offset=&#8221;vc_hidden-md vc_hidden-sm&#8221;][vc_hoverbox image=&#8221;6225&#8243; primary_title=&#8221;&#8221; hover_title=&#8221;Roberto Rivera&#8221; hover_background_color=&#8221;peacoc&#8221; el_width=&#8221;80&#8243; css_animation=&#8221;bounceIn&#8221; css=&#8221;.vc_custom_1740659061072{margin-right: 130px !important;margin-left: 130px !important;}&#8221;][\/vc_hoverbox][\/vc_column][vc_column width=&#8221;1\/2&#8243; offset=&#8221;vc_hidden-md vc_hidden-sm&#8221;][vc_hoverbox image=&#8221;6226&#8243; primary_title=&#8221;&#8221; hover_title=&#8221;Sergio \u00c1vila&#8221; hover_background_color=&#8221;peacoc&#8221; css_animation=&#8221;bounceIn&#8221; css=&#8221;.vc_custom_1743703017454{margin-right: 160px !important;margin-left: 160px !important;background-position: center !important;background-repeat: no-repeat !important;background-size: cover !important;}&#8221;][\/vc_hoverbox][\/vc_column][\/vc_row][vc_row][vc_column width=&#8221;1\/2&#8243; offset=&#8221;vc_hidden-lg vc_hidden-xs&#8221;][vc_hoverbox image=&#8221;6225&#8243; primary_title=&#8221;&#8221; hover_title=&#8221;Roberto Rivera&#8221; hover_background_color=&#8221;peacoc&#8221; el_width=&#8221;90&#8243; css_animation=&#8221;bounceIn&#8221; css=&#8221;.vc_custom_1740659035175{margin-right: 160px !important;margin-left: 160px !important;}&#8221;][\/vc_hoverbox][\/vc_column][vc_column width=&#8221;1\/2&#8243; offset=&#8221;vc_hidden-lg vc_hidden-xs&#8221;][vc_hoverbox image=&#8221;6226&#8243; primary_title=&#8221;&#8221; hover_title=&#8221;Sergio \u00c1vila&#8221; hover_background_color=&#8221;peacoc&#8221; el_width=&#8221;90&#8243; css_animation=&#8221;bounceIn&#8221; css=&#8221;.vc_custom_1743703035785{margin-right: -20px !important;margin-left: -20px !important;background-position: center !important;background-repeat: no-repeat !important;background-size: cover !important;}&#8221;][\/vc_hoverbox][\/vc_column][\/vc_row][vc_row][vc_column][vc_empty_space][\/vc_column][\/vc_row][vc_row][vc_column width=&#8221;1\/3&#8243; offset=&#8221;vc_hidden-md vc_hidden-sm&#8221;][vc_hoverbox image=&#8221;6219&#8243; primary_title=&#8221;&#8221; hover_title=&#8221;Alicia Paredes&#8221; hover_background_color=&#8221;peacoc&#8221; el_width=&#8221;80&#8243; css_animation=&#8221;bounceIn&#8221; css=&#8221;.vc_custom_1732279284025{margin-right: 30px !important;margin-left: 30px !important;}&#8221;][\/vc_hoverbox][\/vc_column][vc_column width=&#8221;1\/3&#8243; offset=&#8221;vc_hidden-md vc_hidden-sm&#8221;][vc_hoverbox image=&#8221;6220&#8243; primary_title=&#8221;&#8221; hover_title=&#8221;Ana Maffei&#8221; hover_background_color=&#8221;peacoc&#8221; css_animation=&#8221;bounceIn&#8221; css=&#8221;.vc_custom_1732279314801{margin-right: 60px !important;margin-left: 60px !important;background-position: center !important;background-repeat: no-repeat !important;background-size: cover !important;}&#8221;][\/vc_hoverbox][\/vc_column][vc_column width=&#8221;1\/3&#8243; offset=&#8221;vc_hidden-md vc_hidden-sm&#8221;][vc_hoverbox image=&#8221;6224&#8243; primary_title=&#8221;&#8221; hover_title=&#8221;Juana Acevedo&#8221; hover_background_color=&#8221;peacoc&#8221; css_animation=&#8221;bounceIn&#8221; css=&#8221;.vc_custom_1732279451850{margin-right: 60px !important;margin-left: 60px !important;background-position: center !important;background-repeat: no-repeat !important;background-size: cover !important;}&#8221;][\/vc_hoverbox][\/vc_column][\/vc_row][vc_row][vc_column width=&#8221;1\/3&#8243; offset=&#8221;vc_hidden-lg vc_hidden-xs&#8221;][vc_hoverbox image=&#8221;6219&#8243; primary_title=&#8221;&#8221; hover_title=&#8221;Alicia Paredes&#8221; hover_background_color=&#8221;peacoc&#8221; el_width=&#8221;90&#8243; css_animation=&#8221;bounceIn&#8221; css=&#8221;.vc_custom_1732279411978{margin-right: -20px !important;margin-left: -20px !important;}&#8221;][\/vc_hoverbox][\/vc_column][vc_column width=&#8221;1\/3&#8243; offset=&#8221;vc_hidden-lg vc_hidden-xs&#8221;][vc_hoverbox image=&#8221;6220&#8243; primary_title=&#8221;&#8221; hover_title=&#8221;Ana Maffei&#8221; hover_background_color=&#8221;peacoc&#8221; el_width=&#8221;90&#8243; css_animation=&#8221;bounceIn&#8221; css=&#8221;.vc_custom_1732279432826{margin-right: -20px !important;margin-left: -20px !important;background-position: center !important;background-repeat: no-repeat !important;background-size: cover !important;}&#8221;][\/vc_hoverbox][\/vc_column][vc_column width=&#8221;1\/3&#8243; offset=&#8221;vc_hidden-lg vc_hidden-xs&#8221;][vc_hoverbox image=&#8221;5344&#8243; primary_title=&#8221;&#8221; hover_title=&#8221;Jocelyn Rojas&#8221; hover_background_color=&#8221;peacoc&#8221; css_animation=&#8221;bounceIn&#8221; css=&#8221;.vc_custom_1731510906291{margin-right: -20px !important;margin-left: -20px !important;background-position: center !important;background-repeat: no-repeat !important;background-size: cover !important;}&#8221;][\/vc_hoverbox][\/vc_column][\/vc_row][vc_row][vc_column][vc_empty_space][\/vc_column][\/vc_row][vc_row][vc_column][vc_empty_space][\/vc_column][\/vc_row][vc_row][vc_column][vc_empty_space][vc_empty_space][\/vc_column][\/vc_row][vc_row][vc_column][vc_empty_space][\/vc_column][\/vc_row]<\/p>\n<\/div>","protected":false},"excerpt":{"rendered":"<p>[vc_row css=&#8221;.vc_custom_1721434304381{margin-right: 60px !important;}&#8221;][vc_column css=&#8221;.vc_custom_1728776263326{margin-top: 40px !important;margin-left: 40px !important;}&#8221;][vc_empty_space][vc_empty_space][vc_column_text] En nuestra escuela, el bienestar y satisfacci\u00f3n de nuestros estudiantes son nuestra prioridad. Nuestro equipo de auxiliares de servicio altamente capacitados se dedica a crear espacios limpios, seguros y acogedores, donde puedas disfrutar de un ambiente de trabajo o hogar m\u00e1s productivo y agradable. Con una [&hellip;]<\/p>\n","protected":false},"author":1,"featured_media":0,"parent":0,"menu_order":0,"comment_status":"closed","ping_status":"closed","template":"","meta":{"footnotes":""},"class_list":["post-6217","page","type-page","status-publish","hentry"],"_links":{"self":[{"href":"https:\/\/escsanvicentedepaul.cl\/index.php?rest_route=\/wp\/v2\/pages\/6217","targetHints":{"allow":["GET"]}}],"collection":[{"href":"https:\/\/escsanvicentedepaul.cl\/index.php?rest_route=\/wp\/v2\/pages"}],"about":[{"href":"https:\/\/escsanvicentedepaul.cl\/index.php?rest_route=\/wp\/v2\/types\/page"}],"author":[{"embeddable":true,"href":"https:\/\/escsanvicentedepaul.cl\/index.php?rest_route=\/wp\/v2\/users\/1"}],"replies":[{"embeddable":true,"href":"https:\/\/escsanvicentedepaul.cl\/index.php?rest_route=%2Fwp%2Fv2%2Fcomments&post=6217"}],"version-history":[{"count":5,"href":"https:\/\/escsanvicentedepaul.cl\/index.php?rest_route=\/wp\/v2\/pages\/6217\/revisions"}],"predecessor-version":[{"id":6542,"href":"https:\/\/escsanvicentedepaul.cl\/index.php?rest_route=\/wp\/v2\/pages\/6217\/revisions\/6542"}],"wp:attachment":[{"href":"https:\/\/escsanvicentedepaul.cl\/index.php?rest_route=%2Fwp%2Fv2%2Fmedia&parent=6217"}],"curies":[{"name":"wp","href":"https:\/\/api.w.org\/{rel}","templated":true}]}}