{"id":5706,"date":"2024-10-22T12:36:13","date_gmt":"2024-10-22T15:36:13","guid":{"rendered":"https:\/\/escsanvicentedepaul.cl\/?page_id=5706"},"modified":"2025-08-28T11:07:07","modified_gmt":"2025-08-28T14:07:07","slug":"centro-de-estudiantes-2024","status":"publish","type":"page","link":"https:\/\/escsanvicentedepaul.cl\/?page_id=5706","title":{"rendered":"CEAL (Centro de Alumnos) 2025"},"content":{"rendered":"<div class=\"wpb-content-wrapper\"><p>[vc_row css=&#8221;.vc_custom_1721434304381{margin-right: 60px !important;}&#8221;][vc_column width=&#8221;4\/6&#8243; css=&#8221;.vc_custom_1728829217204{margin-top: 40px !important;}&#8221; offset=&#8221;vc_hidden-md vc_hidden-sm vc_hidden-xs&#8221;][vc_empty_space][vc_column_text]<\/p>\n<p style=\"text-align: justify;\"><span style=\"font-family: verdana, geneva, sans-serif;\">En el Centro de Estudiantes de nuestra escuela, nos comprometemos a crear un espacio de di\u00e1logo y colaboraci\u00f3n entre todos los estudiantes, promoviendo un ambiente inclusivo y participativo. Con un enfoque en nuestro carisma, creando siempre un espacio de di\u00e1logo inclusivo entre toda la comunidad estudiantil, trabajando siempre para fomentar Nuestros Valores Vicentinos como el servir, la solidaridad, respeto y compromiso.<\/span><\/p>\n<p style=\"text-align: justify;\"><span style=\"font-family: verdana, geneva, sans-serif;\">Nuestro equipo este a\u00f1o 2025, conformado por <b>Pascal Orquera Zu\u00f1iga, Isidora Gordillo Villacorta, Valentina Maluenda Aguilera, B\u00e1rbara J\u00f3fre Neyra, Victoria Barrionuevo Rojas y Tom\u00e1s Colman Nu\u00f1ez<\/b>, acompa\u00f1ado por la profesora <strong>Adelina V\u00e1squez Villafa\u00f1a (Asesora)<\/strong>; est\u00e1 aqu\u00ed para representar y escuchar a cada uno de ustedes, asegurando que sus voces sean escuchadas y sus ideas, valoradas.\u00a0<\/span><\/p>\n<p>[\/vc_column_text][vc_empty_space][vc_single_image image=&#8221;7493&#8243; img_size=&#8221;full&#8221;][vc_column_text]<\/p>\n<p style=\"text-align: justify;\"><span style=\"font-family: verdana, geneva, sans-serif; font-size: 8pt;\">De izquierda a derecha: <b>B\u00e1rbara J\u00f3fre Neyra, Victoria Barrionuevo Rojas, Pascal Orquera Zu\u00f1iga, Isidora Gordillo Villacorta, Valentina Maluenda Aguilera y Profesora Adelina V\u00e1squez Villafa\u00f1a.<\/b><\/span><\/p>\n<p style=\"text-align: justify;\"><span style=\"font-family: verdana, geneva, sans-serif; font-size: 8pt;\">.<\/span><\/p>\n<p>[\/vc_column_text][vc_empty_space][\/vc_column][vc_column width=&#8221;2\/6&#8243;][vc_empty_space][vc_empty_space][vc_empty_space][vc_single_image image=&#8221;5709&#8243; img_size=&#8221;medium&#8221; alignment=&#8221;right&#8221; onclick=&#8221;custom_link&#8221; link=&#8221;https:\/\/www.sistemadeadmisionescolar.cl\/&#8221;][vc_empty_space][vc_single_image image=&#8221;5830&#8243; img_size=&#8221;medium&#8221; alignment=&#8221;center&#8221; onclick=&#8221;custom_link&#8221; link=&#8221;https:\/\/famvin.org\/es\/&#8221;][vc_empty_space][vc_single_image image=&#8221;5701&#8243; img_size=&#8221;medium&#8221; alignment=&#8221;center&#8221; onclick=&#8221;custom_link&#8221; link=&#8221;https:\/\/www.hijasdelacaridad.net\/&#8221;][vc_empty_space][vc_single_image image=&#8221;5831&#8243; img_size=&#8221;medium&#8221; alignment=&#8221;center&#8221; onclick=&#8221;custom_link&#8221; link=&#8221;https:\/\/jmvchile.com\/&#8221;][\/vc_column][\/vc_row][vc_row css=&#8221;.vc_custom_1721434304381{margin-right: 60px !important;}&#8221;][vc_column width=&#8221;4\/6&#8243; css=&#8221;.vc_custom_1728829217204{margin-top: 40px !important;}&#8221; offset=&#8221;vc_hidden-md vc_hidden-sm vc_hidden-xs&#8221;][\/vc_column][vc_column width=&#8221;2\/6&#8243;][vc_empty_space][\/vc_column][\/vc_row][vc_row][vc_column width=&#8221;2\/3&#8243;][vc_empty_space][\/vc_column][vc_column width=&#8221;1\/3&#8243;][\/vc_column][\/vc_row][vc_row][vc_column][vc_empty_space][\/vc_column][\/vc_row][vc_row][vc_column width=&#8221;4\/6&#8243;][\/vc_column][vc_column width=&#8221;1\/6&#8243;][\/vc_column][vc_column width=&#8221;1\/6&#8243;][\/vc_column][\/vc_row][vc_row][vc_column][vc_empty_space][vc_empty_space][\/vc_column][\/vc_row][vc_row][vc_column][vc_empty_space][\/vc_column][\/vc_row]<\/p>\n<\/div>","protected":false},"excerpt":{"rendered":"<p>[vc_row css=&#8221;.vc_custom_1721434304381{margin-right: 60px !important;}&#8221;][vc_column width=&#8221;4\/6&#8243; css=&#8221;.vc_custom_1728829217204{margin-top: 40px !important;}&#8221; offset=&#8221;vc_hidden-md vc_hidden-sm vc_hidden-xs&#8221;][vc_empty_space][vc_column_text] En el Centro de Estudiantes de nuestra escuela, nos comprometemos a crear un espacio de di\u00e1logo y colaboraci\u00f3n entre todos los estudiantes, promoviendo un ambiente inclusivo y participativo. Con un enfoque en nuestro carisma, creando siempre un espacio de di\u00e1logo inclusivo entre toda la [&hellip;]<\/p>\n","protected":false},"author":1,"featured_media":0,"parent":0,"menu_order":0,"comment_status":"closed","ping_status":"closed","template":"","meta":{"footnotes":""},"class_list":["post-5706","page","type-page","status-publish","hentry"],"_links":{"self":[{"href":"https:\/\/escsanvicentedepaul.cl\/index.php?rest_route=\/wp\/v2\/pages\/5706","targetHints":{"allow":["GET"]}}],"collection":[{"href":"https:\/\/escsanvicentedepaul.cl\/index.php?rest_route=\/wp\/v2\/pages"}],"about":[{"href":"https:\/\/escsanvicentedepaul.cl\/index.php?rest_route=\/wp\/v2\/types\/page"}],"author":[{"embeddable":true,"href":"https:\/\/escsanvicentedepaul.cl\/index.php?rest_route=\/wp\/v2\/users\/1"}],"replies":[{"embeddable":true,"href":"https:\/\/escsanvicentedepaul.cl\/index.php?rest_route=%2Fwp%2Fv2%2Fcomments&post=5706"}],"version-history":[{"count":5,"href":"https:\/\/escsanvicentedepaul.cl\/index.php?rest_route=\/wp\/v2\/pages\/5706\/revisions"}],"predecessor-version":[{"id":7596,"href":"https:\/\/escsanvicentedepaul.cl\/index.php?rest_route=\/wp\/v2\/pages\/5706\/revisions\/7596"}],"wp:attachment":[{"href":"https:\/\/escsanvicentedepaul.cl\/index.php?rest_route=%2Fwp%2Fv2%2Fmedia&parent=5706"}],"curies":[{"name":"wp","href":"https:\/\/api.w.org\/{rel}","templated":true}]}}