{"id":5619,"date":"2024-10-20T14:00:49","date_gmt":"2024-10-20T17:00:49","guid":{"rendered":"https:\/\/escsanvicentedepaul.cl\/?page_id=5619"},"modified":"2024-10-28T10:05:49","modified_gmt":"2024-10-28T13:05:49","slug":"ley-n-21-545","status":"publish","type":"page","link":"https:\/\/escsanvicentedepaul.cl\/?page_id=5619","title":{"rendered":"Ley N\u00b0 21.545"},"content":{"rendered":"<div class=\"wpb-content-wrapper\"><p>[vc_row][vc_column][vc_empty_space][\/vc_column][\/vc_row][vc_row][vc_column][vc_single_image image=&#8221;5636&#8243; img_size=&#8221;1900&#215;800&#8243; add_caption=&#8221;yes&#8221; alignment=&#8221;center&#8221; style=&#8221;vc_box_shadow_3d&#8221;][\/vc_column][\/vc_row][vc_row][vc_column][vc_column_text]<\/p>\n<p style=\"text-align: justify;\"><span style=\"font-family: verdana, geneva, sans-serif;\">Nuestra comunidad educativa se compromete de manera activa a la inclusi\u00f3n de estudiantes del espectro autista. Alineados con nuestros valores vicentinos, nuestro enfoque hacia los estudiantes con TEA (trastorno del espectro autista) se basa en el respeto mutuo y el trato digno para todos los miembros de la comunidad.<\/span><\/p>\n<div class=\"group\/conversation-turn relative flex w-full min-w-0 flex-col agent-turn\">\n<div class=\"flex-col gap-1 md:gap-3\">\n<div class=\"flex max-w-full flex-col flex-grow\">\n<div class=\"min-h-8 text-message flex w-full flex-col items-end gap-2 whitespace-normal break-words [.text-message+&amp;]:mt-5\" dir=\"auto\" data-message-author-role=\"assistant\" data-message-id=\"23395dac-d0b8-4c4e-a51e-95c17e30d621\" data-message-model-slug=\"gpt-4o-mini\">\n<div class=\"flex w-full flex-col gap-1 empty:hidden first:pt-[3px]\">\n<div class=\"markdown prose w-full break-words dark:prose-invert light\">\n<p style=\"text-align: justify;\">\n<\/div>\n<\/div>\n<\/div>\n<\/div>\n<\/div>\n<\/div>\n<p>[\/vc_column_text][\/vc_column][\/vc_row][vc_row][vc_column][vc_column_text]<\/p>\n<p style=\"text-align: justify;\"><span style=\"font-family: verdana, geneva, sans-serif;\">La Ley 21.545 tiene como objetivo garantizar el derecho a la igualdad de oportunidades y asegurar una educaci\u00f3n inclusiva para ni\u00f1os, ni\u00f1as, adolescentes y personas adultas con TEA. Busca erradicar cualquier forma de discriminaci\u00f3n, promover un abordaje integral en los \u00e1mbitos social, de la salud y educativo, y sensibilizar a la sociedad sobre la importancia de la inclusi\u00f3n y el respeto hacia estas personas.<\/span><\/p>\n<p>[\/vc_column_text][\/vc_column][\/vc_row][vc_row][vc_column][vc_empty_space][\/vc_column][\/vc_row][vc_row][vc_column][vc_single_image image=&#8221;5644&#8243; img_size=&#8221;full&#8221; alignment=&#8221;center&#8221;][\/vc_column][\/vc_row][vc_row][vc_column][vc_single_image image=&#8221;5642&#8243; img_size=&#8221;full&#8221; alignment=&#8221;center&#8221;][\/vc_column][\/vc_row][vc_row][vc_column][vc_empty_space][\/vc_column][\/vc_row]<\/p>\n<\/div>","protected":false},"excerpt":{"rendered":"<p>[vc_row][vc_column][vc_empty_space][\/vc_column][\/vc_row][vc_row][vc_column][vc_single_image image=&#8221;5636&#8243; img_size=&#8221;1900&#215;800&#8243; add_caption=&#8221;yes&#8221; alignment=&#8221;center&#8221; style=&#8221;vc_box_shadow_3d&#8221;][\/vc_column][\/vc_row][vc_row][vc_column][vc_column_text] Nuestra comunidad educativa se compromete de manera activa a la inclusi\u00f3n de estudiantes del espectro autista. Alineados con nuestros valores vicentinos, nuestro enfoque hacia los estudiantes con TEA (trastorno del espectro autista) se basa en el respeto mutuo y el trato digno para todos los miembros de la comunidad. [&hellip;]<\/p>\n","protected":false},"author":1,"featured_media":0,"parent":0,"menu_order":0,"comment_status":"closed","ping_status":"closed","template":"","meta":{"footnotes":""},"class_list":["post-5619","page","type-page","status-publish","hentry"],"_links":{"self":[{"href":"https:\/\/escsanvicentedepaul.cl\/index.php?rest_route=\/wp\/v2\/pages\/5619","targetHints":{"allow":["GET"]}}],"collection":[{"href":"https:\/\/escsanvicentedepaul.cl\/index.php?rest_route=\/wp\/v2\/pages"}],"about":[{"href":"https:\/\/escsanvicentedepaul.cl\/index.php?rest_route=\/wp\/v2\/types\/page"}],"author":[{"embeddable":true,"href":"https:\/\/escsanvicentedepaul.cl\/index.php?rest_route=\/wp\/v2\/users\/1"}],"replies":[{"embeddable":true,"href":"https:\/\/escsanvicentedepaul.cl\/index.php?rest_route=%2Fwp%2Fv2%2Fcomments&post=5619"}],"version-history":[{"count":5,"href":"https:\/\/escsanvicentedepaul.cl\/index.php?rest_route=\/wp\/v2\/pages\/5619\/revisions"}],"predecessor-version":[{"id":5647,"href":"https:\/\/escsanvicentedepaul.cl\/index.php?rest_route=\/wp\/v2\/pages\/5619\/revisions\/5647"}],"wp:attachment":[{"href":"https:\/\/escsanvicentedepaul.cl\/index.php?rest_route=%2Fwp%2Fv2%2Fmedia&parent=5619"}],"curies":[{"name":"wp","href":"https:\/\/api.w.org\/{rel}","templated":true}]}}