{"id":5599,"date":"2024-10-19T16:20:31","date_gmt":"2024-10-19T19:20:31","guid":{"rendered":"https:\/\/escsanvicentedepaul.cl\/?page_id=5599"},"modified":"2025-02-27T09:27:40","modified_gmt":"2025-02-27T12:27:40","slug":"directorio-de-la-fundacion","status":"publish","type":"page","link":"https:\/\/escsanvicentedepaul.cl\/?page_id=5599","title":{"rendered":"Directorio de la Fundaci\u00f3n"},"content":{"rendered":"<div class=\"wpb-content-wrapper\"><p>[vc_row css=&#8221;.vc_custom_1721434304381{margin-right: 60px !important;}&#8221;][vc_column width=&#8221;1\/4&#8243; css=&#8221;.vc_custom_1731522422303{margin-top: 80px !important;}&#8221; offset=&#8221;vc_hidden-md vc_hidden-sm vc_hidden-xs&#8221;][vc_single_image image=&#8221;5701&#8243; img_size=&#8221;medium&#8221; css=&#8221;.vc_custom_1731522374467{margin-top: 80px !important;margin-left: 20px !important;}&#8221;][\/vc_column][vc_column width=&#8221;3\/4&#8243; offset=&#8221;vc_hidden-md vc_hidden-sm vc_hidden-xs&#8221;][vc_empty_space][vc_empty_space][vc_empty_space][vc_empty_space][vc_empty_space][vc_empty_space][vc_column_text]<\/p>\n<p style=\"text-align: justify;\"><span style=\"font-family: verdana, geneva, sans-serif;\">El Directorio es un \u00f3rgano colegiado de la Provincia, que bajo la dependencia y autoridad de la Visitadora y el Consejo Provincial de las Hijas de la Caridad, participa en la direcci\u00f3n y gesti\u00f3n de las Fundaciones Educacionales de Chile de las cuales forma parte La Escuela San Vicente de Pa\u00fal, velando desde el Carisma Vicentino por el car\u00e1cter propio de los mismos centros educativos vicentinos.<\/span><\/p>\n<p>[\/vc_column_text][\/vc_column][\/vc_row][vc_row css=&#8221;.vc_custom_1721434304381{margin-right: 60px !important;}&#8221;][vc_column width=&#8221;1\/4&#8243; css=&#8221;.vc_custom_1731522451550{margin-top: 40px !important;margin-bottom: -20px !important;margin-left: 60px !important;}&#8221; offset=&#8221;vc_hidden-lg&#8221;][vc_single_image image=&#8221;5701&#8243; img_size=&#8221;medium&#8221; css=&#8221;.vc_custom_1731521902103{margin-left: 60px !important;}&#8221;][\/vc_column][vc_column width=&#8221;3\/4&#8243; offset=&#8221;vc_hidden-lg&#8221; css=&#8221;.vc_custom_1731521805151{margin-left: 40px !important;}&#8221;][vc_empty_space][vc_column_text]<\/p>\n<p style=\"text-align: justify;\"><span style=\"font-family: verdana, geneva, sans-serif;\">El Directorio es un \u00f3rgano colegiado de la Provincia, que bajo la dependencia y autoridad de la Visitadora y el Consejo Provincial de las Hijas de la Caridad, participa en la direcci\u00f3n y gesti\u00f3n de las Fundaciones Educacionales de Chile de las cuales forma parte La Escuela San Vicente de Pa\u00fal, velando desde el Carisma Vicentino por el car\u00e1cter propio de los mismos centros educativos vicentinos.<\/span><\/p>\n<p>[\/vc_column_text][\/vc_column][\/vc_row][vc_row][vc_column][vc_empty_space][vc_separator color=&#8221;green&#8221;][vc_empty_space][vc_column_text]<\/p>\n<p style=\"text-align: center;\"><strong><span style=\"font-family: verdana, geneva, sans-serif; font-size: 18pt;\">DIRECTORIO DE LA FUNDACI\u00d3N<\/span><\/strong><\/p>\n<p>[\/vc_column_text][\/vc_column][\/vc_row][vc_row][vc_column width=&#8221;1\/4&#8243; offset=&#8221;vc_hidden-md vc_hidden-sm vc_hidden-xs&#8221;][\/vc_column][vc_column width=&#8221;2\/4&#8243;][vc_empty_space][vc_column_text]<\/p>\n<table style=\"height: 225px; width: 103.492%;\">\n<tbody>\n<tr style=\"height: 24px;\">\n<td style=\"height: 24px; width: 38.8964%;\"><span style=\"font-family: verdana, geneva, sans-serif;\"><strong>Consejera de Educaci\u00f3n y Directora<\/strong><\/span><\/td>\n<td style=\"height: 24px; width: 29.3405%;\"><span style=\"font-family: verdana, geneva, sans-serif;\">Hna. Raquel Argel<\/span><\/td>\n<\/tr>\n<tr style=\"height: 24px;\">\n<td style=\"height: 24px; width: 38.8964%;\"><span style=\"font-family: verdana, geneva, sans-serif;\"><strong>Presidenta del Directorio<\/strong><\/span><\/td>\n<td style=\"height: 24px; width: 29.3405%;\"><span style=\"font-family: verdana, geneva, sans-serif;\">Hna. Celmira Tapia<\/span><\/td>\n<\/tr>\n<tr style=\"height: 24px;\">\n<td style=\"height: 24px; width: 38.8964%;\"><span style=\"font-family: verdana, geneva, sans-serif;\"><strong>Vicepresidente del Directorio<\/strong><\/span><\/td>\n<td style=\"height: 24px; width: 29.3405%;\"><span style=\"font-family: verdana, geneva, sans-serif;\">Rigoberto Barrera<\/span><\/td>\n<\/tr>\n<tr style=\"height: 24px;\">\n<td style=\"height: 24px; width: 38.8964%;\"><span style=\"font-family: verdana, geneva, sans-serif;\"><strong>Tesorera del Directorio<\/strong><\/span><\/td>\n<td style=\"height: 24px; width: 29.3405%;\"><span style=\"font-family: verdana, geneva, sans-serif;\">Hna. Carmen Gloria Acevedo<\/span><\/td>\n<\/tr>\n<tr style=\"height: 24px;\">\n<td style=\"height: 24px; width: 38.8964%;\"><span style=\"font-family: verdana, geneva, sans-serif;\"><strong>Directora del Directorio<\/strong><\/span><\/td>\n<td style=\"height: 24px; width: 29.3405%;\"><span style=\"font-family: verdana, geneva, sans-serif;\">Hna. Jeannette Mart\u00ednez<\/span><\/td>\n<\/tr>\n<tr style=\"height: 24px;\">\n<td style=\"height: 24px; width: 38.8964%;\"><span style=\"font-family: verdana, geneva, sans-serif;\"><strong>Directora del Directorio<\/strong><\/span><\/td>\n<td style=\"height: 24px; width: 29.3405%;\"><span style=\"font-family: verdana, geneva, sans-serif;\">Sandra Espinoza<\/span><\/td>\n<\/tr>\n<tr style=\"height: 24px;\">\n<td style=\"height: 24px; width: 38.8964%;\"><span style=\"font-family: verdana, geneva, sans-serif;\"><strong>Secretaria del Directorio<\/strong><\/span><\/td>\n<td style=\"height: 24px; width: 29.3405%;\"><span style=\"font-family: verdana, geneva, sans-serif;\">Mar\u00eda Luisa Puebla<\/span><\/td>\n<\/tr>\n<\/tbody>\n<\/table>\n<p>[\/vc_column_text][vc_empty_space][\/vc_column][vc_column width=&#8221;1\/4&#8243;][\/vc_column][\/vc_row][vc_row][vc_column][vc_empty_space][vc_empty_space][vc_separator color=&#8221;chino&#8221;][vc_empty_space][\/vc_column][\/vc_row][vc_row][vc_column width=&#8221;1\/2&#8243; offset=&#8221;vc_hidden-md vc_hidden-sm vc_hidden-xs&#8221;][vc_empty_space][vc_empty_space][vc_empty_space][vc_empty_space][\/vc_column][vc_column width=&#8221;1\/2&#8243; offset=&#8221;vc_hidden-md vc_hidden-sm vc_hidden-xs&#8221;][vc_empty_space][vc_empty_space][vc_empty_space][vc_empty_space][\/vc_column][\/vc_row][vc_row][vc_column][vc_empty_space][vc_empty_space][vc_empty_space][\/vc_column][\/vc_row][vc_row][vc_column][\/vc_column][\/vc_row]<\/p>\n<\/div>","protected":false},"excerpt":{"rendered":"<p>[vc_row css=&#8221;.vc_custom_1721434304381{margin-right: 60px !important;}&#8221;][vc_column width=&#8221;1\/4&#8243; css=&#8221;.vc_custom_1731522422303{margin-top: 80px !important;}&#8221; offset=&#8221;vc_hidden-md vc_hidden-sm vc_hidden-xs&#8221;][vc_single_image image=&#8221;5701&#8243; img_size=&#8221;medium&#8221; css=&#8221;.vc_custom_1731522374467{margin-top: 80px !important;margin-left: 20px !important;}&#8221;][\/vc_column][vc_column width=&#8221;3\/4&#8243; offset=&#8221;vc_hidden-md vc_hidden-sm vc_hidden-xs&#8221;][vc_empty_space][vc_empty_space][vc_empty_space][vc_empty_space][vc_empty_space][vc_empty_space][vc_column_text] El Directorio es un \u00f3rgano colegiado de la Provincia, que bajo la dependencia y autoridad de la Visitadora y el Consejo Provincial de las Hijas de la Caridad, participa en la direcci\u00f3n y [&hellip;]<\/p>\n","protected":false},"author":1,"featured_media":0,"parent":0,"menu_order":0,"comment_status":"closed","ping_status":"closed","template":"","meta":{"footnotes":""},"class_list":["post-5599","page","type-page","status-publish","hentry"],"_links":{"self":[{"href":"https:\/\/escsanvicentedepaul.cl\/index.php?rest_route=\/wp\/v2\/pages\/5599","targetHints":{"allow":["GET"]}}],"collection":[{"href":"https:\/\/escsanvicentedepaul.cl\/index.php?rest_route=\/wp\/v2\/pages"}],"about":[{"href":"https:\/\/escsanvicentedepaul.cl\/index.php?rest_route=\/wp\/v2\/types\/page"}],"author":[{"embeddable":true,"href":"https:\/\/escsanvicentedepaul.cl\/index.php?rest_route=\/wp\/v2\/users\/1"}],"replies":[{"embeddable":true,"href":"https:\/\/escsanvicentedepaul.cl\/index.php?rest_route=%2Fwp%2Fv2%2Fcomments&post=5599"}],"version-history":[{"count":5,"href":"https:\/\/escsanvicentedepaul.cl\/index.php?rest_route=\/wp\/v2\/pages\/5599\/revisions"}],"predecessor-version":[{"id":6545,"href":"https:\/\/escsanvicentedepaul.cl\/index.php?rest_route=\/wp\/v2\/pages\/5599\/revisions\/6545"}],"wp:attachment":[{"href":"https:\/\/escsanvicentedepaul.cl\/index.php?rest_route=%2Fwp%2Fv2%2Fmedia&parent=5599"}],"curies":[{"name":"wp","href":"https:\/\/api.w.org\/{rel}","templated":true}]}}