{"id":4592,"date":"2024-08-11T18:39:50","date_gmt":"2024-08-11T21:39:50","guid":{"rendered":"https:\/\/escsanvicentedepaul.cl\/?page_id=4592"},"modified":"2026-04-15T13:02:28","modified_gmt":"2026-04-15T16:02:28","slug":"oracion-diaria","status":"publish","type":"page","link":"https:\/\/escsanvicentedepaul.cl\/?page_id=4592","title":{"rendered":"Oraci\u00f3n Diaria"},"content":{"rendered":"<div class=\"wpb-content-wrapper\"><p>[vc_row][vc_column][vc_empty_space][\/vc_column][\/vc_row][vc_row][vc_column][vc_column_text]<\/p>\n<p style=\"text-align: justify;\"><span style=\"font-family: verdana, geneva, sans-serif;\">Bienvenidos a la secci\u00f3n de Oraci\u00f3n Diaria de la Escuela San Vicente de Pa\u00fal, un espacio donde nuestra comunidad educativa se une en reflexi\u00f3n y espiritualidad. Cada d\u00eda, nos encontramos en un acto de fe y gratitud, reconociendo la importancia de la oraci\u00f3n en nuestras vidas. A trav\u00e9s de estas oraciones, fortalecemos nuestros lazos, inspiramos el aprendizaje y cultivamos un ambiente de respeto y amor.<\/span><\/p>\n<p style=\"text-align: justify;\"><span style=\"font-family: verdana, geneva, sans-serif;\">Te invitamos a participar y a abrir tu coraz\u00f3n, permitiendo que la luz de la espiritualidad gu\u00ede nuestro camino diario.<\/span><\/p>\n<p>[\/vc_column_text][\/vc_column][\/vc_row][vc_row][vc_column][\/vc_column][\/vc_row][vc_row][vc_column][vc_empty_space][vc_raw_html]aHR0cHMlM0ElMkYlMkZ2aWV3LmdlbmlhbGx5LmNvbSUyRjY5YTA2YzJmMTBkYzUxNjdjYzk5YTU3NA==[\/vc_raw_html][vc_column_text]<\/p>\n<p style=\"text-align: center;\"><span style=\"font-family: verdana, geneva, sans-serif;\">Si no puedes visualizar de forma correcta el panel de las oraciones de la ma\u00f1ana, pincha <a href=\"https:\/\/view.genially.com\/668ff3a2857a585e9c35b8a2\/guide-calendario-anual-2024\"><strong>AQUI<\/strong><\/a><\/span><\/p>\n<p>[\/vc_column_text][\/vc_column][\/vc_row][vc_row][vc_column][vc_empty_space][stm_separator separator_icon_library=&#8221;openiconic&#8221;][\/vc_column][\/vc_row][vc_row disable_element=&#8221;yes&#8221;][vc_column][vc_column_text]https:\/\/view.genially.com\/66d66fd1b1aabb6a7c5ad8a5[\/vc_column_text][\/vc_column][\/vc_row]<\/p>\n<\/div>","protected":false},"excerpt":{"rendered":"<p>[vc_row][vc_column][vc_empty_space][\/vc_column][\/vc_row][vc_row][vc_column][vc_column_text] Bienvenidos a la secci\u00f3n de Oraci\u00f3n Diaria de la Escuela San Vicente de Pa\u00fal, un espacio donde nuestra comunidad educativa se une en reflexi\u00f3n y espiritualidad. Cada d\u00eda, nos encontramos en un acto de fe y gratitud, reconociendo la importancia de la oraci\u00f3n en nuestras vidas. A trav\u00e9s de estas oraciones, fortalecemos nuestros lazos, [&hellip;]<\/p>\n","protected":false},"author":1,"featured_media":0,"parent":0,"menu_order":0,"comment_status":"closed","ping_status":"closed","template":"","meta":{"footnotes":""},"class_list":["post-4592","page","type-page","status-publish","hentry"],"_links":{"self":[{"href":"https:\/\/escsanvicentedepaul.cl\/index.php?rest_route=\/wp\/v2\/pages\/4592","targetHints":{"allow":["GET"]}}],"collection":[{"href":"https:\/\/escsanvicentedepaul.cl\/index.php?rest_route=\/wp\/v2\/pages"}],"about":[{"href":"https:\/\/escsanvicentedepaul.cl\/index.php?rest_route=\/wp\/v2\/types\/page"}],"author":[{"embeddable":true,"href":"https:\/\/escsanvicentedepaul.cl\/index.php?rest_route=\/wp\/v2\/users\/1"}],"replies":[{"embeddable":true,"href":"https:\/\/escsanvicentedepaul.cl\/index.php?rest_route=%2Fwp%2Fv2%2Fcomments&post=4592"}],"version-history":[{"count":5,"href":"https:\/\/escsanvicentedepaul.cl\/index.php?rest_route=\/wp\/v2\/pages\/4592\/revisions"}],"predecessor-version":[{"id":8186,"href":"https:\/\/escsanvicentedepaul.cl\/index.php?rest_route=\/wp\/v2\/pages\/4592\/revisions\/8186"}],"wp:attachment":[{"href":"https:\/\/escsanvicentedepaul.cl\/index.php?rest_route=%2Fwp%2Fv2%2Fmedia&parent=4592"}],"curies":[{"name":"wp","href":"https:\/\/api.w.org\/{rel}","templated":true}]}}