{"id":4486,"date":"2024-08-11T18:36:50","date_gmt":"2024-08-11T21:36:50","guid":{"rendered":"https:\/\/escsanvicentedepaul.cl\/?page_id=4486"},"modified":"2026-04-15T14:40:58","modified_gmt":"2026-04-15T17:40:58","slug":"calendario-liturgico","status":"publish","type":"page","link":"https:\/\/escsanvicentedepaul.cl\/?page_id=4486","title":{"rendered":"Calendario Lit\u00fargico"},"content":{"rendered":"<div class=\"wpb-content-wrapper\"><p>[vc_row][vc_column css=&#8221;.vc_custom_1723411493203{background-image: url(https:\/\/escsanvicentedepaul.cl\/wp-content\/uploads\/2024\/08\/Green-Watercolor-Background-Document-A4.png?id=4583) !important;}&#8221;][vc_empty_space][vc_empty_space][\/vc_column][\/vc_row][vc_row css=&#8221;.vc_custom_1723412087747{background-image: url(https:\/\/escsanvicentedepaul.cl\/wp-content\/uploads\/2024\/08\/Green-Watercolor-Background-Document-A4.png?id=4583) !important;}&#8221;][vc_column][vc_row_inner][vc_column_inner width=&#8221;1\/3&#8243;][stm_title title=&#8221;Marzo&#8221;][\/stm_title][stm_icon_box icon_position=&#8221;left&#8221; icon_color=&#8221;custom&#8221; title=&#8221;1, II Domingo de Cuaresma&#8221; icon_fontawesome=&#8221;stmlms-current-date&#8221; icon_color_custom=&#8221;#8224e3&#8243;][stm_icon_box icon_position=&#8221;left&#8221; icon_color=&#8221;custom&#8221; title=&#8221;8, III Domingo de Cuaresma&#8221; icon_fontawesome=&#8221;stmlms-current-date&#8221; icon_color_custom=&#8221;#8224e3&#8243;][stm_icon_box icon_position=&#8221;left&#8221; icon_color=&#8221;custom&#8221; title=&#8221;15, IV Domingo de Cuaresma&#8221; icon_fontawesome=&#8221;stmlms-current-date&#8221; icon_color_custom=&#8221;#8224e3&#8243;][stm_icon_box icon_position=&#8221;left&#8221; icon_color=&#8221;custom&#8221; title=&#8221;19, San Jos\u00e9, esposo de la Bienaventurada Virgen Mar\u00eda.&#8221; icon_fontawesome=&#8221;stmlms-current-date&#8221; icon_color_custom=&#8221;#8224e3&#8243;][stm_icon_box icon_position=&#8221;left&#8221; icon_color=&#8221;custom&#8221; title=&#8221;22, V Domingo de Cuaresma&#8221; icon_fontawesome=&#8221;stmlms-current-date&#8221; icon_color_custom=&#8221;#8224e3&#8243;][stm_icon_box icon_position=&#8221;left&#8221; icon_color=&#8221;custom&#8221; title=&#8221;25, La Anunciaci\u00f3n del Se\u00f1or.&#8221; icon_fontawesome=&#8221;stmlms-current-date&#8221; icon_color_custom=&#8221;#8224e3&#8243;][stm_icon_box icon_position=&#8221;left&#8221; icon_color=&#8221;custom&#8221; title=&#8221;29, Domingo de Ramos en la Pasi\u00f3n del Se\u00f1or.&#8221; icon_fontawesome=&#8221;stmlms-current-date&#8221; icon_color_custom=&#8221;#8224e3&#8243;][vc_empty_space][stm_title title=&#8221;Abril&#8221;][\/stm_title][stm_icon_box icon_position=&#8221;left&#8221; icon_color=&#8221;custom&#8221; title=&#8221;2, Jueves Santo en la Cena del Se\u00f1or.&#8221; icon_fontawesome=&#8221;stmlms-current-date&#8221; icon_color_custom=&#8221;#8224e3&#8243;][stm_icon_box icon_position=&#8221;left&#8221; icon_color=&#8221;custom&#8221; title=&#8221;3, Viernes Santo en la Pasi\u00f3n del Se\u00f1or.&#8221; icon_fontawesome=&#8221;stmlms-current-date&#8221; icon_color_custom=&#8221;#8224e3&#8243;][stm_icon_box icon_position=&#8221;left&#8221; icon_color=&#8221;custom&#8221; title=&#8221;4, S\u00e1bado Santo de la Sepultura del Se\u00f1or.&#8221; icon_fontawesome=&#8221;stmlms-current-date&#8221; icon_color_custom=&#8221;#8224e3&#8243;][stm_icon_box icon_position=&#8221;left&#8221; icon_color=&#8221;custom&#8221; title=&#8221;5, Domingo de Pascua de la Resurrecci\u00f3n del Se\u00f1or.&#8221; icon_fontawesome=&#8221;stmlms-current-date&#8221; icon_color_custom=&#8221;#8224e3&#8243;][stm_icon_box icon_position=&#8221;left&#8221; icon_color=&#8221;custom&#8221; title=&#8221;29, Santa Catalina de Siena, virgen y doctora de la Iglesia.&#8221; icon_fontawesome=&#8221;stmlms-current-date&#8221; icon_color_custom=&#8221;#8224e3&#8243;][vc_empty_space][stm_title title=&#8221;Mayo&#8221;][\/stm_title][stm_icon_box icon_position=&#8221;left&#8221; icon_color=&#8221;custom&#8221; title=&#8221;4, Santos Felipe y Santiago, ap\u00f3stoles.&#8221; icon_fontawesome=&#8221;stmlms-current-date&#8221; icon_color_custom=&#8221;#8224e3&#8243;][stm_icon_box icon_position=&#8221;left&#8221; icon_color=&#8221;custom&#8221; title=&#8221;14, San Mat\u00edas, ap\u00f3stol.&#8221; icon_fontawesome=&#8221;stmlms-current-date&#8221; icon_color_custom=&#8221;#8224e3&#8243;][stm_icon_box icon_position=&#8221;left&#8221; icon_color=&#8221;custom&#8221; title=&#8221;17, La Ascensi\u00f3n del Se\u00f1or.&#8221; icon_fontawesome=&#8221;stmlms-current-date&#8221; icon_color_custom=&#8221;#8224e3&#8243;][stm_icon_box icon_position=&#8221;left&#8221; icon_color=&#8221;custom&#8221; title=&#8221;24, Domingo de Pentecost\u00e9s.&#8221; icon_fontawesome=&#8221;stmlms-current-date&#8221; icon_color_custom=&#8221;#8224e3&#8243;][stm_icon_box icon_position=&#8221;left&#8221; icon_color=&#8221;custom&#8221; title=&#8221;31, La Sant\u00edsima Trinidad.&#8221; icon_fontawesome=&#8221;stmlms-current-date&#8221; icon_color_custom=&#8221;#8224e3&#8243;][vc_empty_space][\/vc_column_inner][vc_column_inner width=&#8221;1\/3&#8243;][stm_title title=&#8221;Junio&#8221;][\/stm_title][stm_icon_box icon_position=&#8221;left&#8221; icon_color=&#8221;custom&#8221; title=&#8221;7, El Cuerpo y la Sangre Sant\u00edsimos de Cristo.&#8221; icon_fontawesome=&#8221;stmlms-current-date&#8221; icon_color_custom=&#8221;#8224e3&#8243;][stm_icon_box icon_position=&#8221;left&#8221; icon_color=&#8221;custom&#8221; title=&#8221;12, El Sagrado Coraz\u00f3n de Jes\u00fas.&#8221; icon_fontawesome=&#8221;stmlms-current-date&#8221; icon_color_custom=&#8221;#8224e3&#8243;][stm_icon_box icon_position=&#8221;left&#8221; icon_color=&#8221;custom&#8221; title=&#8221;24, El Nacimiento de San Juan Bautista.&#8221; icon_fontawesome=&#8221;stmlms-current-date&#8221; icon_color_custom=&#8221;#8224e3&#8243;][stm_icon_box icon_position=&#8221;left&#8221; icon_color=&#8221;custom&#8221; title=&#8221;29, Santos Pedro y Pablo, ap\u00f3stoles.&#8221; icon_fontawesome=&#8221;stmlms-current-date&#8221; icon_color_custom=&#8221;#8224e3&#8243;][vc_empty_space][stm_title title=&#8221;Julio&#8221;][\/stm_title][stm_icon_box icon_position=&#8221;left&#8221; icon_color=&#8221;custom&#8221; title=&#8221;3, Santo Tom\u00e1s, ap\u00f3stol.&#8221; icon_fontawesome=&#8221;stmlms-current-date&#8221; icon_color_custom=&#8221;#8224e3&#8243;][stm_icon_box icon_position=&#8221;left&#8221; icon_color=&#8221;custom&#8221; title=&#8221;16, Nuestra Se\u00f1ora del Carmen, Madre y Reina de Chile.&#8221; icon_fontawesome=&#8221;stmlms-current-date&#8221; icon_color_custom=&#8221;#8224e3&#8243;][stm_icon_box icon_position=&#8221;left&#8221; icon_color=&#8221;custom&#8221; title=&#8221;25, Santiago, ap\u00f3stol.&#8221; icon_fontawesome=&#8221;stmlms-current-date&#8221; icon_color_custom=&#8221;#8224e3&#8243;][vc_empty_space][stm_title title=&#8221;Agosto&#8221;][\/stm_title][stm_icon_box icon_position=&#8221;left&#8221; icon_color=&#8221;custom&#8221; title=&#8221;6, La Transfiguraci\u00f3n del Se\u00f1or.&#8221; icon_fontawesome=&#8221;stmlms-current-date&#8221; icon_color_custom=&#8221;#8224e3&#8243;][stm_icon_box icon_position=&#8221;left&#8221; icon_color=&#8221;custom&#8221; title=&#8221;15, La Asunci\u00f3n de la Sant\u00edsima Virgen Mar\u00eda.&#8221; icon_fontawesome=&#8221;stmlms-current-date&#8221; icon_color_custom=&#8221;#8224e3&#8243;][vc_empty_space][stm_title title=&#8221;Septiembre&#8221;][\/stm_title][stm_icon_box icon_position=&#8221;left&#8221; icon_color=&#8221;custom&#8221; title=&#8221;8, La Natividad de la Bienaventurada Virgen Mar\u00eda.&#8221; icon_fontawesome=&#8221;stmlms-current-date&#8221; icon_color_custom=&#8221;#8224e3&#8243;][stm_icon_box icon_position=&#8221;left&#8221; icon_color=&#8221;custom&#8221; title=&#8221;21, San Mateo, ap\u00f3stol y evangelista.&#8221; icon_fontawesome=&#8221;stmlms-current-date&#8221; icon_color_custom=&#8221;#8224e3&#8243;][stm_icon_box icon_position=&#8221;left&#8221; icon_color=&#8221;custom&#8221; title=&#8221;29, Santos Miguel, Gabriel y Rafael, arc\u00e1ngeles.&#8221; icon_fontawesome=&#8221;stmlms-current-date&#8221; icon_color_custom=&#8221;#8224e3&#8243;][\/vc_column_inner][vc_column_inner width=&#8221;1\/3&#8243;][stm_title title=&#8221;Octubre&#8221;][\/stm_title][stm_icon_box icon_position=&#8221;left&#8221; icon_color=&#8221;custom&#8221; title=&#8221;28, Santos Sim\u00f3n y Judas, ap\u00f3stoles&#8221; icon_fontawesome=&#8221;stmlms-current-date&#8221; icon_color_custom=&#8221;#8224e3&#8243;][vc_empty_space][stm_title title=&#8221;Noviembre&#8221;][\/stm_title][stm_icon_box icon_position=&#8221;left&#8221; icon_color=&#8221;custom&#8221; title=&#8221;1, Todos los Santos.&#8221; icon_fontawesome=&#8221;stmlms-current-date&#8221; icon_color_custom=&#8221;#8224e3&#8243;][stm_icon_box icon_position=&#8221;left&#8221; icon_color=&#8221;custom&#8221; title=&#8221;9, La Dedicaci\u00f3n de la Bas\u00edlica de Letr\u00e1n.&#8221; icon_fontawesome=&#8221;stmlms-current-date&#8221; icon_color_custom=&#8221;#8224e3&#8243;][stm_icon_box icon_position=&#8221;left&#8221; icon_color=&#8221;custom&#8221; title=&#8221;22, Nuestro Se\u00f1or Jesucristo, Rey del Universo.&#8221; icon_fontawesome=&#8221;stmlms-current-date&#8221; icon_color_custom=&#8221;#8224e3&#8243;][stm_icon_box icon_position=&#8221;left&#8221; icon_color=&#8221;custom&#8221; title=&#8221;29, I Domingo de Adviento.&#8221; icon_fontawesome=&#8221;stmlms-current-date&#8221; icon_color_custom=&#8221;#8224e3&#8243;][vc_empty_space][stm_title title=&#8221;Diciembre&#8221;][\/stm_title][stm_icon_box icon_position=&#8221;left&#8221; icon_color=&#8221;custom&#8221; title=&#8221;6, II Domingo de Adviento.&#8221; icon_fontawesome=&#8221;stmlms-current-date&#8221; icon_color_custom=&#8221;#8224e3&#8243;][stm_icon_box icon_position=&#8221;left&#8221; icon_color=&#8221;custom&#8221; title=&#8221;8, La Inmaculada Concepci\u00f3n de la Bienaventurada Virgen Mar\u00eda.&#8221; icon_fontawesome=&#8221;stmlms-current-date&#8221; icon_color_custom=&#8221;#8224e3&#8243;][stm_icon_box icon_position=&#8221;left&#8221; icon_color=&#8221;custom&#8221; title=&#8221;13, III Domingo de Adviento.&#8221; icon_fontawesome=&#8221;stmlms-current-date&#8221; icon_color_custom=&#8221;#8224e3&#8243;][stm_icon_box icon_position=&#8221;left&#8221; icon_color=&#8221;custom&#8221; title=&#8221;20, IV Domingo de Adviento.&#8221; icon_fontawesome=&#8221;stmlms-current-date&#8221; icon_color_custom=&#8221;#8224e3&#8243;][stm_icon_box icon_position=&#8221;left&#8221; icon_color=&#8221;custom&#8221; title=&#8221;25, La Natividad del Se\u00f1or.&#8221; icon_fontawesome=&#8221;stmlms-current-date&#8221; icon_color_custom=&#8221;#8224e3&#8243;][stm_icon_box icon_position=&#8221;left&#8221; icon_color=&#8221;custom&#8221; title=&#8221;26, San Esteban, protom\u00e1rtir.&#8221; icon_fontawesome=&#8221;stmlms-current-date&#8221; icon_color_custom=&#8221;#8224e3&#8243;][stm_icon_box icon_position=&#8221;left&#8221; icon_color=&#8221;custom&#8221; title=&#8221;27, La Sagrada Familia de Jes\u00fas, Mar\u00eda y Jos\u00e9.&#8221; icon_fontawesome=&#8221;stmlms-current-date&#8221; icon_color_custom=&#8221;#8224e3&#8243;][stm_icon_box icon_position=&#8221;left&#8221; icon_color=&#8221;custom&#8221; title=&#8221;28, Los Santos Inocentes, m\u00e1rtires.&#8221; icon_fontawesome=&#8221;stmlms-current-date&#8221; icon_color_custom=&#8221;#8224e3&#8243;][vc_empty_space][\/vc_column_inner][\/vc_row_inner][vc_empty_space][vc_empty_space][\/vc_column][\/vc_row]<\/p>\n<\/div>","protected":false},"excerpt":{"rendered":"<p>[vc_row][vc_column css=&#8221;.vc_custom_1723411493203{background-image: url(https:\/\/escsanvicentedepaul.cl\/wp-content\/uploads\/2024\/08\/Green-Watercolor-Background-Document-A4.png?id=4583) !important;}&#8221;][vc_empty_space][vc_empty_space][\/vc_column][\/vc_row][vc_row css=&#8221;.vc_custom_1723412087747{background-image: url(https:\/\/escsanvicentedepaul.cl\/wp-content\/uploads\/2024\/08\/Green-Watercolor-Background-Document-A4.png?id=4583) !important;}&#8221;][vc_column][vc_row_inner][vc_column_inner width=&#8221;1\/3&#8243;][stm_title title=&#8221;Marzo&#8221;][\/stm_title][stm_icon_box icon_position=&#8221;left&#8221; icon_color=&#8221;custom&#8221; title=&#8221;1, II Domingo de Cuaresma&#8221; icon_fontawesome=&#8221;stmlms-current-date&#8221; icon_color_custom=&#8221;#8224e3&#8243;][stm_icon_box icon_position=&#8221;left&#8221; icon_color=&#8221;custom&#8221; title=&#8221;8, III Domingo de Cuaresma&#8221; icon_fontawesome=&#8221;stmlms-current-date&#8221; icon_color_custom=&#8221;#8224e3&#8243;][stm_icon_box icon_position=&#8221;left&#8221; icon_color=&#8221;custom&#8221; title=&#8221;15, IV Domingo de Cuaresma&#8221; icon_fontawesome=&#8221;stmlms-current-date&#8221; icon_color_custom=&#8221;#8224e3&#8243;][stm_icon_box icon_position=&#8221;left&#8221; icon_color=&#8221;custom&#8221; title=&#8221;19, San Jos\u00e9, esposo de la Bienaventurada Virgen Mar\u00eda.&#8221; icon_fontawesome=&#8221;stmlms-current-date&#8221; icon_color_custom=&#8221;#8224e3&#8243;][stm_icon_box icon_position=&#8221;left&#8221; icon_color=&#8221;custom&#8221; title=&#8221;22, V Domingo de [&hellip;]<\/p>\n","protected":false},"author":1,"featured_media":0,"parent":0,"menu_order":0,"comment_status":"closed","ping_status":"closed","template":"","meta":{"footnotes":""},"class_list":["post-4486","page","type-page","status-publish","hentry"],"_links":{"self":[{"href":"https:\/\/escsanvicentedepaul.cl\/index.php?rest_route=\/wp\/v2\/pages\/4486","targetHints":{"allow":["GET"]}}],"collection":[{"href":"https:\/\/escsanvicentedepaul.cl\/index.php?rest_route=\/wp\/v2\/pages"}],"about":[{"href":"https:\/\/escsanvicentedepaul.cl\/index.php?rest_route=\/wp\/v2\/types\/page"}],"author":[{"embeddable":true,"href":"https:\/\/escsanvicentedepaul.cl\/index.php?rest_route=\/wp\/v2\/users\/1"}],"replies":[{"embeddable":true,"href":"https:\/\/escsanvicentedepaul.cl\/index.php?rest_route=%2Fwp%2Fv2%2Fcomments&post=4486"}],"version-history":[{"count":5,"href":"https:\/\/escsanvicentedepaul.cl\/index.php?rest_route=\/wp\/v2\/pages\/4486\/revisions"}],"predecessor-version":[{"id":8188,"href":"https:\/\/escsanvicentedepaul.cl\/index.php?rest_route=\/wp\/v2\/pages\/4486\/revisions\/8188"}],"wp:attachment":[{"href":"https:\/\/escsanvicentedepaul.cl\/index.php?rest_route=%2Fwp%2Fv2%2Fmedia&parent=4486"}],"curies":[{"name":"wp","href":"https:\/\/api.w.org\/{rel}","templated":true}]}}