{"id":4415,"date":"2024-08-07T21:31:56","date_gmt":"2024-08-08T00:31:56","guid":{"rendered":"https:\/\/escsanvicentedepaul.cl\/?page_id=4415"},"modified":"2025-02-27T09:48:05","modified_gmt":"2025-02-27T12:48:05","slug":"equipo-directivo","status":"publish","type":"page","link":"https:\/\/escsanvicentedepaul.cl\/?page_id=4415","title":{"rendered":"Directivo"},"content":{"rendered":"<div class=\"wpb-content-wrapper\"><p>[vc_row css=&#8221;.vc_custom_1721434304381{margin-right: 60px !important;}&#8221;][vc_column css=&#8221;.vc_custom_1726777215892{margin-top: 40px !important;margin-left: 40px !important;}&#8221;][vc_empty_space][vc_column_text]<\/p>\n<p style=\"text-align: left;\"><span style=\"font-family: verdana, geneva, sans-serif;\">Proyectar y animar la comunidad educativa en la concreci\u00f3n del Proyecto Educativo Vicentino y del Plan de Desarrollo institucional, en comuni\u00f3n con la Fundaci\u00f3n y el estilo carism\u00e1tico de la Compa\u00f1\u00eda Hijas de la Caridad de San Vicente de Paul, para entregar educaci\u00f3n de calidad a las estudiantes.<\/span><\/p>\n<p>[\/vc_column_text][\/vc_column][\/vc_row][vc_row][vc_column][vc_separator color=&#8221;green&#8221;][vc_empty_space][\/vc_column][\/vc_row][vc_row][vc_column width=&#8221;1\/2&#8243; css=&#8221;.vc_custom_1726777293674{margin-left: -10px !important;}&#8221;][vc_empty_space][vc_single_image image=&#8221;3724&#8243; img_size=&#8221;medium&#8221; alignment=&#8221;center&#8221;][vc_column_text]<img loading=\"lazy\" decoding=\"async\" class=\"aligncenter wp-image-4175 size-medium\" src=\"https:\/\/escsanvicentedepaul.cl\/wp-content\/uploads\/2024\/07\/Etiqueta-Nombre-Coordinadores-de-Equipo-o-Area-SVP-3-e1723075840918-300x111.png\" alt=\"\" width=\"300\" height=\"111\" srcset=\"https:\/\/escsanvicentedepaul.cl\/wp-content\/uploads\/2024\/07\/Etiqueta-Nombre-Coordinadores-de-Equipo-o-Area-SVP-3-e1723075840918-300x111.png 300w, https:\/\/escsanvicentedepaul.cl\/wp-content\/uploads\/2024\/07\/Etiqueta-Nombre-Coordinadores-de-Equipo-o-Area-SVP-3-e1723075840918-1024x379.png 1024w, https:\/\/escsanvicentedepaul.cl\/wp-content\/uploads\/2024\/07\/Etiqueta-Nombre-Coordinadores-de-Equipo-o-Area-SVP-3-e1723075840918-768x284.png 768w, https:\/\/escsanvicentedepaul.cl\/wp-content\/uploads\/2024\/07\/Etiqueta-Nombre-Coordinadores-de-Equipo-o-Area-SVP-3-e1723075840918-600x222.png 600w, https:\/\/escsanvicentedepaul.cl\/wp-content\/uploads\/2024\/07\/Etiqueta-Nombre-Coordinadores-de-Equipo-o-Area-SVP-3-e1723075840918.png 1196w\" sizes=\"auto, (max-width: 300px) 100vw, 300px\" \/>[\/vc_column_text][\/vc_column][vc_column width=&#8221;1\/2&#8243;][vc_column_text]<\/p>\n<p style=\"text-align: center;\"><span style=\"font-family: verdana, geneva, sans-serif; font-size: 14pt;\"><strong>Rol que desempe\u00f1a<\/strong><\/span><\/p>\n<p style=\"text-align: justify;\"><span style=\"font-family: verdana, geneva, sans-serif;\">1.- Mantener un di\u00e1logo constante con el Directorio de la Fundaci\u00f3n para proyectar en conjunto el desarrollo de la comunidad educativa.<\/span><\/p>\n<p style=\"text-align: justify;\"><span style=\"font-family: verdana, geneva, sans-serif;\">2.- Profundizar las orientaciones y las tendencias educativas de la naci\u00f3n para proyectar al colegio de acuerdo a los nuevos requerimientos.<\/span><\/p>\n<p style=\"text-align: justify;\"><span style=\"font-family: verdana, geneva, sans-serif;\">3.- Elaborar y\/o actualizar el Proyecto Educativo Vicentino, el Proyecto Curricular, el Proyecto de Desarrollo Institucional y el Plan Anual Operativo de la escuela, seg\u00fan las orientaciones del MINEDUC, del carisma de la Compa\u00f1\u00eda de las Hijas de la Caridad y del Directorio de la Fundaci\u00f3n, mediante la participaci\u00f3n de los distintos estamentos de la escuela.<\/span><\/p>\n<p style=\"text-align: justify;\"><span style=\"font-family: verdana, geneva, sans-serif;\">4.- Proyectar el desarrollo sustentable de la escuela a trav\u00e9s de una propuesta financiera realista y acorde a al Proyecto de Desarrollo Institucional.<\/span><\/p>\n<p>[\/vc_column_text][\/vc_column][\/vc_row][vc_row][vc_column][vc_empty_space height=&#8221;30px&#8221;][\/vc_column][\/vc_row][vc_row][vc_column][vc_empty_space height=&#8221;30px&#8221;][\/vc_column][\/vc_row][vc_row][vc_column width=&#8221;1\/2&#8243;][vc_empty_space][vc_single_image image=&#8221;3820&#8243; img_size=&#8221;medium&#8221; alignment=&#8221;center&#8221;][vc_column_text]<img loading=\"lazy\" decoding=\"async\" class=\"aligncenter wp-image-4417 size-medium\" src=\"https:\/\/escsanvicentedepaul.cl\/wp-content\/uploads\/2024\/08\/Etiqueta-Director-e1723076281684-300x103.png\" alt=\"\" width=\"300\" height=\"103\" srcset=\"https:\/\/escsanvicentedepaul.cl\/wp-content\/uploads\/2024\/08\/Etiqueta-Director-e1723076281684-300x103.png 300w, https:\/\/escsanvicentedepaul.cl\/wp-content\/uploads\/2024\/08\/Etiqueta-Director-e1723076281684-1024x351.png 1024w, https:\/\/escsanvicentedepaul.cl\/wp-content\/uploads\/2024\/08\/Etiqueta-Director-e1723076281684-768x263.png 768w, https:\/\/escsanvicentedepaul.cl\/wp-content\/uploads\/2024\/08\/Etiqueta-Director-e1723076281684-600x206.png 600w, https:\/\/escsanvicentedepaul.cl\/wp-content\/uploads\/2024\/08\/Etiqueta-Director-e1723076281684.png 1284w\" sizes=\"auto, (max-width: 300px) 100vw, 300px\" \/>[\/vc_column_text][\/vc_column][vc_column width=&#8221;1\/2&#8243;][vc_column_text]<\/p>\n<p style=\"text-align: center;\"><strong><span style=\"font-family: verdana, geneva, sans-serif; font-size: 14pt;\">Rol que desempe\u00f1a<\/span><\/strong><\/p>\n<p style=\"text-align: justify;\"><span style=\"font-family: verdana, geneva, sans-serif;\">1.- Liderar los procesos pedag\u00f3gicos y pastorales de la escuela, a trav\u00e9s de la implementaci\u00f3n del Plan de Desarrollo Institucional.<\/span><\/p>\n<p style=\"text-align: justify;\"><span style=\"font-family: verdana, geneva, sans-serif;\">2.- Desarrollar la propuesta carism\u00e1tica en la comunidad educativa, en todas las \u00e1reas de la gesti\u00f3n en comuni\u00f3n con la Iglesia.<\/span><\/p>\n<p style=\"text-align: justify;\"><span style=\"font-family: verdana, geneva, sans-serif;\">3.- Fortalecer el desempe\u00f1o del personal a trav\u00e9s de procesos evaluativos y de perfeccionamiento continuo, que potencien una educaci\u00f3n de calidad.<\/span><\/p>\n<p style=\"text-align: justify;\"><span style=\"font-family: verdana, geneva, sans-serif;\">4.- Potenciar los lazos de la comunidad con el entorno, vincul\u00e1ndose con los diversos actores y reflexionando acerca de sus necesidades.<\/span><\/p>\n<p style=\"text-align: justify;\"><span style=\"font-family: verdana, geneva, sans-serif;\">5.- Responsabilizarse por los resultados institucionales, asumiendo las metas de crecimiento explicitadas por la Fundaci\u00f3n y desarrollando procesos de evaluaci\u00f3n continua.- Propiciar un adecuado clima escolar, propiciando relaciones respetuosas y cuidando la integridad de las alumnas.<\/span><\/p>\n<p>[\/vc_column_text][\/vc_column][\/vc_row][vc_row][vc_column][vc_separator color=&#8221;green&#8221;][vc_empty_space][vc_column_text]<\/p>\n<p style=\"text-align: center;\"><span style=\"font-size: 18pt; font-family: verdana, geneva, sans-serif;\"><strong>Equipo Directivo<\/strong><\/span><\/p>\n<p>[\/vc_column_text][\/vc_column][\/vc_row][vc_row][vc_column][vc_empty_space height=&#8221;30px&#8221;][\/vc_column][\/vc_row][vc_row][vc_column][vc_empty_space height=&#8221;30px&#8221;][\/vc_column][\/vc_row][vc_section][vc_row][vc_column width=&#8221;1\/4&#8243; offset=&#8221;vc_hidden-md vc_hidden-sm vc_hidden-xs&#8221;][vc_hoverbox image=&#8221;4007&#8243; primary_title=&#8221;&#8221; hover_title=&#8221;&#8221; hover_background_color=&#8221;white&#8221; el_width=&#8221;80&#8243; css_animation=&#8221;bounceIn&#8221; css=&#8221;.vc_custom_1731523041230{margin-right: -20px !important;margin-left: -20px !important;background-position: center !important;background-repeat: no-repeat !important;background-size: cover !important;}&#8221;]<\/p>\n<p style=\"text-align: center;\"><span style=\"color: #ffffff;\"><strong><span style=\"font-size: 14pt;\"><img loading=\"lazy\" decoding=\"async\" class=\"aligncenter wp-image-4006 size-large\" src=\"https:\/\/escsanvicentedepaul.cl\/wp-content\/uploads\/2024\/07\/Etiqueta-Nombre-Coordinadores-de-Equipo-o-Area-SVP-2-e1723076667297-1024x321.png\" alt=\"\" width=\"1024\" height=\"321\" srcset=\"https:\/\/escsanvicentedepaul.cl\/wp-content\/uploads\/2024\/07\/Etiqueta-Nombre-Coordinadores-de-Equipo-o-Area-SVP-2-e1723076667297-1024x321.png 1024w, https:\/\/escsanvicentedepaul.cl\/wp-content\/uploads\/2024\/07\/Etiqueta-Nombre-Coordinadores-de-Equipo-o-Area-SVP-2-e1723076667297-300x94.png 300w, https:\/\/escsanvicentedepaul.cl\/wp-content\/uploads\/2024\/07\/Etiqueta-Nombre-Coordinadores-de-Equipo-o-Area-SVP-2-e1723076667297-768x240.png 768w, https:\/\/escsanvicentedepaul.cl\/wp-content\/uploads\/2024\/07\/Etiqueta-Nombre-Coordinadores-de-Equipo-o-Area-SVP-2-e1723076667297-600x188.png 600w, https:\/\/escsanvicentedepaul.cl\/wp-content\/uploads\/2024\/07\/Etiqueta-Nombre-Coordinadores-de-Equipo-o-Area-SVP-2-e1723076667297.png 1329w\" sizes=\"auto, (max-width: 1024px) 100vw, 1024px\" \/><\/span><\/strong><\/span><\/p>\n<p>[\/vc_hoverbox][\/vc_column][vc_column width=&#8221;1\/4&#8243; offset=&#8221;vc_hidden-md vc_hidden-sm vc_hidden-xs&#8221;][vc_hoverbox image=&#8221;5784&#8243; primary_title=&#8221;&#8221; hover_title=&#8221;&#8221; hover_background_color=&#8221;white&#8221; el_width=&#8221;80&#8243; css_animation=&#8221;bounceIn&#8221; css=&#8221;.vc_custom_1731523051660{margin-right: -20px !important;margin-left: -20px !important;background-position: center !important;background-repeat: no-repeat !important;background-size: cover !important;}&#8221;]<img loading=\"lazy\" decoding=\"async\" class=\"aligncenter wp-image-4315 size-large\" src=\"https:\/\/escsanvicentedepaul.cl\/wp-content\/uploads\/2024\/08\/Etiqueta-Cordinadora-de-covivencia-escolar-e1723076980501-1024x309.png\" alt=\"\" width=\"1024\" height=\"309\" srcset=\"https:\/\/escsanvicentedepaul.cl\/wp-content\/uploads\/2024\/08\/Etiqueta-Cordinadora-de-covivencia-escolar-e1723076980501-1024x309.png 1024w, https:\/\/escsanvicentedepaul.cl\/wp-content\/uploads\/2024\/08\/Etiqueta-Cordinadora-de-covivencia-escolar-e1723076980501-300x90.png 300w, https:\/\/escsanvicentedepaul.cl\/wp-content\/uploads\/2024\/08\/Etiqueta-Cordinadora-de-covivencia-escolar-e1723076980501-768x232.png 768w, https:\/\/escsanvicentedepaul.cl\/wp-content\/uploads\/2024\/08\/Etiqueta-Cordinadora-de-covivencia-escolar-e1723076980501-600x181.png 600w, https:\/\/escsanvicentedepaul.cl\/wp-content\/uploads\/2024\/08\/Etiqueta-Cordinadora-de-covivencia-escolar-e1723076980501.png 1370w\" sizes=\"auto, (max-width: 1024px) 100vw, 1024px\" \/>[\/vc_hoverbox][\/vc_column][vc_column width=&#8221;1\/4&#8243; offset=&#8221;vc_hidden-md vc_hidden-sm vc_hidden-xs&#8221;][vc_hoverbox image=&#8221;3918&#8243; primary_title=&#8221;&#8221; hover_title=&#8221;&#8221; hover_background_color=&#8221;white&#8221; el_width=&#8221;80&#8243; css_animation=&#8221;bounceIn&#8221; css=&#8221;.vc_custom_1731523060916{margin-right: -20px !important;margin-left: -20px !important;background-position: center !important;background-repeat: no-repeat !important;background-size: cover !important;}&#8221;]<img loading=\"lazy\" decoding=\"async\" class=\"aligncenter wp-image-4643 size-large\" src=\"https:\/\/escsanvicentedepaul.cl\/wp-content\/uploads\/2024\/08\/Etiqueta-Angelo-Maass-e1723755978109-1024x430.png\" alt=\"\" width=\"1024\" height=\"430\" srcset=\"https:\/\/escsanvicentedepaul.cl\/wp-content\/uploads\/2024\/08\/Etiqueta-Angelo-Maass-e1723755978109-1024x430.png 1024w, https:\/\/escsanvicentedepaul.cl\/wp-content\/uploads\/2024\/08\/Etiqueta-Angelo-Maass-e1723755978109-300x126.png 300w, https:\/\/escsanvicentedepaul.cl\/wp-content\/uploads\/2024\/08\/Etiqueta-Angelo-Maass-e1723755978109-768x322.png 768w, https:\/\/escsanvicentedepaul.cl\/wp-content\/uploads\/2024\/08\/Etiqueta-Angelo-Maass-e1723755978109-600x252.png 600w, https:\/\/escsanvicentedepaul.cl\/wp-content\/uploads\/2024\/08\/Etiqueta-Angelo-Maass-e1723755978109.png 1075w\" sizes=\"auto, (max-width: 1024px) 100vw, 1024px\" \/>[\/vc_hoverbox][\/vc_column][vc_column width=&#8221;1\/4&#8243; offset=&#8221;vc_hidden-md vc_hidden-sm vc_hidden-xs&#8221;][vc_hoverbox image=&#8221;4376&#8243; primary_title=&#8221;&#8221; hover_title=&#8221;&#8221; hover_background_color=&#8221;white&#8221; el_width=&#8221;80&#8243; css_animation=&#8221;bounceIn&#8221; css=&#8221;.vc_custom_1731523072374{margin-right: -20px !important;margin-left: -20px !important;background-position: center !important;background-repeat: no-repeat !important;background-size: cover !important;}&#8221;]<img loading=\"lazy\" decoding=\"async\" class=\"aligncenter wp-image-3974 size-large\" src=\"https:\/\/escsanvicentedepaul.cl\/wp-content\/uploads\/2024\/07\/Etiqueta-Nombre-Coordinadores-de-Equipo-o-Area-SVP-1-e1723076540659-1024x322.png\" alt=\"\" width=\"1024\" height=\"322\" srcset=\"https:\/\/escsanvicentedepaul.cl\/wp-content\/uploads\/2024\/07\/Etiqueta-Nombre-Coordinadores-de-Equipo-o-Area-SVP-1-e1723076540659-1024x322.png 1024w, https:\/\/escsanvicentedepaul.cl\/wp-content\/uploads\/2024\/07\/Etiqueta-Nombre-Coordinadores-de-Equipo-o-Area-SVP-1-e1723076540659-300x94.png 300w, https:\/\/escsanvicentedepaul.cl\/wp-content\/uploads\/2024\/07\/Etiqueta-Nombre-Coordinadores-de-Equipo-o-Area-SVP-1-e1723076540659-768x242.png 768w, https:\/\/escsanvicentedepaul.cl\/wp-content\/uploads\/2024\/07\/Etiqueta-Nombre-Coordinadores-de-Equipo-o-Area-SVP-1-e1723076540659-600x189.png 600w, https:\/\/escsanvicentedepaul.cl\/wp-content\/uploads\/2024\/07\/Etiqueta-Nombre-Coordinadores-de-Equipo-o-Area-SVP-1-e1723076540659.png 1331w\" sizes=\"auto, (max-width: 1024px) 100vw, 1024px\" \/>[\/vc_hoverbox][\/vc_column][\/vc_row][vc_row][vc_column width=&#8221;1\/2&#8243; offset=&#8221;vc_hidden-lg&#8221; css=&#8221;.vc_custom_1731524620322{background-position: center !important;background-repeat: no-repeat !important;background-size: contain !important;}&#8221;][vc_hoverbox image=&#8221;4007&#8243; primary_title=&#8221;&#8221; hover_title=&#8221;&#8221; hover_background_color=&#8221;white&#8221; el_width=&#8221;60&#8243; css_animation=&#8221;bounceIn&#8221; css=&#8221;.vc_custom_1731524813478{margin-right: -30px !important;margin-left: -30px !important;}&#8221;]<\/p>\n<p style=\"text-align: center;\"><span style=\"color: #ffffff;\"><strong><span style=\"font-size: 14pt;\"><img loading=\"lazy\" decoding=\"async\" class=\"aligncenter wp-image-4006 size-large\" src=\"https:\/\/escsanvicentedepaul.cl\/wp-content\/uploads\/2024\/07\/Etiqueta-Nombre-Coordinadores-de-Equipo-o-Area-SVP-2-e1723076667297-1024x321.png\" alt=\"\" width=\"1024\" height=\"321\" srcset=\"https:\/\/escsanvicentedepaul.cl\/wp-content\/uploads\/2024\/07\/Etiqueta-Nombre-Coordinadores-de-Equipo-o-Area-SVP-2-e1723076667297-1024x321.png 1024w, https:\/\/escsanvicentedepaul.cl\/wp-content\/uploads\/2024\/07\/Etiqueta-Nombre-Coordinadores-de-Equipo-o-Area-SVP-2-e1723076667297-300x94.png 300w, https:\/\/escsanvicentedepaul.cl\/wp-content\/uploads\/2024\/07\/Etiqueta-Nombre-Coordinadores-de-Equipo-o-Area-SVP-2-e1723076667297-768x240.png 768w, https:\/\/escsanvicentedepaul.cl\/wp-content\/uploads\/2024\/07\/Etiqueta-Nombre-Coordinadores-de-Equipo-o-Area-SVP-2-e1723076667297-600x188.png 600w, https:\/\/escsanvicentedepaul.cl\/wp-content\/uploads\/2024\/07\/Etiqueta-Nombre-Coordinadores-de-Equipo-o-Area-SVP-2-e1723076667297.png 1329w\" sizes=\"auto, (max-width: 1024px) 100vw, 1024px\" \/><\/span><\/strong><\/span><\/p>\n<p>[\/vc_hoverbox][\/vc_column][vc_column width=&#8221;1\/2&#8243; offset=&#8221;vc_hidden-lg&#8221;][vc_hoverbox image=&#8221;5784&#8243; primary_title=&#8221;&#8221; hover_title=&#8221;&#8221; hover_background_color=&#8221;white&#8221; el_width=&#8221;60&#8243; css_animation=&#8221;bounceIn&#8221; css=&#8221;.vc_custom_1731524882706{margin-top: 20px !important;margin-right: -30px !important;margin-left: -30px !important;background-position: center !important;background-repeat: no-repeat !important;background-size: cover !important;}&#8221;]<img loading=\"lazy\" decoding=\"async\" class=\"aligncenter wp-image-4315 size-large\" src=\"https:\/\/escsanvicentedepaul.cl\/wp-content\/uploads\/2024\/08\/Etiqueta-Cordinadora-de-covivencia-escolar-e1723076980501-1024x309.png\" alt=\"\" width=\"1024\" height=\"309\" srcset=\"https:\/\/escsanvicentedepaul.cl\/wp-content\/uploads\/2024\/08\/Etiqueta-Cordinadora-de-covivencia-escolar-e1723076980501-1024x309.png 1024w, https:\/\/escsanvicentedepaul.cl\/wp-content\/uploads\/2024\/08\/Etiqueta-Cordinadora-de-covivencia-escolar-e1723076980501-300x90.png 300w, https:\/\/escsanvicentedepaul.cl\/wp-content\/uploads\/2024\/08\/Etiqueta-Cordinadora-de-covivencia-escolar-e1723076980501-768x232.png 768w, https:\/\/escsanvicentedepaul.cl\/wp-content\/uploads\/2024\/08\/Etiqueta-Cordinadora-de-covivencia-escolar-e1723076980501-600x181.png 600w, https:\/\/escsanvicentedepaul.cl\/wp-content\/uploads\/2024\/08\/Etiqueta-Cordinadora-de-covivencia-escolar-e1723076980501.png 1370w\" sizes=\"auto, (max-width: 1024px) 100vw, 1024px\" \/>[\/vc_hoverbox][\/vc_column][\/vc_row][vc_row][vc_column width=&#8221;1\/2&#8243; offset=&#8221;vc_hidden-lg&#8221;][vc_hoverbox image=&#8221;3918&#8243; primary_title=&#8221;&#8221; hover_title=&#8221;&#8221; hover_background_color=&#8221;white&#8221; el_width=&#8221;60&#8243; css_animation=&#8221;bounceIn&#8221; css=&#8221;.vc_custom_1731524900615{margin-top: 20px !important;margin-right: -30px !important;margin-left: -30px !important;background-position: center !important;background-repeat: no-repeat !important;background-size: cover !important;}&#8221;]<img loading=\"lazy\" decoding=\"async\" class=\"aligncenter wp-image-4643 size-large\" src=\"https:\/\/escsanvicentedepaul.cl\/wp-content\/uploads\/2024\/08\/Etiqueta-Angelo-Maass-e1723755978109-1024x430.png\" alt=\"\" width=\"1024\" height=\"430\" srcset=\"https:\/\/escsanvicentedepaul.cl\/wp-content\/uploads\/2024\/08\/Etiqueta-Angelo-Maass-e1723755978109-1024x430.png 1024w, https:\/\/escsanvicentedepaul.cl\/wp-content\/uploads\/2024\/08\/Etiqueta-Angelo-Maass-e1723755978109-300x126.png 300w, https:\/\/escsanvicentedepaul.cl\/wp-content\/uploads\/2024\/08\/Etiqueta-Angelo-Maass-e1723755978109-768x322.png 768w, https:\/\/escsanvicentedepaul.cl\/wp-content\/uploads\/2024\/08\/Etiqueta-Angelo-Maass-e1723755978109-600x252.png 600w, https:\/\/escsanvicentedepaul.cl\/wp-content\/uploads\/2024\/08\/Etiqueta-Angelo-Maass-e1723755978109.png 1075w\" sizes=\"auto, (max-width: 1024px) 100vw, 1024px\" \/>[\/vc_hoverbox][\/vc_column][vc_column width=&#8221;1\/2&#8243; offset=&#8221;vc_hidden-lg&#8221;][vc_hoverbox image=&#8221;4376&#8243; primary_title=&#8221;&#8221; hover_title=&#8221;&#8221; hover_background_color=&#8221;white&#8221; el_width=&#8221;60&#8243; css_animation=&#8221;bounceIn&#8221; css=&#8221;.vc_custom_1731524919232{margin-top: 20px !important;margin-right: -30px !important;margin-left: -30px !important;background-position: center !important;background-repeat: no-repeat !important;background-size: cover !important;}&#8221;]<img loading=\"lazy\" decoding=\"async\" class=\"aligncenter wp-image-3974 size-large\" src=\"https:\/\/escsanvicentedepaul.cl\/wp-content\/uploads\/2024\/07\/Etiqueta-Nombre-Coordinadores-de-Equipo-o-Area-SVP-1-e1723076540659-1024x322.png\" alt=\"\" width=\"1024\" height=\"322\" srcset=\"https:\/\/escsanvicentedepaul.cl\/wp-content\/uploads\/2024\/07\/Etiqueta-Nombre-Coordinadores-de-Equipo-o-Area-SVP-1-e1723076540659-1024x322.png 1024w, https:\/\/escsanvicentedepaul.cl\/wp-content\/uploads\/2024\/07\/Etiqueta-Nombre-Coordinadores-de-Equipo-o-Area-SVP-1-e1723076540659-300x94.png 300w, https:\/\/escsanvicentedepaul.cl\/wp-content\/uploads\/2024\/07\/Etiqueta-Nombre-Coordinadores-de-Equipo-o-Area-SVP-1-e1723076540659-768x242.png 768w, https:\/\/escsanvicentedepaul.cl\/wp-content\/uploads\/2024\/07\/Etiqueta-Nombre-Coordinadores-de-Equipo-o-Area-SVP-1-e1723076540659-600x189.png 600w, https:\/\/escsanvicentedepaul.cl\/wp-content\/uploads\/2024\/07\/Etiqueta-Nombre-Coordinadores-de-Equipo-o-Area-SVP-1-e1723076540659.png 1331w\" sizes=\"auto, (max-width: 1024px) 100vw, 1024px\" \/>[\/vc_hoverbox][\/vc_column][\/vc_row][\/vc_section][vc_row][vc_column][vc_empty_space height=&#8221;30px&#8221;][\/vc_column][\/vc_row][vc_row][vc_column][vc_empty_space height=&#8221;30px&#8221;][\/vc_column][\/vc_row]<\/p>\n<\/div>","protected":false},"excerpt":{"rendered":"<p>[vc_row css=&#8221;.vc_custom_1721434304381{margin-right: 60px !important;}&#8221;][vc_column css=&#8221;.vc_custom_1726777215892{margin-top: 40px !important;margin-left: 40px !important;}&#8221;][vc_empty_space][vc_column_text] Proyectar y animar la comunidad educativa en la concreci\u00f3n del Proyecto Educativo Vicentino y del Plan de Desarrollo institucional, en comuni\u00f3n con la Fundaci\u00f3n y el estilo carism\u00e1tico de la Compa\u00f1\u00eda Hijas de la Caridad de San Vicente de Paul, para entregar educaci\u00f3n de calidad a [&hellip;]<\/p>\n","protected":false},"author":1,"featured_media":0,"parent":0,"menu_order":0,"comment_status":"closed","ping_status":"closed","template":"","meta":{"footnotes":""},"class_list":["post-4415","page","type-page","status-publish","hentry"],"_links":{"self":[{"href":"https:\/\/escsanvicentedepaul.cl\/index.php?rest_route=\/wp\/v2\/pages\/4415","targetHints":{"allow":["GET"]}}],"collection":[{"href":"https:\/\/escsanvicentedepaul.cl\/index.php?rest_route=\/wp\/v2\/pages"}],"about":[{"href":"https:\/\/escsanvicentedepaul.cl\/index.php?rest_route=\/wp\/v2\/types\/page"}],"author":[{"embeddable":true,"href":"https:\/\/escsanvicentedepaul.cl\/index.php?rest_route=\/wp\/v2\/users\/1"}],"replies":[{"embeddable":true,"href":"https:\/\/escsanvicentedepaul.cl\/index.php?rest_route=%2Fwp%2Fv2%2Fcomments&post=4415"}],"version-history":[{"count":5,"href":"https:\/\/escsanvicentedepaul.cl\/index.php?rest_route=\/wp\/v2\/pages\/4415\/revisions"}],"predecessor-version":[{"id":6546,"href":"https:\/\/escsanvicentedepaul.cl\/index.php?rest_route=\/wp\/v2\/pages\/4415\/revisions\/6546"}],"wp:attachment":[{"href":"https:\/\/escsanvicentedepaul.cl\/index.php?rest_route=%2Fwp%2Fv2%2Fmedia&parent=4415"}],"curies":[{"name":"wp","href":"https:\/\/api.w.org\/{rel}","templated":true}]}}