{"id":4365,"date":"2024-08-04T18:47:50","date_gmt":"2024-08-04T21:47:50","guid":{"rendered":"https:\/\/escsanvicentedepaul.cl\/?page_id=4365"},"modified":"2025-08-28T14:23:39","modified_gmt":"2025-08-28T17:23:39","slug":"recursos","status":"publish","type":"page","link":"https:\/\/escsanvicentedepaul.cl\/?page_id=4365","title":{"rendered":"Administraci\u00f3n"},"content":{"rendered":"<div class=\"wpb-content-wrapper\"><p>[vc_row css=&#8221;.vc_custom_1721434304381{margin-right: 60px !important;}&#8221;][vc_column css=&#8221;.vc_custom_1728834581517{margin-top: 40px !important;margin-left: 40px !important;}&#8221;][vc_empty_space][vc_column_text]<\/p>\n<p style=\"text-align: justify;\"><span style=\"font-family: verdana, geneva, sans-serif;\">El departamento de <strong>Administraci\u00f3n<\/strong> es el encargado de organizar, planificar, dirigir y controlar el uso de los recursos humanos, materiales, financieros y tecnol\u00f3gicos, con los que cuenta la Fundaci\u00f3n Educacional San Vicente de Pa\u00fal. Tiene la responsabilidad de asegurar que las actividades administrativas dentro de la Fundaci\u00f3n funcionen eficientemente, a trav\u00e9s de la organizaci\u00f3n.<\/span><\/p>\n<p>[\/vc_column_text][\/vc_column][\/vc_row][vc_row css=&#8221;.vc_custom_1721434304381{margin-right: 60px !important;}&#8221;][vc_column css=&#8221;.vc_custom_1728834581517{margin-top: 40px !important;margin-left: 40px !important;}&#8221;][vc_separator color=&#8221;green&#8221;][vc_empty_space][vc_column_text]<\/p>\n<p style=\"text-align: justify;\"><span style=\"font-family: verdana, geneva, sans-serif;\">Actividades o acciones que realiza:<\/span><\/p>\n<p><span style=\"font-family: verdana, geneva, sans-serif;\">\u27a1\ufe0f Gesti\u00f3n de RRHH.<\/span><\/p>\n<p><span style=\"font-family: verdana, geneva, sans-serif;\">\u27a1\ufe0f Contabilidad.<\/span><\/p>\n<p><span style=\"font-family: verdana, geneva, sans-serif;\">\u27a1\ufe0f Gesti\u00f3n de Adquisiciones.<\/span><\/p>\n<p><span style=\"font-family: verdana, geneva, sans-serif;\">\u27a1\ufe0f Log\u00edstica de Mantenimiento.<\/span><\/p>\n<p><span style=\"font-family: verdana, geneva, sans-serif;\">\u27a1\ufe0f Organizaci\u00f3n de eventos escolares y culturales.<\/span><\/p>\n<p><span style=\"font-family: verdana, geneva, sans-serif;\">\u27a1\ufe0f Orden y archivo de documentaci\u00f3n oficial.<\/span><\/p>\n<p><span style=\"font-family: verdana, geneva, sans-serif;\">\u27a1\ufe0f Rendici\u00f3n de cuentas a la Superintendencia de Educaci\u00f3n.<\/span><\/p>\n<p><span style=\"font-family: verdana, geneva, sans-serif;\">\u27a1\ufe0f Inventario.<\/span><\/p>\n<p><span style=\"font-family: verdana, geneva, sans-serif;\">\u27a1\ufe0f Entre otras.<\/span>[\/vc_column_text][\/vc_column][\/vc_row][vc_row css=&#8221;.vc_custom_1721434304381{margin-right: 60px !important;}&#8221;][vc_column css=&#8221;.vc_custom_1728834581517{margin-top: 40px !important;margin-left: 40px !important;}&#8221;][vc_separator color=&#8221;green&#8221;][vc_empty_space][vc_column_text]<\/p>\n<p style=\"text-align: justify;\"><span style=\"font-family: verdana, geneva, sans-serif;\">El equipo est\u00e1 compuesto, por la<strong> &#8220;Contadora&#8221;<\/strong>, la cual lidera el \u00e1rea administrativa y es la encargada de gestionar los recursos humanos y financieros del Centro Educativo Vicentino, con el fin de favorecer el correcto funcionamiento de este, adem\u00e1s de velar por el oportuno y correcto cumplimiento de las normativas legales vigentes del \u00e1rea laboral, contable y tributario dentro del marco de la Misi\u00f3n y visi\u00f3n del Proyecto Educativo Vicentino.<\/span><\/p>\n<p style=\"text-align: justify;\"><span style=\"font-family: verdana, geneva, sans-serif;\">Esta labor, es apoyada por la <strong>\u201cAsistente Administrativa &#8211; contable\u201d<\/strong>, la cual, cumple diversas labores generales de administraci\u00f3n que requiere el establecimiento en su organizaci\u00f3n interna y sus relaciones externas, adem\u00e1s asuntos administrativos relacionados con todo el personal.<\/span><\/p>\n<p style=\"text-align: justify;\"><span style=\"font-family: verdana, geneva, sans-serif;\">La encarga de la primera atenci\u00f3n en el \u00e1rea es la <strong>\u201cSecretaria de Direcci\u00f3n\u201d<\/strong>, la cual es la encargada de brindar atenci\u00f3n al personal interno y externo en sus requerimientos de informaci\u00f3n y \u00a0de brindar apoyo en actividades generales encomendadas para el logro y consecuci\u00f3n de los objetivos institucionales.<\/span><\/p>\n<p>\u00a0[\/vc_column_text][\/vc_column][\/vc_row][vc_row][vc_column][vc_separator color=&#8221;green&#8221;][vc_empty_space][\/vc_column][\/vc_row][vc_row][vc_column][vc_column_text]<\/p>\n<p style=\"text-align: center;\"><span style=\"font-family: verdana, geneva, sans-serif; font-size: 18pt;\"><strong>Equipo de Recursos Humanos<\/strong><\/span><\/p>\n<p>[\/vc_column_text][vc_empty_space][\/vc_column][\/vc_row][vc_row][vc_column][vc_empty_space][\/vc_column][\/vc_row][vc_row][vc_column width=&#8221;1\/3&#8243; offset=&#8221;vc_hidden-md vc_hidden-sm&#8221;][vc_hoverbox image=&#8221;6631&#8243; primary_title=&#8221;&#8221; hover_title=&#8221;Masiel Valladares Castillo&#8221; hover_background_color=&#8221;peacoc&#8221; css=&#8221;.vc_custom_1741868396060{margin-right: 60px !important;margin-left: 60px !important;}&#8221;]<\/p>\n<p style=\"text-align: center;\"><span style=\"font-size: 18pt; color: #ffffff;\"><strong><span style=\"font-family: verdana, geneva, sans-serif;\">Contadora<\/span><\/strong><\/span><\/p>\n<p>[\/vc_hoverbox][\/vc_column][vc_column width=&#8221;1\/3&#8243; offset=&#8221;vc_hidden-md vc_hidden-sm&#8221;][vc_hoverbox image=&#8221;6632&#8243; primary_title=&#8221;&#8221; hover_title=&#8221;Nicole Gonz\u00e1lez Fern\u00e1ndez&#8221; hover_background_color=&#8221;peacoc&#8221; css=&#8221;.vc_custom_1741868426912{margin-right: 55px !important;margin-left: 55px !important;}&#8221;]<\/p>\n<p style=\"text-align: center;\"><span style=\"font-size: 18pt; color: #ffffff;\"><strong><span style=\"font-family: verdana, geneva, sans-serif;\">Asistente Administrativa<\/span><\/strong><\/span><\/p>\n<p>[\/vc_hoverbox][\/vc_column][vc_column width=&#8221;1\/3&#8243; offset=&#8221;vc_hidden-md vc_hidden-sm&#8221;][vc_hoverbox image=&#8221;6633&#8243; primary_title=&#8221;&#8221; hover_title=&#8221;Mar\u00eda Campillay Tapia&#8221; hover_background_color=&#8221;peacoc&#8221; css=&#8221;.vc_custom_1741868446447{margin-right: 60px !important;margin-left: 60px !important;}&#8221;]<\/p>\n<p style=\"text-align: center;\"><span style=\"font-size: 18pt; color: #ffffff;\"><strong><span style=\"font-family: verdana, geneva, sans-serif;\">Secretaria de Direcci\u00f3n<\/span><\/strong><\/span><\/p>\n<p>[\/vc_hoverbox][\/vc_column][\/vc_row][vc_row][vc_column width=&#8221;1\/3&#8243; offset=&#8221;vc_hidden-lg vc_hidden-xs&#8221;][vc_hoverbox image=&#8221;6631&#8243; primary_title=&#8221;&#8221; hover_title=&#8221;Masiel Valladares Castillo&#8221; hover_background_color=&#8221;peacoc&#8221; css=&#8221;.vc_custom_1741868396060{margin-right: 60px !important;margin-left: 60px !important;}&#8221;]<\/p>\n<p style=\"text-align: center;\"><span style=\"font-size: 18pt; color: #ffffff;\"><strong><span style=\"font-family: verdana, geneva, sans-serif;\">Contadora<\/span><\/strong><\/span><\/p>\n<p>[\/vc_hoverbox][\/vc_column][vc_column width=&#8221;1\/3&#8243; offset=&#8221;vc_hidden-lg vc_hidden-xs&#8221;][vc_hoverbox image=&#8221;6632&#8243; primary_title=&#8221;&#8221; hover_title=&#8221;Nicole Gonz\u00e1lez Fern\u00e1ndez&#8221; hover_background_color=&#8221;peacoc&#8221; css=&#8221;.vc_custom_1741868426912{margin-right: 55px !important;margin-left: 55px !important;}&#8221;]<\/p>\n<p style=\"text-align: center;\"><span style=\"font-size: 18pt; color: #ffffff;\"><strong><span style=\"font-family: verdana, geneva, sans-serif;\">Asistente Administrativa<\/span><\/strong><\/span><\/p>\n<p>[\/vc_hoverbox][\/vc_column][vc_column width=&#8221;1\/3&#8243; offset=&#8221;vc_hidden-lg vc_hidden-xs&#8221;][vc_hoverbox image=&#8221;6633&#8243; primary_title=&#8221;&#8221; hover_title=&#8221;Mar\u00eda Campillay Tapia&#8221; hover_background_color=&#8221;peacoc&#8221; css=&#8221;.vc_custom_1741868446447{margin-right: 60px !important;margin-left: 60px !important;}&#8221;]<\/p>\n<p style=\"text-align: center;\"><span style=\"font-size: 18pt; color: #ffffff;\"><strong><span style=\"font-family: verdana, geneva, sans-serif;\">Secretaria de Direcci\u00f3n<\/span><\/strong><\/span><\/p>\n<p>[\/vc_hoverbox][\/vc_column][\/vc_row][vc_row][vc_column][vc_empty_space][vc_empty_space][\/vc_column][\/vc_row][vc_row][vc_column][vc_empty_space][\/vc_column][\/vc_row]<\/p>\n<\/div>","protected":false},"excerpt":{"rendered":"<p>[vc_row css=&#8221;.vc_custom_1721434304381{margin-right: 60px !important;}&#8221;][vc_column css=&#8221;.vc_custom_1728834581517{margin-top: 40px !important;margin-left: 40px !important;}&#8221;][vc_empty_space][vc_column_text] El departamento de Administraci\u00f3n es el encargado de organizar, planificar, dirigir y controlar el uso de los recursos humanos, materiales, financieros y tecnol\u00f3gicos, con los que cuenta la Fundaci\u00f3n Educacional San Vicente de Pa\u00fal. Tiene la responsabilidad de asegurar que las actividades administrativas dentro de la [&hellip;]<\/p>\n","protected":false},"author":1,"featured_media":0,"parent":0,"menu_order":0,"comment_status":"closed","ping_status":"closed","template":"","meta":{"footnotes":""},"class_list":["post-4365","page","type-page","status-publish","hentry"],"_links":{"self":[{"href":"https:\/\/escsanvicentedepaul.cl\/index.php?rest_route=\/wp\/v2\/pages\/4365","targetHints":{"allow":["GET"]}}],"collection":[{"href":"https:\/\/escsanvicentedepaul.cl\/index.php?rest_route=\/wp\/v2\/pages"}],"about":[{"href":"https:\/\/escsanvicentedepaul.cl\/index.php?rest_route=\/wp\/v2\/types\/page"}],"author":[{"embeddable":true,"href":"https:\/\/escsanvicentedepaul.cl\/index.php?rest_route=\/wp\/v2\/users\/1"}],"replies":[{"embeddable":true,"href":"https:\/\/escsanvicentedepaul.cl\/index.php?rest_route=%2Fwp%2Fv2%2Fcomments&post=4365"}],"version-history":[{"count":5,"href":"https:\/\/escsanvicentedepaul.cl\/index.php?rest_route=\/wp\/v2\/pages\/4365\/revisions"}],"predecessor-version":[{"id":7644,"href":"https:\/\/escsanvicentedepaul.cl\/index.php?rest_route=\/wp\/v2\/pages\/4365\/revisions\/7644"}],"wp:attachment":[{"href":"https:\/\/escsanvicentedepaul.cl\/index.php?rest_route=%2Fwp%2Fv2%2Fmedia&parent=4365"}],"curies":[{"name":"wp","href":"https:\/\/api.w.org\/{rel}","templated":true}]}}