{"id":4000,"date":"2024-08-04T17:11:31","date_gmt":"2024-08-04T20:11:31","guid":{"rendered":"https:\/\/escsanvicentedepaul.cl\/?page_id=4000"},"modified":"2026-04-30T10:44:06","modified_gmt":"2026-04-30T13:44:06","slug":"convivencia-escolar","status":"publish","type":"page","link":"https:\/\/escsanvicentedepaul.cl\/?page_id=4000","title":{"rendered":"Convivencia Escolar"},"content":{"rendered":"<div class=\"wpb-content-wrapper\"><p>[vc_row css=&#8221;.vc_custom_1721434304381{margin-right: 60px !important;}&#8221;][vc_column width=&#8221;1\/3&#8243; css=&#8221;.vc_custom_1731250973912{margin-top: 40px !important;}&#8221; offset=&#8221;vc_hidden-md vc_hidden-sm vc_hidden-xs&#8221;][vc_single_image image=&#8221;6716&#8243; img_size=&#8221;large&#8221; alignment=&#8221;center&#8221; css=&#8221;.vc_custom_1777556329878{margin-left: 60px !important;}&#8221;][vc_column_text css=&#8221;.vc_custom_1777556559031{margin-top: -100px !important;}&#8221;]<img loading=\"lazy\" decoding=\"async\" class=\"aligncenter wp-image-8238 size-large\" src=\"https:\/\/escsanvicentedepaul.cl\/wp-content\/uploads\/2026\/04\/Etiqueta-Nombre-Coordinadores-de-Equipo-o-Area-SVP-1024x682.png\" alt=\"\" width=\"1024\" height=\"682\" srcset=\"https:\/\/escsanvicentedepaul.cl\/wp-content\/uploads\/2026\/04\/Etiqueta-Nombre-Coordinadores-de-Equipo-o-Area-SVP-1024x682.png 1024w, https:\/\/escsanvicentedepaul.cl\/wp-content\/uploads\/2026\/04\/Etiqueta-Nombre-Coordinadores-de-Equipo-o-Area-SVP-300x200.png 300w, https:\/\/escsanvicentedepaul.cl\/wp-content\/uploads\/2026\/04\/Etiqueta-Nombre-Coordinadores-de-Equipo-o-Area-SVP-768x512.png 768w, https:\/\/escsanvicentedepaul.cl\/wp-content\/uploads\/2026\/04\/Etiqueta-Nombre-Coordinadores-de-Equipo-o-Area-SVP-1536x1024.png 1536w, https:\/\/escsanvicentedepaul.cl\/wp-content\/uploads\/2026\/04\/Etiqueta-Nombre-Coordinadores-de-Equipo-o-Area-SVP-600x400.png 600w, https:\/\/escsanvicentedepaul.cl\/wp-content\/uploads\/2026\/04\/Etiqueta-Nombre-Coordinadores-de-Equipo-o-Area-SVP.png 1772w\" sizes=\"auto, (max-width: 1024px) 100vw, 1024px\" \/>[\/vc_column_text][\/vc_column][vc_column width=&#8221;2\/3&#8243; css=&#8221;.vc_custom_1731250965569{margin-top: 40px !important;margin-left: 60px !important;}&#8221; offset=&#8221;vc_hidden-md vc_hidden-sm vc_hidden-xs&#8221;][vc_empty_space][vc_column_text]<\/p>\n<p style=\"text-align: justify;\"><span style=\"font-family: verdana, geneva, sans-serif;\">El objetivo central de la Pol\u00edtica de Convivencia Escolar es orientar la definici\u00f3n e implementaci\u00f3n de acciones, iniciativas, programas y proyectos que promuevan y fomenten la comprensi\u00f3n y el desarrollo de una Convivencia Escolar participativa, inclusiva y democr\u00e1tica, con enfoque formativo, participativo, de derechos, equidad de g\u00e9nero y de gesti\u00f3n institucional y territorial.<\/span><\/p>\n<p style=\"text-align: justify;\"><span style=\"font-family: verdana, geneva, sans-serif;\">El prop\u00f3sito del Coordinador de Convivencia Escolar ser\u00e1 gestionar un clima de trabajo adecuado y un estilo de relaciones que facilite el desarrollo de las personas, a trav\u00e9s de la implementaci\u00f3n del manual de convivencia escolar y del reglamento interno.<\/span><\/p>\n<p>[\/vc_column_text][vc_btn title=&#8221;Conoce m\u00e1s&#8221; color=&#8221;info&#8221; link=&#8221;url:https%3A%2F%2Fescsanvicentedepaul.cl%2Fwp-content%2Fuploads%2F2024%2F10%2FRESENA-CONVIVENCIA-ESCOLAR.pdf&#8221;][\/vc_column][\/vc_row][vc_row css=&#8221;.vc_custom_1721434304381{margin-right: 60px !important;}&#8221;][vc_column width=&#8221;1\/3&#8243; css=&#8221;.vc_custom_1731251065536{margin-top: 40px !important;margin-left: 40px !important;}&#8221; offset=&#8221;vc_hidden-lg&#8221;][vc_single_image image=&#8221;6716&#8243; img_size=&#8221;large&#8221; alignment=&#8221;center&#8221; css=&#8221;.vc_custom_1777556329878{margin-left: 60px !important;}&#8221;][vc_column_text css=&#8221;.vc_custom_1777556559031{margin-top: -100px !important;}&#8221;]<img loading=\"lazy\" decoding=\"async\" class=\"aligncenter wp-image-8238 size-large\" src=\"https:\/\/escsanvicentedepaul.cl\/wp-content\/uploads\/2026\/04\/Etiqueta-Nombre-Coordinadores-de-Equipo-o-Area-SVP-1024x682.png\" alt=\"\" width=\"1024\" height=\"682\" srcset=\"https:\/\/escsanvicentedepaul.cl\/wp-content\/uploads\/2026\/04\/Etiqueta-Nombre-Coordinadores-de-Equipo-o-Area-SVP-1024x682.png 1024w, https:\/\/escsanvicentedepaul.cl\/wp-content\/uploads\/2026\/04\/Etiqueta-Nombre-Coordinadores-de-Equipo-o-Area-SVP-300x200.png 300w, https:\/\/escsanvicentedepaul.cl\/wp-content\/uploads\/2026\/04\/Etiqueta-Nombre-Coordinadores-de-Equipo-o-Area-SVP-768x512.png 768w, https:\/\/escsanvicentedepaul.cl\/wp-content\/uploads\/2026\/04\/Etiqueta-Nombre-Coordinadores-de-Equipo-o-Area-SVP-1536x1024.png 1536w, https:\/\/escsanvicentedepaul.cl\/wp-content\/uploads\/2026\/04\/Etiqueta-Nombre-Coordinadores-de-Equipo-o-Area-SVP-600x400.png 600w, https:\/\/escsanvicentedepaul.cl\/wp-content\/uploads\/2026\/04\/Etiqueta-Nombre-Coordinadores-de-Equipo-o-Area-SVP.png 1772w\" sizes=\"auto, (max-width: 1024px) 100vw, 1024px\" \/>[\/vc_column_text][\/vc_column][vc_column width=&#8221;2\/3&#8243; css=&#8221;.vc_custom_1731251078544{margin-top: 40px !important;margin-left: 40px !important;}&#8221; offset=&#8221;vc_hidden-lg&#8221;][vc_empty_space][vc_column_text]<\/p>\n<p style=\"text-align: justify;\"><span style=\"font-family: verdana, geneva, sans-serif;\">El objetivo central de la Pol\u00edtica de Convivencia Escolar es orientar la definici\u00f3n e implementaci\u00f3n de acciones, iniciativas, programas y proyectos que promuevan y fomenten la comprensi\u00f3n y el desarrollo de una Convivencia Escolar participativa, inclusiva y democr\u00e1tica, con enfoque formativo, participativo, de derechos, equidad de g\u00e9nero y de gesti\u00f3n institucional y territorial.<\/span><\/p>\n<p style=\"text-align: justify;\"><span style=\"font-family: verdana, geneva, sans-serif;\">El prop\u00f3sito del Coordinador de Convivencia Escolar ser\u00e1 gestionar un clima de trabajo adecuado y un estilo de relaciones que facilite el desarrollo de las personas, a trav\u00e9s de la implementaci\u00f3n del manual de convivencia escolar y del reglamento interno.<\/span><\/p>\n<p>[\/vc_column_text][vc_btn title=&#8221;Conoce m\u00e1s&#8221; color=&#8221;info&#8221; link=&#8221;url:https%3A%2F%2Fescsanvicentedepaul.cl%2Fwp-content%2Fuploads%2F2024%2F10%2FRESENA-CONVIVENCIA-ESCOLAR.pdf&#8221;][\/vc_column][\/vc_row][vc_row][vc_column][vc_empty_space][\/vc_column][\/vc_row]<\/p>\n<\/div>","protected":false},"excerpt":{"rendered":"<p>[vc_row css=&#8221;.vc_custom_1721434304381{margin-right: 60px !important;}&#8221;][vc_column width=&#8221;1\/3&#8243; css=&#8221;.vc_custom_1731250973912{margin-top: 40px !important;}&#8221; offset=&#8221;vc_hidden-md vc_hidden-sm vc_hidden-xs&#8221;][vc_single_image image=&#8221;6716&#8243; img_size=&#8221;large&#8221; alignment=&#8221;center&#8221; css=&#8221;.vc_custom_1777556329878{margin-left: 60px !important;}&#8221;][vc_column_text css=&#8221;.vc_custom_1777556559031{margin-top: -100px !important;}&#8221;][\/vc_column_text][\/vc_column][vc_column width=&#8221;2\/3&#8243; css=&#8221;.vc_custom_1731250965569{margin-top: 40px !important;margin-left: 60px !important;}&#8221; offset=&#8221;vc_hidden-md vc_hidden-sm vc_hidden-xs&#8221;][vc_empty_space][vc_column_text] El objetivo central de la Pol\u00edtica de Convivencia Escolar es orientar la definici\u00f3n e implementaci\u00f3n de acciones, iniciativas, programas y proyectos que promuevan y fomenten la [&hellip;]<\/p>\n","protected":false},"author":1,"featured_media":0,"parent":0,"menu_order":0,"comment_status":"closed","ping_status":"closed","template":"","meta":{"footnotes":""},"class_list":["post-4000","page","type-page","status-publish","hentry"],"_links":{"self":[{"href":"https:\/\/escsanvicentedepaul.cl\/index.php?rest_route=\/wp\/v2\/pages\/4000","targetHints":{"allow":["GET"]}}],"collection":[{"href":"https:\/\/escsanvicentedepaul.cl\/index.php?rest_route=\/wp\/v2\/pages"}],"about":[{"href":"https:\/\/escsanvicentedepaul.cl\/index.php?rest_route=\/wp\/v2\/types\/page"}],"author":[{"embeddable":true,"href":"https:\/\/escsanvicentedepaul.cl\/index.php?rest_route=\/wp\/v2\/users\/1"}],"replies":[{"embeddable":true,"href":"https:\/\/escsanvicentedepaul.cl\/index.php?rest_route=%2Fwp%2Fv2%2Fcomments&post=4000"}],"version-history":[{"count":5,"href":"https:\/\/escsanvicentedepaul.cl\/index.php?rest_route=\/wp\/v2\/pages\/4000\/revisions"}],"predecessor-version":[{"id":8240,"href":"https:\/\/escsanvicentedepaul.cl\/index.php?rest_route=\/wp\/v2\/pages\/4000\/revisions\/8240"}],"wp:attachment":[{"href":"https:\/\/escsanvicentedepaul.cl\/index.php?rest_route=%2Fwp%2Fv2%2Fmedia&parent=4000"}],"curies":[{"name":"wp","href":"https:\/\/api.w.org\/{rel}","templated":true}]}}