{"id":3996,"date":"2024-07-20T22:42:02","date_gmt":"2024-07-21T01:42:02","guid":{"rendered":"https:\/\/escsanvicentedepaul.cl\/?page_id=3996"},"modified":"2026-03-05T14:37:01","modified_gmt":"2026-03-05T17:37:01","slug":"utp","status":"publish","type":"page","link":"https:\/\/escsanvicentedepaul.cl\/?page_id=3996","title":{"rendered":"Unidad T\u00e9cnica Pedag\u00f3gica (UTP)"},"content":{"rendered":"<div class=\"wpb-content-wrapper\"><p>[vc_row css=&#8221;.vc_custom_1721434304381{margin-right: 60px !important;}&#8221;][vc_column width=&#8221;1\/3&#8243; css=&#8221;.vc_custom_1728774598144{margin-top: 40px !important;margin-bottom: -20px !important;}&#8221; offset=&#8221;vc_hidden-md vc_hidden-sm vc_hidden-xs&#8221;][vc_single_image image=&#8221;4007&#8243; img_size=&#8221;large&#8221; alignment=&#8221;center&#8221;][vc_column_text css=&#8221;.vc_custom_1721523111531{margin-top: -100px !important;}&#8221;]<img loading=\"lazy\" decoding=\"async\" class=\"aligncenter wp-image-4006 size-large\" src=\"https:\/\/escsanvicentedepaul.cl\/wp-content\/uploads\/2024\/07\/Etiqueta-Nombre-Coordinadores-de-Equipo-o-Area-SVP-2-e1721522800960-1024x455.png\" alt=\"\" width=\"1024\" height=\"455\" \/>[\/vc_column_text][\/vc_column][vc_column width=&#8221;2\/3&#8243; css=&#8221;.vc_custom_1728774417912{margin-top: 40px !important;margin-left: 60px !important;}&#8221; offset=&#8221;vc_hidden-md vc_hidden-sm vc_hidden-xs&#8221;][vc_empty_space][vc_column_text]<\/p>\n<p style=\"text-align: justify;\"><span style=\"font-family: verdana, geneva, sans-serif;\">Nuestro establecimiento educacional se rige por los planes y programas de estudios oficiales vigentes emanados del Ministerio de educaci\u00f3n, adem\u00e1s de planes y programas propios aprobados por Mineduc, seg\u00fan corresponda.<\/span><\/p>\n<p style=\"text-align: justify;\"><span style=\"font-family: verdana, geneva, sans-serif;\">Nuestro establecimiento educacional se declara confesional y ofrece a sus estudiantes la ense\u00f1anza de la religi\u00f3n Cat\u00f3lica Apost\u00f3lica Romana y se regir\u00e1 bajo los preceptos del decreto n\u00b0 924 del a\u00f1o 1984 el cual reglamenta las clases de religi\u00f3n en establecimientos educacionales, las directrices de la Conferencia Episcopal de Chile, de la Vicar\u00eda de la Educaci\u00f3n del Arzobispado de Santiago y las orientaciones pastorales del carisma Vicentino \u2013 Luisiano emanado de la Compa\u00f1\u00eda de las Hijas de la Caridad de san Vicente de Pa\u00fal.<\/span><\/p>\n<p>[\/vc_column_text][vc_btn title=&#8221;Conoce m\u00e1s&#8221; style=&#8221;3d&#8221; color=&#8221;info&#8221; link=&#8221;url:https%3A%2F%2Fescsanvicentedepaul.cl%2Fwp-content%2Fuploads%2F2024%2F08%2FRESENA-UTP-2024-1.pdf|title:Rese%C3%B1a%20UTP&#8221;][\/vc_column][\/vc_row][vc_row css=&#8221;.vc_custom_1721434304381{margin-right: 60px !important;}&#8221;][vc_column width=&#8221;1\/3&#8243; css=&#8221;.vc_custom_1728774459888{margin-top: 40px !important;margin-left: 40px !important;}&#8221; offset=&#8221;vc_hidden-lg&#8221;][vc_single_image image=&#8221;4007&#8243; img_size=&#8221;large&#8221; alignment=&#8221;center&#8221;][vc_column_text css=&#8221;.vc_custom_1721523111531{margin-top: -100px !important;}&#8221;]<img loading=\"lazy\" decoding=\"async\" class=\"aligncenter wp-image-4006 size-large\" src=\"https:\/\/escsanvicentedepaul.cl\/wp-content\/uploads\/2024\/07\/Etiqueta-Nombre-Coordinadores-de-Equipo-o-Area-SVP-2-e1721522800960-1024x455.png\" alt=\"\" width=\"1024\" height=\"455\" \/>[\/vc_column_text][\/vc_column][vc_column width=&#8221;2\/3&#8243; css=&#8221;.vc_custom_1728774665512{margin-left: 40px !important;}&#8221; offset=&#8221;vc_hidden-lg&#8221;][vc_column_text]<\/p>\n<p style=\"text-align: justify;\"><span style=\"font-family: verdana, geneva, sans-serif;\">Nuestro establecimiento educacional se rige por los planes y programas de estudios oficiales vigentes emanados del Ministerio de educaci\u00f3n, adem\u00e1s de planes y programas propios aprobados por Mineduc, seg\u00fan corresponda.<\/span><\/p>\n<p style=\"text-align: justify;\"><span style=\"font-family: verdana, geneva, sans-serif;\">Nuestro establecimiento educacional se declara confesional y ofrece a sus estudiantes la ense\u00f1anza de la religi\u00f3n Cat\u00f3lica Apost\u00f3lica Romana y se regir\u00e1 bajo los preceptos del decreto n\u00b0 924 del a\u00f1o 1984 el cual reglamenta las clases de religi\u00f3n en establecimientos educacionales, las directrices de la Conferencia Episcopal de Chile, de la Vicar\u00eda de la Educaci\u00f3n del Arzobispado de Santiago y las orientaciones pastorales del carisma Vicentino \u2013 Luisiano emanado de la Compa\u00f1\u00eda de las Hijas de la Caridad de san Vicente de Pa\u00fal.<\/span><\/p>\n<p>[\/vc_column_text][vc_btn title=&#8221;Conoce m\u00e1s&#8221; style=&#8221;3d&#8221; color=&#8221;info&#8221; link=&#8221;url:https%3A%2F%2Fescsanvicentedepaul.cl%2Fwp-content%2Fuploads%2F2024%2F08%2FRESENA-UTP-2024-1.pdf|title:Rese%C3%B1a%20UTP&#8221;][\/vc_column][\/vc_row][vc_row][vc_column][vc_empty_space][vc_separator color=&#8221;green&#8221;][vc_empty_space][vc_column_text]<\/p>\n<p style=\"text-align: center;\"><strong><span style=\"font-family: verdana, geneva, sans-serif; font-size: 18pt;\">Equipo T\u00e9cnico Pedag\u00f3gico<\/span><\/strong><\/p>\n<p>[\/vc_column_text][vc_empty_space][vc_column_text]<\/p>\n<p style=\"text-align: justify;\"><span style=\"font-family: verdana, geneva, sans-serif;\">El equipo t\u00e9cnico pedag\u00f3gico es responsable de la programaci\u00f3n, organizaci\u00f3n, planificaci\u00f3n y evaluaci\u00f3n de los procesos pedag\u00f3gicos de la escuela que permitan gestionar, acompa\u00f1ar y retroalimentar a los docentes y asistentes de aula en su accionar dentro y fuera del aula.<\/span><\/p>\n<p>[\/vc_column_text][vc_empty_space][\/vc_column][\/vc_row][vc_row css=&#8221;.vc_custom_1727895477612{background-image: url(https:\/\/escsanvicentedepaul.cl\/wp-content\/uploads\/2024\/09\/Historia-de-Instagram-Cuestionario-Opciones-Creativo-Corporativo-Naranja-y-Rosa-1.jpg?id=5155) !important;}&#8221;][vc_column width=&#8221;1\/2&#8243; offset=&#8221;vc_hidden-md vc_hidden-sm vc_hidden-xs&#8221;][vc_hoverbox image=&#8221;4028&#8243; primary_title=&#8221;&#8221; hover_title=&#8221;Elizabeth Zumar\u00e1n Silva&#8221; hover_background_color=&#8221;vista-blue&#8221; css=&#8221;.vc_custom_1728775045726{margin-right: 155px !important;margin-left: 155px !important;}&#8221;]<\/p>\n<p style=\"text-align: center;\"><span style=\"font-size: 14pt; color: #ffffff;\"><strong><span style=\"font-family: verdana, geneva, sans-serif;\">Coordinadora de Educaci\u00f3n Palvular\u00eda<\/span><\/strong><\/span><\/p>\n<p>[\/vc_hoverbox][vc_empty_space][vc_empty_space][vc_cta h2=&#8221;Educaci\u00f3n Parvularia&#8221; h4=&#8221;Funci\u00f3n de la coordinadora&#8221;]<\/p>\n<div class=\"vc_row wpb_row vc_row-fluid\">\n<div class=\"wpb_column vc_column_container vc_col-sm-12\">\n<div class=\"vc_column-inner\">\n<div class=\"wpb_wrapper\">\n<div class=\"vc_tta-container\" data-vc-action=\"collapse\">\n<div class=\"vc_general vc_tta vc_tta-tabs vc_tta-color-green vc_tta-style-modern vc_tta-shape-round vc_tta-spacing-1 vc_tta-tabs-position-top vc_tta-controls-align-left\">\n<div class=\"vc_tta-panels-container\">\n<div class=\"vc_tta-panels\">\n<div id=\"1594658333869-d94128ac-925e\" class=\"vc_tta-panel vc_active\" data-vc-content=\".vc_tta-panel-body\">\n<div class=\"vc_tta-panel-body\">\n<div class=\"wpb_text_column wpb_content_element \">\n<div class=\"wpb_wrapper\">\n<p style=\"text-align: justify;\"><span style=\"font-family: verdana, geneva, sans-serif; font-size: 10pt;\">Liderar la gesti\u00f3n t\u00e9cnico-pedag\u00f3gica del nivel de educaci\u00f3n parvularia, promoviendo pr\u00e1cticas reflexivas, colaborativas y cr\u00edticas entre las educadoras de p\u00e1rvulos y los equipos pedag\u00f3gicos, para propiciar en los p\u00e1rvulos que asisten al nivel de transici\u00f3n, el desarrollo de habilidades, conocimientos y actitudes, favoreciendo de manera sistem\u00e1tica, oportuna y pertinente una formaci\u00f3n integral, en coherencia con el proyecto educativo vicentino y el curriculum vigente.<\/span><\/p>\n<\/div>\n<\/div>\n<p>&nbsp;<\/p>\n<\/div>\n<\/div>\n<\/div>\n<\/div>\n<\/div>\n<\/div>\n<\/div>\n<\/div>\n<\/div>\n<\/div>\n<p>[\/vc_cta][vc_empty_space][vc_btn title=&#8221;Leer m\u00e1s&#8221; color=&#8221;peacoc&#8221; align=&#8221;center&#8221; link=&#8221;url:https%3A%2F%2Fescsanvicentedepaul.cl%2F%3Fpage_id%3D5200|title:Educaci%C3%B3n%20Parvularia&#8221;][vc_empty_space][\/vc_column][vc_column width=&#8221;1\/2&#8243; offset=&#8221;vc_hidden-md vc_hidden-sm vc_hidden-xs&#8221;][vc_hoverbox image=&#8221;4029&#8243; primary_title=&#8221;&#8221; hover_title=&#8221;Soledad D\u00edaz D\u00edaz&#8221; hover_background_color=&#8221;vista-blue&#8221; css=&#8221;.vc_custom_1727892733522{margin-right: 160px !important;margin-left: 160px !important;}&#8221;]<\/p>\n<p style=\"text-align: center;\"><span style=\"font-size: 14pt; color: #ffffff;\"><strong><span style=\"font-family: verdana, geneva, sans-serif;\">Coordinadora de Primer Ciclo<\/span><\/strong><\/span><\/p>\n<p>[\/vc_hoverbox][vc_empty_space][vc_empty_space][vc_cta h2=&#8221;Primer Ciclo&#8221; h4=&#8221;Funci\u00f3n de la coordinadora&#8221;]<\/p>\n<div class=\"vc_row wpb_row vc_row-fluid\">\n<div class=\"wpb_column vc_column_container vc_col-sm-12\">\n<div class=\"vc_column-inner\">\n<div class=\"wpb_wrapper\">\n<div class=\"vc_tta-container\" data-vc-action=\"collapse\">\n<div class=\"vc_general vc_tta vc_tta-tabs vc_tta-color-green vc_tta-style-modern vc_tta-shape-round vc_tta-spacing-1 vc_tta-tabs-position-top vc_tta-controls-align-left\">\n<div class=\"vc_tta-panels-container\">\n<div class=\"vc_tta-panels\">\n<div id=\"1594658333869-d94128ac-925e\" class=\"vc_tta-panel vc_active\" data-vc-content=\".vc_tta-panel-body\">\n<div class=\"vc_tta-panel-body\">\n<div class=\"wpb_text_column wpb_content_element \">\n<div class=\"wpb_wrapper\">\n<p style=\"text-align: justify;\"><span style=\"font-family: verdana, geneva, sans-serif; font-size: 10pt;\">La funci\u00f3n de la coordinadora de primer ciclo de educaci\u00f3n b\u00e1sica es la de coordinar y liderar todas las actividades pedag\u00f3gicas y administrativas relacionadas con los alumnos y alumnas de primeros a\u00f1os hasta los cuartos a\u00f1os de ense\u00f1anza b\u00e1sica. Dise\u00f1a y supervisa la implementaci\u00f3n de los planos y programas de estudio para los estudiantes del primer ciclo. Esto incluye asegurarse de que los contenidos curriculares est\u00e9n alineados con los est\u00e1ndares educativos establecidos y las necesidades espec\u00edficas de los estudiantes en esta etapa crucial de su desarrollo acad\u00e9mico.<\/span><\/p>\n<\/div>\n<\/div>\n<\/div>\n<\/div>\n<\/div>\n<\/div>\n<\/div>\n<\/div>\n<\/div>\n<\/div>\n<\/div>\n<\/div>\n<p>[\/vc_cta][vc_empty_space][vc_btn title=&#8221;Leer m\u00e1s&#8221; color=&#8221;peacoc&#8221; align=&#8221;center&#8221; link=&#8221;url:https%3A%2F%2Fescsanvicentedepaul.cl%2F%3Fpage_id%3D4410|title:Educaci%C3%B3n%20B%C3%A1sica&#8221;][vc_empty_space][\/vc_column][\/vc_row][vc_row css=&#8221;.vc_custom_1727895477612{background-image: url(https:\/\/escsanvicentedepaul.cl\/wp-content\/uploads\/2024\/09\/Historia-de-Instagram-Cuestionario-Opciones-Creativo-Corporativo-Naranja-y-Rosa-1.jpg?id=5155) !important;}&#8221;][vc_column width=&#8221;1\/2&#8243; offset=&#8221;vc_hidden-lg&#8221;][vc_hoverbox image=&#8221;4028&#8243; primary_title=&#8221;&#8221; hover_title=&#8221;Elizabeth Zumar\u00e1n Silva&#8221; hover_background_color=&#8221;vista-blue&#8221; el_width=&#8221;60&#8243; css=&#8221;.vc_custom_1728775430463{margin-right: -30px !important;margin-left: -30px !important;}&#8221;]<\/p>\n<p style=\"text-align: center;\"><span style=\"font-size: 14pt; color: #ffffff;\"><strong><span style=\"font-family: verdana, geneva, sans-serif;\">Coordinadora de Educaci\u00f3n Palvular\u00eda<\/span><\/strong><\/span><\/p>\n<p>[\/vc_hoverbox][vc_empty_space][vc_empty_space][vc_cta h2=&#8221;Educaci\u00f3n Parvularia&#8221; h4=&#8221;Funci\u00f3n de la coordinadora&#8221;]<\/p>\n<div class=\"vc_row wpb_row vc_row-fluid\">\n<div class=\"wpb_column vc_column_container vc_col-sm-12\">\n<div class=\"vc_column-inner\">\n<div class=\"wpb_wrapper\">\n<div class=\"vc_tta-container\" data-vc-action=\"collapse\">\n<div class=\"vc_general vc_tta vc_tta-tabs vc_tta-color-green vc_tta-style-modern vc_tta-shape-round vc_tta-spacing-1 vc_tta-tabs-position-top vc_tta-controls-align-left\">\n<div class=\"vc_tta-panels-container\">\n<div class=\"vc_tta-panels\">\n<div id=\"1594658333869-d94128ac-925e\" class=\"vc_tta-panel vc_active\" data-vc-content=\".vc_tta-panel-body\">\n<div class=\"vc_tta-panel-body\">\n<div class=\"wpb_text_column wpb_content_element \">\n<div class=\"wpb_wrapper\">\n<p style=\"text-align: justify;\"><span style=\"font-family: verdana, geneva, sans-serif; font-size: 10pt;\">Liderar la gesti\u00f3n t\u00e9cnico-pedag\u00f3gica del nivel de educaci\u00f3n parvularia, promoviendo pr\u00e1cticas reflexivas, colaborativas y cr\u00edticas entre las educadoras de p\u00e1rvulos y los equipos pedag\u00f3gicos, para propiciar en los p\u00e1rvulos que asisten al nivel de transici\u00f3n, el desarrollo de habilidades, conocimientos y actitudes, favoreciendo de manera sistem\u00e1tica, oportuna y pertinente una formaci\u00f3n integral, en coherencia con el proyecto educativo vicentino y el curriculum vigente.<\/span><\/p>\n<\/div>\n<\/div>\n<\/div>\n<\/div>\n<\/div>\n<\/div>\n<\/div>\n<\/div>\n<\/div>\n<\/div>\n<\/div>\n<\/div>\n<p>[\/vc_cta][vc_empty_space][vc_btn title=&#8221;Leer m\u00e1s&#8221; color=&#8221;peacoc&#8221; align=&#8221;center&#8221; link=&#8221;url:https%3A%2F%2Fescsanvicentedepaul.cl%2F%3Fpage_id%3D5200|title:Educaci%C3%B3n%20Parvularia&#8221;][vc_empty_space][\/vc_column][vc_column width=&#8221;1\/2&#8243; offset=&#8221;vc_hidden-lg&#8221;][vc_hoverbox image=&#8221;4029&#8243; primary_title=&#8221;&#8221; hover_title=&#8221;Soledad D\u00edaz D\u00edaz&#8221; hover_background_color=&#8221;vista-blue&#8221; el_width=&#8221;60&#8243; css=&#8221;.vc_custom_1728775303363{margin-right: -20px !important;margin-left: -20px !important;}&#8221;]<\/p>\n<p style=\"text-align: center;\"><span style=\"font-size: 14pt; color: #ffffff;\"><strong><span style=\"font-family: verdana, geneva, sans-serif;\">Coordinadora de Primer Ciclo<\/span><\/strong><\/span><\/p>\n<p>[\/vc_hoverbox][vc_empty_space][vc_empty_space][vc_cta h2=&#8221;Primer Ciclo&#8221; h4=&#8221;Funci\u00f3n de la coordinadora&#8221;]<\/p>\n<div class=\"vc_row wpb_row vc_row-fluid\">\n<div class=\"wpb_column vc_column_container vc_col-sm-12\">\n<div class=\"vc_column-inner\">\n<div class=\"wpb_wrapper\">\n<div class=\"vc_tta-container\" data-vc-action=\"collapse\">\n<div class=\"vc_general vc_tta vc_tta-tabs vc_tta-color-green vc_tta-style-modern vc_tta-shape-round vc_tta-spacing-1 vc_tta-tabs-position-top vc_tta-controls-align-left\">\n<div class=\"vc_tta-panels-container\">\n<div class=\"vc_tta-panels\">\n<div id=\"1594658333869-d94128ac-925e\" class=\"vc_tta-panel vc_active\" data-vc-content=\".vc_tta-panel-body\">\n<div class=\"vc_tta-panel-body\">\n<div class=\"wpb_text_column wpb_content_element \">\n<div class=\"wpb_wrapper\">\n<p style=\"text-align: justify;\"><span style=\"font-family: verdana, geneva, sans-serif; font-size: 10pt;\">La funci\u00f3n de la coordinadora de primer ciclo de educaci\u00f3n b\u00e1sica es la de coordinar y liderar todas las actividades pedag\u00f3gicas y administrativas relacionadas con los alumnos y alumnas de primeros a\u00f1os hasta los cuartos a\u00f1os de ense\u00f1anza b\u00e1sica. Dise\u00f1a y supervisa la implementaci\u00f3n de los planos y programas de estudio para los estudiantes del primer ciclo. Esto incluye asegurarse de que los contenidos curriculares est\u00e9n alineados con los est\u00e1ndares educativos establecidos y las necesidades espec\u00edficas de los estudiantes en esta etapa crucial de su desarrollo acad\u00e9mico.<\/span><\/p>\n<\/div>\n<\/div>\n<\/div>\n<\/div>\n<\/div>\n<\/div>\n<\/div>\n<\/div>\n<\/div>\n<\/div>\n<\/div>\n<\/div>\n<p>[\/vc_cta][vc_btn title=&#8221;Leer m\u00e1s&#8221; color=&#8221;peacoc&#8221; align=&#8221;center&#8221; link=&#8221;url:https%3A%2F%2Fescsanvicentedepaul.cl%2F%3Fpage_id%3D4410|title:Educaci%C3%B3n%20B%C3%A1sica&#8221;][vc_empty_space][\/vc_column][\/vc_row][vc_row][vc_column][vc_empty_space][vc_empty_space][vc_separator color=&#8221;chino&#8221;][vc_empty_space][\/vc_column][\/vc_row][vc_row css=&#8221;.vc_custom_1727895406465{background-image: url(https:\/\/escsanvicentedepaul.cl\/wp-content\/uploads\/2024\/09\/Historia-de-Instagram-Cuestionario-Opciones-Creativo-Corporativo-Naranja-y-Rosa-1.jpg?id=5155) !important;}&#8221;][vc_column width=&#8221;1\/2&#8243; offset=&#8221;vc_hidden-md vc_hidden-sm vc_hidden-xs&#8221;][vc_empty_space][vc_hoverbox primary_title=&#8221;&#8221; hover_title=&#8221;&#8221; hover_background_color=&#8221;vista-blue&#8221; css=&#8221;.vc_custom_1772732054650{margin-right: 160px !important;margin-left: 160px !important;}&#8221;]<\/p>\n<p style=\"text-align: center;\"><span style=\"font-size: 14pt; color: #ffffff;\"><strong><span style=\"font-family: verdana, geneva, sans-serif;\">Coordinador de Segundo Ciclo<\/span><\/strong><\/span><\/p>\n<p>[\/vc_hoverbox][vc_empty_space][vc_empty_space][vc_cta h2=&#8221;Segundo Ciclo&#8221; h4=&#8221;Funci\u00f3n del coordinador&#8221;]<\/p>\n<p style=\"text-align: justify;\"><span style=\"font-family: verdana, geneva, sans-serif; font-size: 10pt;\">La funci\u00f3n del coordinador de segundo ciclo de educaci\u00f3n b\u00e1sica es esencial para garantizar un desarrollo acad\u00e9mico integral y de calidad en los estudiantes de quito a octavo b\u00e1sica, durante esta etapa educativa crucial. Se encarga de dise\u00f1ar y supervisar la implementaci\u00f3n de los programas de estudio para el segundo ciclo de educaci\u00f3n b\u00e1sica. Es responsable de orientar y apoyar al equipo de docentes del segundo ciclo. Proporciona el uso efectivo de recursos educativos y estrategias de evaluaci\u00f3n que promuevan un aprendizaje significativo y adaptado a las diversas capacidades y estilos de aprendizaje de los estudiantes.<\/span><\/p>\n<p>[\/vc_cta][vc_btn title=&#8221;Leer m\u00e1s&#8221; color=&#8221;peacoc&#8221; align=&#8221;center&#8221; link=&#8221;url:https%3A%2F%2Fescsanvicentedepaul.cl%2F%3Fpage_id%3D4410|title:Educaci%C3%B3n%20B%C3%A1sica&#8221;][vc_empty_space][\/vc_column][vc_column width=&#8221;1\/2&#8243; offset=&#8221;vc_hidden-md vc_hidden-sm vc_hidden-xs&#8221;][vc_empty_space][vc_hoverbox image=&#8221;4026&#8243; primary_title=&#8221;&#8221; hover_title=&#8221;Makarena Araya Villalobos&#8221; hover_background_color=&#8221;vista-blue&#8221; css=&#8221;.vc_custom_1722809442414{margin-right: 155px !important;margin-left: 155px !important;}&#8221;]<\/p>\n<p style=\"text-align: center;\"><span style=\"font-size: 14pt; color: #ffffff;\"><strong><span style=\"font-family: verdana, geneva, sans-serif;\">Coordinadora del PIE<\/span><\/strong><\/span><\/p>\n<p>[\/vc_hoverbox][vc_empty_space][vc_empty_space][vc_cta h2=&#8221;Programa de Integraci\u00f3n Escolar (PIE)&#8221; h4=&#8221;Funci\u00f3n de la coordinadora de PIE&#8221;]<\/p>\n<div class=\"vc_row wpb_row vc_row-fluid\">\n<div class=\"wpb_column vc_column_container vc_col-sm-12\">\n<div class=\"vc_column-inner\">\n<div class=\"wpb_wrapper\">\n<div class=\"vc_tta-container\" data-vc-action=\"collapse\">\n<div class=\"vc_general vc_tta vc_tta-tabs vc_tta-color-green vc_tta-style-modern vc_tta-shape-round vc_tta-spacing-1 vc_tta-tabs-position-top vc_tta-controls-align-left\">\n<div class=\"vc_tta-panels-container\">\n<div class=\"vc_tta-panels\">\n<div id=\"1594658333869-d94128ac-925e\" class=\"vc_tta-panel vc_active\" data-vc-content=\".vc_tta-panel-body\">\n<div class=\"vc_tta-panel-body\">\n<div class=\"wpb_text_column wpb_content_element \">\n<div class=\"wpb_wrapper\">\n<p style=\"text-align: justify;\"><span style=\"font-family: verdana, geneva, sans-serif; font-size: 10pt;\">Liderar al equipo PIE, articulando las acciones profesionales de cada uno de sus integrantes. Este equipo multidisciplinario es el encargado de velar por la implementaci\u00f3n del PIE, a fin de detectar, evaluar y acompa\u00f1ar a los estudiantes con NEE y a sus padres y apoderados en el proceso de aprendizaje dentro del CEV, ayudando a las labores de los docentes, en conformidad con el PME y el PEV, mantenido un contacto fluido con el MINEDUC.<\/span><\/p>\n<\/div>\n<\/div>\n<\/div>\n<\/div>\n<\/div>\n<\/div>\n<\/div>\n<\/div>\n<\/div>\n<\/div>\n<\/div>\n<\/div>\n<p>[\/vc_cta][vc_btn title=&#8221;Leer m\u00e1s&#8221; color=&#8221;peacoc&#8221; align=&#8221;center&#8221; link=&#8221;url:https%3A%2F%2Fescsanvicentedepaul.cl%2F%3Fpage_id%3D3998|title:Programaci%C3%B3n%20de%20Integraci%C3%B3n%20Escolar%20(PIE)&#8221;][vc_empty_space][\/vc_column][\/vc_row][vc_row css=&#8221;.vc_custom_1727895406465{background-image: url(https:\/\/escsanvicentedepaul.cl\/wp-content\/uploads\/2024\/09\/Historia-de-Instagram-Cuestionario-Opciones-Creativo-Corporativo-Naranja-y-Rosa-1.jpg?id=5155) !important;}&#8221;][vc_column width=&#8221;1\/2&#8243; offset=&#8221;vc_hidden-lg&#8221;][vc_empty_space][vc_hoverbox primary_title=&#8221;&#8221; hover_title=&#8221;&#8221; hover_background_color=&#8221;vista-blue&#8221; el_width=&#8221;60&#8243; css=&#8221;.vc_custom_1772732064073{margin-right: -25px !important;margin-left: -25px !important;}&#8221;]<\/p>\n<p style=\"text-align: center;\"><span style=\"font-size: 14pt; color: #ffffff;\"><strong><span style=\"font-family: verdana, geneva, sans-serif;\">Coordinador de Segundo Ciclo<\/span><\/strong><\/span><\/p>\n<p>[\/vc_hoverbox][vc_empty_space][vc_empty_space][vc_cta h2=&#8221;Segundo Ciclo&#8221; h4=&#8221;Funci\u00f3n del coordinador&#8221;]<\/p>\n<p style=\"text-align: justify;\"><span style=\"font-family: verdana, geneva, sans-serif; font-size: 10pt;\">La funci\u00f3n del coordinador de segundo ciclo de educaci\u00f3n b\u00e1sica es esencial para garantizar un desarrollo acad\u00e9mico integral y de calidad en los estudiantes de quito a octavo b\u00e1sica, durante esta etapa educativa crucial. Se encarga de dise\u00f1ar y supervisar la implementaci\u00f3n de los programas de estudio para el segundo ciclo de educaci\u00f3n b\u00e1sica. Es responsable de orientar y apoyar al equipo de docentes del segundo ciclo. Proporciona el uso efectivo de recursos educativos y estrategias de evaluaci\u00f3n que promuevan un aprendizaje significativo y adaptado a las diversas capacidades y estilos de aprendizaje de los estudiantes.<\/span><\/p>\n<p>[\/vc_cta][vc_btn title=&#8221;Leer m\u00e1s&#8221; color=&#8221;peacoc&#8221; align=&#8221;center&#8221; link=&#8221;url:https%3A%2F%2Fescsanvicentedepaul.cl%2F%3Fpage_id%3D4410|title:Educaci%C3%B3n%20B%C3%A1sica&#8221;][vc_empty_space][\/vc_column][vc_column width=&#8221;1\/2&#8243; offset=&#8221;vc_hidden-lg&#8221;][vc_empty_space][vc_hoverbox image=&#8221;4026&#8243; primary_title=&#8221;&#8221; hover_title=&#8221;Makarena Araya Villalobos&#8221; hover_background_color=&#8221;vista-blue&#8221; el_width=&#8221;60&#8243; css=&#8221;.vc_custom_1728775921671{margin-right: -20px !important;margin-left: -20px !important;}&#8221;]<\/p>\n<p style=\"text-align: center;\"><span style=\"font-size: 14pt; color: #ffffff;\"><strong><span style=\"font-family: verdana, geneva, sans-serif;\">Coordinadora del PIE<\/span><\/strong><\/span><\/p>\n<p>[\/vc_hoverbox][vc_empty_space][vc_empty_space][vc_cta h2=&#8221;Programa de Integraci\u00f3n Escolar (PIE)&#8221; h4=&#8221;Funci\u00f3n de la coordinadora de PIE&#8221;]<\/p>\n<div class=\"vc_row wpb_row vc_row-fluid\">\n<div class=\"wpb_column vc_column_container vc_col-sm-12\">\n<div class=\"vc_column-inner\">\n<div class=\"wpb_wrapper\">\n<div class=\"vc_tta-container\" data-vc-action=\"collapse\">\n<div class=\"vc_general vc_tta vc_tta-tabs vc_tta-color-green vc_tta-style-modern vc_tta-shape-round vc_tta-spacing-1 vc_tta-tabs-position-top vc_tta-controls-align-left\">\n<div class=\"vc_tta-panels-container\">\n<div class=\"vc_tta-panels\">\n<div id=\"1594658333869-d94128ac-925e\" class=\"vc_tta-panel vc_active\" data-vc-content=\".vc_tta-panel-body\">\n<div class=\"vc_tta-panel-body\">\n<div class=\"wpb_text_column wpb_content_element \">\n<div class=\"wpb_wrapper\">\n<p style=\"text-align: justify;\"><span style=\"font-family: verdana, geneva, sans-serif; font-size: 10pt;\">Liderar al equipo PIE, articulando las acciones profesionales de cada uno de sus integrantes. Este equipo multidisciplinario es el encargado de velar por la implementaci\u00f3n del PIE, a fin de detectar, evaluar y acompa\u00f1ar a los estudiantes con NEE y a sus padres y apoderados en el proceso de aprendizaje dentro del CEV, ayudando a las labores de los docentes, en conformidad con el PME y el PEV, mantenido un contacto fluido con el MINEDUC.<\/span><\/p>\n<\/div>\n<\/div>\n<\/div>\n<\/div>\n<\/div>\n<\/div>\n<\/div>\n<\/div>\n<\/div>\n<\/div>\n<\/div>\n<\/div>\n<p>[\/vc_cta][vc_btn title=&#8221;Leer m\u00e1s&#8221; color=&#8221;peacoc&#8221; align=&#8221;center&#8221; link=&#8221;url:https%3A%2F%2Fescsanvicentedepaul.cl%2F%3Fpage_id%3D3998|title:Programaci%C3%B3n%20de%20Integraci%C3%B3n%20Escolar%20(PIE)&#8221;][vc_empty_space][\/vc_column][\/vc_row][vc_row][vc_column][vc_empty_space][vc_empty_space][vc_empty_space][\/vc_column][\/vc_row]<\/p>\n<\/div>","protected":false},"excerpt":{"rendered":"<p>[vc_row css=&#8221;.vc_custom_1721434304381{margin-right: 60px !important;}&#8221;][vc_column width=&#8221;1\/3&#8243; css=&#8221;.vc_custom_1728774598144{margin-top: 40px !important;margin-bottom: -20px !important;}&#8221; offset=&#8221;vc_hidden-md vc_hidden-sm vc_hidden-xs&#8221;][vc_single_image image=&#8221;4007&#8243; img_size=&#8221;large&#8221; alignment=&#8221;center&#8221;][vc_column_text css=&#8221;.vc_custom_1721523111531{margin-top: -100px !important;}&#8221;][\/vc_column_text][\/vc_column][vc_column width=&#8221;2\/3&#8243; css=&#8221;.vc_custom_1728774417912{margin-top: 40px !important;margin-left: 60px !important;}&#8221; offset=&#8221;vc_hidden-md vc_hidden-sm vc_hidden-xs&#8221;][vc_empty_space][vc_column_text] Nuestro establecimiento educacional se rige por los planes y programas de estudios oficiales vigentes emanados del Ministerio de educaci\u00f3n, adem\u00e1s de planes y programas propios aprobados por [&hellip;]<\/p>\n","protected":false},"author":1,"featured_media":0,"parent":0,"menu_order":0,"comment_status":"closed","ping_status":"closed","template":"","meta":{"footnotes":""},"class_list":["post-3996","page","type-page","status-publish","hentry"],"_links":{"self":[{"href":"https:\/\/escsanvicentedepaul.cl\/index.php?rest_route=\/wp\/v2\/pages\/3996","targetHints":{"allow":["GET"]}}],"collection":[{"href":"https:\/\/escsanvicentedepaul.cl\/index.php?rest_route=\/wp\/v2\/pages"}],"about":[{"href":"https:\/\/escsanvicentedepaul.cl\/index.php?rest_route=\/wp\/v2\/types\/page"}],"author":[{"embeddable":true,"href":"https:\/\/escsanvicentedepaul.cl\/index.php?rest_route=\/wp\/v2\/users\/1"}],"replies":[{"embeddable":true,"href":"https:\/\/escsanvicentedepaul.cl\/index.php?rest_route=%2Fwp%2Fv2%2Fcomments&post=3996"}],"version-history":[{"count":6,"href":"https:\/\/escsanvicentedepaul.cl\/index.php?rest_route=\/wp\/v2\/pages\/3996\/revisions"}],"predecessor-version":[{"id":7978,"href":"https:\/\/escsanvicentedepaul.cl\/index.php?rest_route=\/wp\/v2\/pages\/3996\/revisions\/7978"}],"wp:attachment":[{"href":"https:\/\/escsanvicentedepaul.cl\/index.php?rest_route=%2Fwp%2Fv2%2Fmedia&parent=3996"}],"curies":[{"name":"wp","href":"https:\/\/api.w.org\/{rel}","templated":true}]}}