{"id":3914,"date":"2024-07-19T20:00:40","date_gmt":"2024-07-19T23:00:40","guid":{"rendered":"https:\/\/escsanvicentedepaul.cl\/?page_id=3914"},"modified":"2026-04-01T07:54:50","modified_gmt":"2026-04-01T10:54:50","slug":"inspectoria","status":"publish","type":"page","link":"https:\/\/escsanvicentedepaul.cl\/?page_id=3914","title":{"rendered":"Inspectoria"},"content":{"rendered":"<div class=\"wpb-content-wrapper\"><p>[vc_row css=&#8221;.vc_custom_1728767622596{margin-right: 60px !important;}&#8221;][vc_column width=&#8221;1\/3&#8243; css=&#8221;.vc_custom_1728768102595{margin-top: 40px !important;}&#8221; offset=&#8221;vc_hidden-md vc_hidden-sm vc_hidden-xs&#8221;][vc_single_image image=&#8221;3918&#8243; img_size=&#8221;large&#8221; alignment=&#8221;center&#8221;][vc_column_text css=&#8221;.vc_custom_1721514238541{margin-top: -100px !important;}&#8221;]<img loading=\"lazy\" decoding=\"async\" class=\"aligncenter wp-image-3920 size-large\" src=\"https:\/\/escsanvicentedepaul.cl\/wp-content\/uploads\/2024\/07\/Etiqueta-Rectangular-Identificador-de-Evento-Moderno-Amarillo-1-e1721514229522-1024x464.png\" alt=\"\" width=\"1024\" height=\"464\" srcset=\"https:\/\/escsanvicentedepaul.cl\/wp-content\/uploads\/2024\/07\/Etiqueta-Rectangular-Identificador-de-Evento-Moderno-Amarillo-1-e1721514229522-1024x464.png 1024w, https:\/\/escsanvicentedepaul.cl\/wp-content\/uploads\/2024\/07\/Etiqueta-Rectangular-Identificador-de-Evento-Moderno-Amarillo-1-e1721514229522-300x136.png 300w, https:\/\/escsanvicentedepaul.cl\/wp-content\/uploads\/2024\/07\/Etiqueta-Rectangular-Identificador-de-Evento-Moderno-Amarillo-1-e1721514229522-768x348.png 768w, https:\/\/escsanvicentedepaul.cl\/wp-content\/uploads\/2024\/07\/Etiqueta-Rectangular-Identificador-de-Evento-Moderno-Amarillo-1-e1721514229522-1536x696.png 1536w, https:\/\/escsanvicentedepaul.cl\/wp-content\/uploads\/2024\/07\/Etiqueta-Rectangular-Identificador-de-Evento-Moderno-Amarillo-1-e1721514229522-600x272.png 600w, https:\/\/escsanvicentedepaul.cl\/wp-content\/uploads\/2024\/07\/Etiqueta-Rectangular-Identificador-de-Evento-Moderno-Amarillo-1-e1721514229522.png 1772w\" sizes=\"auto, (max-width: 1024px) 100vw, 1024px\" \/>[\/vc_column_text][\/vc_column][vc_column width=&#8221;2\/3&#8243; css=&#8221;.vc_custom_1728768115755{margin-top: 40px !important;margin-left: 60px !important;background-image: url(https:\/\/escsanvicentedepaul.cl\/wp-content\/uploads\/2024\/09\/Historia-de-Instagram-Cuestionario-Opciones-Creativo-Corporativo-Naranja-y-Rosa-1.jpg?id=5155) !important;border-radius: 15px !important;}&#8221; offset=&#8221;vc_hidden-md vc_hidden-sm vc_hidden-xs&#8221;][vc_empty_space][vc_column_text]<\/p>\n<p style=\"text-align: justify;\"><span style=\"font-family: verdana, geneva, sans-serif;\">En nuestro Centro Educativo Vicentino la figura de Inspector General cumple una funci\u00f3n elemental en la gesti\u00f3n, coordinaci\u00f3n, supervisi\u00f3n, acompa\u00f1amiento y educaci\u00f3n frente a toda la comunidad, destacando dentro de su rol velar por el respeto y las buenas relaciones interpersonales entre todos, apoyado por el reglamento interno de convivencia escolar, con una mirada acogedora, constructiva, abierta a la escucha activa.<\/span><\/p>\n<p style=\"text-align: justify;\"><span style=\"font-family: verdana, geneva, sans-serif;\">Podemos destacar que el trabajo en equipo es el estilo que se destaca junto a los profesionales que abordan las distintas tem\u00e1ticas en su quehacer diario, siendo los inspectores de ciclo pieza elemental en la entrega de atenci\u00f3n a todos nuestros ni\u00f1os y ni\u00f1as seg\u00fan necesidades y activaci\u00f3n de protocolos que corresponden seg\u00fan Reglamento Interno de Convivencia Escolar (R.I.C.E).<\/span><\/p>\n<p>[\/vc_column_text][\/vc_column][\/vc_row][vc_row css=&#8221;.vc_custom_1728767622596{margin-right: 60px !important;}&#8221;][vc_column width=&#8221;1\/3&#8243; css=&#8221;.vc_custom_1728768244387{margin-top: 40px !important;margin-left: 30px !important;}&#8221; offset=&#8221;vc_hidden-lg&#8221;][vc_empty_space][vc_single_image image=&#8221;3918&#8243; img_size=&#8221;large&#8221; alignment=&#8221;center&#8221;][vc_empty_space][vc_column_text css=&#8221;.vc_custom_1721514238541{margin-top: -100px !important;}&#8221;]<img loading=\"lazy\" decoding=\"async\" class=\"aligncenter wp-image-3920 size-large\" src=\"https:\/\/escsanvicentedepaul.cl\/wp-content\/uploads\/2024\/07\/Etiqueta-Rectangular-Identificador-de-Evento-Moderno-Amarillo-1-e1721514229522-1024x464.png\" alt=\"\" width=\"1024\" height=\"464\" srcset=\"https:\/\/escsanvicentedepaul.cl\/wp-content\/uploads\/2024\/07\/Etiqueta-Rectangular-Identificador-de-Evento-Moderno-Amarillo-1-e1721514229522-1024x464.png 1024w, https:\/\/escsanvicentedepaul.cl\/wp-content\/uploads\/2024\/07\/Etiqueta-Rectangular-Identificador-de-Evento-Moderno-Amarillo-1-e1721514229522-300x136.png 300w, https:\/\/escsanvicentedepaul.cl\/wp-content\/uploads\/2024\/07\/Etiqueta-Rectangular-Identificador-de-Evento-Moderno-Amarillo-1-e1721514229522-768x348.png 768w, https:\/\/escsanvicentedepaul.cl\/wp-content\/uploads\/2024\/07\/Etiqueta-Rectangular-Identificador-de-Evento-Moderno-Amarillo-1-e1721514229522-1536x696.png 1536w, https:\/\/escsanvicentedepaul.cl\/wp-content\/uploads\/2024\/07\/Etiqueta-Rectangular-Identificador-de-Evento-Moderno-Amarillo-1-e1721514229522-600x272.png 600w, https:\/\/escsanvicentedepaul.cl\/wp-content\/uploads\/2024\/07\/Etiqueta-Rectangular-Identificador-de-Evento-Moderno-Amarillo-1-e1721514229522.png 1772w\" sizes=\"auto, (max-width: 1024px) 100vw, 1024px\" \/>[\/vc_column_text][\/vc_column][vc_column width=&#8221;2\/3&#8243; css=&#8221;.vc_custom_1728774232988{margin-top: 40px !important;margin-left: 40px !important;background-image: url(https:\/\/escsanvicentedepaul.cl\/wp-content\/uploads\/2024\/09\/Historia-de-Instagram-Cuestionario-Opciones-Creativo-Corporativo-Naranja-y-Rosa-1.jpg?id=5155) !important;border-radius: 15px !important;}&#8221; offset=&#8221;vc_hidden-lg&#8221;][vc_empty_space][vc_column_text]<\/p>\n<p style=\"text-align: justify;\"><span style=\"font-family: verdana, geneva, sans-serif;\">En nuestro Centro Educativo Vicentino la figura de Inspector General cumple una funci\u00f3n elemental en la gesti\u00f3n, coordinaci\u00f3n, supervisi\u00f3n, acompa\u00f1amiento y educaci\u00f3n frente a toda la comunidad, destacando dentro de su rol velar por el respeto y las buenas relaciones interpersonales entre todos, apoyado por el reglamento interno de convivencia escolar, con una mirada acogedora, constructiva, abierta a la escucha activa.<\/span><\/p>\n<p style=\"text-align: justify;\"><span style=\"font-family: verdana, geneva, sans-serif;\">Podemos destacar que el trabajo en equipo es el estilo que se destaca junto a los profesionales que abordan las distintas tem\u00e1ticas en su quehacer diario, siendo los inspectores de ciclo pieza elemental en la entrega de atenci\u00f3n a todos nuestros ni\u00f1os y ni\u00f1as seg\u00fan necesidades y activaci\u00f3n de protocolos que corresponden seg\u00fan Reglamento Interno de Convivencia Escolar (R.I.C.E).<\/span><\/p>\n<p>[\/vc_column_text][\/vc_column][\/vc_row][vc_row][vc_column][vc_empty_space height=&#8221;15px&#8221;][\/vc_column][\/vc_row][vc_row][vc_column][stm_separator][\/vc_column][\/vc_row][vc_row][vc_column][vc_column_text]<\/p>\n<p style=\"text-align: justify;\"><span style=\"font-family: verdana, geneva, sans-serif;\">Las inspectoras de ciclo cumplen una labor fundamental en la acogida de necesidades de nuestros estudiantes y resoluci\u00f3n de conflictos, respetando en cada momento sus puntos de vista e individualidad, manteniendo siempre las reservas del caso, seg\u00fan lo amerite.<\/span><\/p>\n<p>[\/vc_column_text][\/vc_column][\/vc_row][vc_row equal_height=&#8221;yes&#8221;][vc_column width=&#8221;1\/3&#8243; offset=&#8221;vc_hidden-md vc_hidden-sm&#8221; css=&#8221;.vc_custom_1731943683192{margin-right: -10px !important;margin-left: -10px !important;}&#8221;][vc_hoverbox image=&#8221;3921&#8243; primary_title=&#8221;&#8221; hover_title=&#8221;Mixi Godoy&#8221; hover_background_color=&#8221;turquoise&#8221; el_width=&#8221;70&#8243; css_animation=&#8221;fadeInUpBig&#8221; css=&#8221;.vc_custom_1731942766864{padding-top: -60px !important;padding-right: -60px !important;padding-bottom: -60px !important;padding-left: -60px !important;}&#8221;]<\/p>\n<p style=\"text-align: center;\"><span style=\"color: #ffffff;\"><strong><span style=\"font-family: verdana, geneva, sans-serif; font-size: 14pt;\">Inspectora<\/span><\/strong>\u00a0<strong style=\"font-size: 16px;\"><span style=\"font-family: verdana, geneva, sans-serif; font-size: 14pt;\">Pre B\u00e1sica<\/span><\/strong><\/span><\/p>\n<p>[\/vc_hoverbox][vc_empty_space][vc_empty_space][\/vc_column][vc_column width=&#8221;1\/3&#8243; offset=&#8221;vc_hidden-md vc_hidden-sm&#8221;][vc_empty_space][vc_column_text css=&#8221;.vc_custom_1728386690615{margin-left: 20px !important;}&#8221;]<\/p>\n<p style=\"text-align: justify;\"><span style=\"font-family: verdana, geneva, sans-serif;\">En el nivel educaci\u00f3n parvularia, contamos con la se\u00f1ora Mixi Godoy Michea y Sor Juana Romero, quienes se encuentran atentas en el recibimiento de estudiantes p\u00e1rvulos desde las primeras horas de la ma\u00f1ana hasta su salida de clases, de ser necesario tambi\u00e9n articulando informaci\u00f3n con apoderados, velando siempre por un clima de cortes\u00eda y dedicaci\u00f3n.<\/span><\/p>\n<p>[\/vc_column_text][vc_empty_space][stm_separator separator_icon_library=&#8221;openiconic&#8221; css=&#8221;.vc_custom_1727209372937{margin-left: 20px !important;}&#8221;][\/vc_column][vc_column width=&#8221;1\/3&#8243; offset=&#8221;vc_hidden-md vc_hidden-sm&#8221;][vc_hoverbox image=&#8221;3923&#8243; primary_title=&#8221;&#8221; hover_title=&#8221;Sor Juana Romero&#8221; hover_background_color=&#8221;turquoise&#8221; el_width=&#8221;70&#8243; css_animation=&#8221;fadeInUpBig&#8221; css=&#8221;.vc_custom_1731942776064{padding-top: -60px !important;padding-right: -60px !important;padding-bottom: -60px !important;padding-left: -60px !important;}&#8221;]<\/p>\n<p style=\"text-align: center;\"><span style=\"color: #ffffff;\"><strong><span style=\"font-family: verdana, geneva, sans-serif; font-size: 14pt;\">Inspectora Pre B\u00e1sica<\/span><\/strong><\/span><\/p>\n<p>[\/vc_hoverbox][vc_empty_space][vc_empty_space][\/vc_column][\/vc_row][vc_row][vc_column width=&#8221;1\/3&#8243; offset=&#8221;vc_hidden-lg vc_hidden-xs&#8221;][vc_hoverbox image=&#8221;3921&#8243; primary_title=&#8221;&#8221; hover_title=&#8221;Mixi Godoy&#8221; hover_background_color=&#8221;turquoise&#8221; el_width=&#8221;90&#8243; css_animation=&#8221;fadeInUpBig&#8221; css=&#8221;.vc_custom_1731941557302{margin-right: -20px !important;margin-left: -20px !important;}&#8221;]<\/p>\n<p style=\"text-align: center;\"><span style=\"color: #ffffff;\"><strong><span style=\"font-family: verdana, geneva, sans-serif; font-size: 14pt;\">Inspectora<\/span><\/strong>\u00a0<strong style=\"font-size: 16px;\"><span style=\"font-family: verdana, geneva, sans-serif; font-size: 14pt;\">Pre B\u00e1sica<\/span><\/strong><\/span><\/p>\n<p>[\/vc_hoverbox][vc_empty_space][vc_empty_space][\/vc_column][vc_column width=&#8221;1\/3&#8243; offset=&#8221;vc_hidden-lg vc_hidden-xs&#8221;][vc_empty_space][vc_column_text css=&#8221;.vc_custom_1728386690615{margin-left: 20px !important;}&#8221;]<\/p>\n<p style=\"text-align: justify;\"><span style=\"font-family: verdana, geneva, sans-serif;\">En el nivel educaci\u00f3n parvularia, contamos con la se\u00f1ora Mixi Godoy Michea y Sor Juana Romero, quienes se encuentran atentas en el recibimiento de estudiantes p\u00e1rvulos desde las primeras horas de la ma\u00f1ana hasta su salida de clases, de ser necesario tambi\u00e9n articulando informaci\u00f3n con apoderados, velando siempre por un clima de cortes\u00eda y dedicaci\u00f3n.<\/span><\/p>\n<p>[\/vc_column_text][vc_empty_space][stm_separator separator_icon_library=&#8221;openiconic&#8221; css=&#8221;.vc_custom_1727209372937{margin-left: 20px !important;}&#8221;][\/vc_column][vc_column width=&#8221;1\/3&#8243; offset=&#8221;vc_hidden-lg vc_hidden-xs&#8221;][vc_hoverbox image=&#8221;3923&#8243; primary_title=&#8221;&#8221; hover_title=&#8221;Sor Juana Romero&#8221; hover_background_color=&#8221;turquoise&#8221; el_width=&#8221;90&#8243; css_animation=&#8221;fadeInUpBig&#8221; css=&#8221;.vc_custom_1731941565550{margin-right: -20px !important;margin-left: -20px !important;}&#8221;]<\/p>\n<p style=\"text-align: center;\"><span style=\"color: #ffffff;\"><strong><span style=\"font-family: verdana, geneva, sans-serif; font-size: 14pt;\">Inspectora Pre B\u00e1sica<\/span><\/strong><\/span><\/p>\n<p>[\/vc_hoverbox][vc_empty_space][vc_empty_space][\/vc_column][\/vc_row][vc_row][vc_column width=&#8221;1\/3&#8243; offset=&#8221;vc_hidden-md vc_hidden-sm&#8221;][vc_hoverbox image=&#8221;3925&#8243; primary_title=&#8221;&#8221; hover_title=&#8221;Erika Gonz\u00e1lez&#8221; hover_background_color=&#8221;turquoise&#8221; el_width=&#8221;70&#8243; css_animation=&#8221;fadeInUpBig&#8221; css=&#8221;.vc_custom_1731943208610{padding-top: -60px !important;padding-right: -60px !important;padding-bottom: -60px !important;padding-left: -60px !important;}&#8221;]<\/p>\n<p style=\"text-align: center;\"><span style=\"color: #ffffff;\"><strong><span style=\"font-family: verdana, geneva, sans-serif; font-size: 14pt;\">Inspectora Primer Ciclo<\/span><\/strong><\/span><\/p>\n<p>[\/vc_hoverbox][vc_empty_space][vc_empty_space][\/vc_column][vc_column width=&#8221;1\/3&#8243; offset=&#8221;vc_hidden-md vc_hidden-sm&#8221;][vc_empty_space][vc_empty_space][vc_column_text]<\/p>\n<p style=\"text-align: justify;\"><span style=\"font-family: verdana, geneva, sans-serif;\">En el primer ciclo de educaci\u00f3n b\u00e1sica encontramos a la se\u00f1ora Erika Gonz\u00e1lez Rodr\u00edguez y Karina Gonz\u00e1lez Hern\u00e1ndez quienes trabajan en estrecha relaci\u00f3n con las dem\u00e1s inspectoras de patio y profesionales de \u00e1rea en relaci\u00f3n a la resoluci\u00f3n de conflictos.<\/span><\/p>\n<p>[\/vc_column_text][vc_empty_space][\/vc_column][vc_column width=&#8221;1\/3&#8243; offset=&#8221;vc_hidden-md vc_hidden-sm&#8221;][vc_hoverbox image=&#8221;3926&#8243; primary_title=&#8221;&#8221; hover_title=&#8221;Karina Gonz\u00e1lez&#8221; hover_background_color=&#8221;turquoise&#8221; el_width=&#8221;70&#8243; css_animation=&#8221;fadeInUpBig&#8221; css=&#8221;.vc_custom_1731943472224{margin-top: -5px !important;padding-top: -60px !important;padding-right: -60px !important;padding-bottom: -60px !important;padding-left: -60px !important;}&#8221;]<\/p>\n<p style=\"text-align: center;\"><span style=\"color: #ffffff;\"><strong><span style=\"font-family: verdana, geneva, sans-serif; font-size: 14pt;\">Inspectora Primer Ciclo<\/span><\/strong><\/span><\/p>\n<p>[\/vc_hoverbox][vc_empty_space][vc_empty_space][\/vc_column][\/vc_row][vc_row][vc_column width=&#8221;1\/3&#8243; offset=&#8221;vc_hidden-lg vc_hidden-xs&#8221;][vc_hoverbox image=&#8221;3925&#8243; primary_title=&#8221;&#8221; hover_title=&#8221;Erika Gonz\u00e1lez&#8221; hover_background_color=&#8221;turquoise&#8221; el_width=&#8221;90&#8243; css_animation=&#8221;fadeInUpBig&#8221; css=&#8221;.vc_custom_1731943502802{margin-right: -20px !important;margin-left: -20px !important;}&#8221;]<\/p>\n<p style=\"text-align: center;\"><span style=\"color: #ffffff;\"><strong><span style=\"font-family: verdana, geneva, sans-serif; font-size: 14pt;\">Inspectora Primer Ciclo<\/span><\/strong><\/span><\/p>\n<p>[\/vc_hoverbox][vc_empty_space][\/vc_column][vc_column width=&#8221;1\/3&#8243; offset=&#8221;vc_hidden-lg vc_hidden-xs&#8221;][vc_empty_space][vc_column_text]<\/p>\n<p style=\"text-align: justify;\"><span style=\"font-family: verdana, geneva, sans-serif;\">En el primer ciclo de educaci\u00f3n b\u00e1sica encontramos a la se\u00f1ora Erika Gonz\u00e1lez Rodr\u00edguez y Karina Gonz\u00e1lez Hern\u00e1ndez quienes trabajan en estrecha relaci\u00f3n con las dem\u00e1s inspectoras de patio y profesionales de \u00e1rea en relaci\u00f3n a la resoluci\u00f3n de conflictos.<\/span><\/p>\n<p>[\/vc_column_text][vc_empty_space][\/vc_column][vc_column width=&#8221;1\/3&#8243; offset=&#8221;vc_hidden-lg vc_hidden-xs&#8221;][vc_hoverbox image=&#8221;3926&#8243; primary_title=&#8221;&#8221; hover_title=&#8221;Karina Gonz\u00e1lez&#8221; hover_background_color=&#8221;turquoise&#8221; el_width=&#8221;90&#8243; css_animation=&#8221;fadeInUpBig&#8221; css=&#8221;.vc_custom_1731943513994{margin-right: -20px !important;margin-left: -20px !important;}&#8221;]<\/p>\n<p style=\"text-align: center;\"><span style=\"color: #ffffff;\"><strong><span style=\"font-family: verdana, geneva, sans-serif; font-size: 14pt;\">Inspectora Primer Ciclo<\/span><\/strong><\/span><\/p>\n<p>[\/vc_hoverbox][vc_empty_space][vc_empty_space][\/vc_column][\/vc_row][vc_row][vc_column][stm_separator][\/vc_column][\/vc_row][vc_row css=&#8221;.vc_custom_1721434304381{margin-right: 60px !important;}&#8221;][vc_column width=&#8221;1\/3&#8243; css=&#8221;.vc_custom_1728773004413{margin-top: 40px !important;}&#8221; offset=&#8221;vc_hidden-md vc_hidden-sm vc_hidden-xs&#8221;][vc_hoverbox image=&#8221;5388&#8243; primary_title=&#8221;&#8221; hover_title=&#8221;Cecilia Ch\u00e1vez&#8221; hover_background_color=&#8221;turquoise&#8221; el_width=&#8221;60&#8243; css=&#8221;.vc_custom_1743696287265{margin-left: -60px !important;}&#8221;]<span style=\"color: #ffffff;\"><strong><span style=\"font-family: verdana, geneva, sans-serif; font-size: 14pt;\">Inspectora\u00a0<\/span><\/strong><\/span>[\/vc_hoverbox][\/vc_column][vc_column width=&#8221;2\/3&#8243; css=&#8221;.vc_custom_1728772992596{margin-top: 80px !important;margin-left: 60px !important;background-image: url(https:\/\/escsanvicentedepaul.cl\/wp-content\/uploads\/2024\/09\/Historia-de-Instagram-Cuestionario-Opciones-Creativo-Corporativo-Naranja-y-Rosa-1.jpg?id=5155) !important;border-radius: 15px !important;}&#8221; offset=&#8221;vc_hidden-md vc_hidden-sm vc_hidden-xs&#8221;][vc_column_text]<\/p>\n<p style=\"text-align: justify;\"><span style=\"font-family: verdana, geneva, sans-serif;\">La encargada del segundo ciclo de educaci\u00f3n b\u00e1sica es la se\u00f1ora Cecilia Ch\u00e1vez Robles quien en conjunto con el equipo acompa\u00f1an la labor del inspector, siendo ella la coordinadora de inspector\u00eda, creando planes de mejora constantes para la comunidad educativa.ia Escolar (R.I.C.E).<\/span><\/p>\n<p>[\/vc_column_text][\/vc_column][\/vc_row][vc_row css=&#8221;.vc_custom_1721434304381{margin-right: 60px !important;}&#8221;][vc_column width=&#8221;1\/3&#8243; css=&#8221;.vc_custom_1728773270439{margin-top: 40px !important;margin-left: 60px !important;}&#8221; offset=&#8221;vc_hidden-lg&#8221;][vc_hoverbox image=&#8221;5388&#8243; primary_title=&#8221;&#8221; hover_title=&#8221;Cecilia Ch\u00e1vez&#8221; hover_background_color=&#8221;turquoise&#8221; el_width=&#8221;70&#8243; css=&#8221;.vc_custom_1743696297842{margin-left: -60px !important;}&#8221;]<span style=\"color: #ffffff;\"><strong><span style=\"font-family: verdana, geneva, sans-serif; font-size: 14pt;\">Inspectora\u00a0<\/span><\/strong><\/span>[\/vc_hoverbox][\/vc_column][vc_column width=&#8221;2\/3&#8243; css=&#8221;.vc_custom_1728773300600{margin-top: 80px !important;margin-left: 40px !important;background-image: url(https:\/\/escsanvicentedepaul.cl\/wp-content\/uploads\/2024\/09\/Historia-de-Instagram-Cuestionario-Opciones-Creativo-Corporativo-Naranja-y-Rosa-1.jpg?id=5155) !important;border-radius: 15px !important;}&#8221; offset=&#8221;vc_hidden-lg&#8221;][vc_column_text]<\/p>\n<p style=\"text-align: justify;\"><span style=\"font-family: verdana, geneva, sans-serif;\">La encargada del segundo ciclo de educaci\u00f3n b\u00e1sica es la se\u00f1ora Cecilia Ch\u00e1vez Robles quien en conjunto con el equipo acompa\u00f1an la labor del inspector, siendo ella la coordinadora de inspector\u00eda, creando planes de mejora constantes para la comunidad educativa.ia Escolar (R.I.C.E).<\/span><\/p>\n<p>[\/vc_column_text][\/vc_column][\/vc_row][vc_row][vc_column][vc_empty_space height=&#8221;64px&#8221;][\/vc_column][\/vc_row][vc_row][vc_column][vc_empty_space height=&#8221;64px&#8221;][\/vc_column][\/vc_row][vc_row][vc_column][stm_separator][vc_empty_space height=&#8221;64px&#8221;][\/vc_column][\/vc_row][vc_row css=&#8221;.vc_custom_1731944314132{margin-top: 40px !important;}&#8221;][vc_column width=&#8221;1\/2&#8243; offset=&#8221;vc_hidden-md vc_hidden-sm vc_hidden-xs&#8221;][vc_hoverbox image=&#8221;3922&#8243; primary_title=&#8221;&#8221; hover_title=&#8221;Ruth Portilla&#8221; hover_background_color=&#8221;turquoise&#8221; el_width=&#8221;90&#8243; css_animation=&#8221;fadeInUpBig&#8221; css=&#8221;.vc_custom_1775040818017{margin-right: 140px !important;margin-left: 140px !important;}&#8221;]<\/p>\n<p style=\"text-align: center;\"><span style=\"color: #ffffff;\"><strong><span style=\"font-family: verdana, geneva, sans-serif; font-size: 14pt;\">Inspectora\u00a0<\/span><\/strong><\/span><\/p>\n<p>[\/vc_hoverbox][\/vc_column][vc_column width=&#8221;1\/2&#8243;][vc_hoverbox image=&#8221;3929&#8243; primary_title=&#8221;&#8221; hover_title=&#8221;Fiorella Chepilla&#8221; hover_background_color=&#8221;turquoise&#8221; el_width=&#8221;90&#8243; css_animation=&#8221;fadeInUpBig&#8221; css=&#8221;.vc_custom_1775040842025{margin-right: 140px !important;margin-left: 140px !important;}&#8221;]<\/p>\n<p style=\"text-align: center;\"><span style=\"color: #ffffff;\"><strong><span style=\"font-family: verdana, geneva, sans-serif; font-size: 14pt;\">T\u00e9cnico en Enfermer\u00eda de Nivel Superior<\/span><\/strong><\/span><\/p>\n<p>[\/vc_hoverbox][\/vc_column][\/vc_row][vc_row css=&#8221;.vc_custom_1731944322583{margin-top: 40px !important;}&#8221;][vc_column width=&#8221;1\/2&#8243; offset=&#8221;vc_hidden-lg&#8221;][vc_hoverbox image=&#8221;3922&#8243; primary_title=&#8221;&#8221; hover_title=&#8221;Ruth Portilla&#8221; hover_background_color=&#8221;turquoise&#8221; el_width=&#8221;90&#8243; css_animation=&#8221;fadeInUpBig&#8221;]<\/p>\n<p style=\"text-align: center;\"><span style=\"color: #ffffff;\"><strong><span style=\"font-family: verdana, geneva, sans-serif; font-size: 14pt;\">Inspectora\u00a0<\/span><\/strong><\/span><\/p>\n<p>[\/vc_hoverbox][\/vc_column][vc_column width=&#8221;1\/2&#8243; offset=&#8221;vc_hidden-lg&#8221;][vc_hoverbox image=&#8221;3929&#8243; primary_title=&#8221;&#8221; hover_title=&#8221;Fiorella Chepilla&#8221; hover_background_color=&#8221;turquoise&#8221; el_width=&#8221;90&#8243; css_animation=&#8221;fadeInUpBig&#8221;]<\/p>\n<p style=\"text-align: center;\"><span style=\"color: #ffffff;\"><strong><span style=\"font-family: verdana, geneva, sans-serif; font-size: 14pt;\">T\u00e9cnico en Enfermer\u00eda de Nivel Superior<\/span><\/strong><\/span><\/p>\n<p>[\/vc_hoverbox][\/vc_column][\/vc_row][vc_row][vc_column][vc_empty_space height=&#8221;64px&#8221;][vc_empty_space height=&#8221;64px&#8221;][\/vc_column][\/vc_row]<\/p>\n<\/div>","protected":false},"excerpt":{"rendered":"<p>[vc_row css=&#8221;.vc_custom_1728767622596{margin-right: 60px !important;}&#8221;][vc_column width=&#8221;1\/3&#8243; css=&#8221;.vc_custom_1728768102595{margin-top: 40px !important;}&#8221; offset=&#8221;vc_hidden-md vc_hidden-sm vc_hidden-xs&#8221;][vc_single_image image=&#8221;3918&#8243; img_size=&#8221;large&#8221; alignment=&#8221;center&#8221;][vc_column_text css=&#8221;.vc_custom_1721514238541{margin-top: -100px !important;}&#8221;][\/vc_column_text][\/vc_column][vc_column width=&#8221;2\/3&#8243; css=&#8221;.vc_custom_1728768115755{margin-top: 40px !important;margin-left: 60px !important;background-image: url(https:\/\/escsanvicentedepaul.cl\/wp-content\/uploads\/2024\/09\/Historia-de-Instagram-Cuestionario-Opciones-Creativo-Corporativo-Naranja-y-Rosa-1.jpg?id=5155) !important;border-radius: 15px !important;}&#8221; offset=&#8221;vc_hidden-md vc_hidden-sm vc_hidden-xs&#8221;][vc_empty_space][vc_column_text] En nuestro Centro Educativo Vicentino la figura de Inspector General cumple una funci\u00f3n elemental en la gesti\u00f3n, coordinaci\u00f3n, supervisi\u00f3n, acompa\u00f1amiento y educaci\u00f3n frente a toda [&hellip;]<\/p>\n","protected":false},"author":1,"featured_media":0,"parent":0,"menu_order":0,"comment_status":"closed","ping_status":"closed","template":"","meta":{"footnotes":""},"class_list":["post-3914","page","type-page","status-publish","hentry"],"_links":{"self":[{"href":"https:\/\/escsanvicentedepaul.cl\/index.php?rest_route=\/wp\/v2\/pages\/3914","targetHints":{"allow":["GET"]}}],"collection":[{"href":"https:\/\/escsanvicentedepaul.cl\/index.php?rest_route=\/wp\/v2\/pages"}],"about":[{"href":"https:\/\/escsanvicentedepaul.cl\/index.php?rest_route=\/wp\/v2\/types\/page"}],"author":[{"embeddable":true,"href":"https:\/\/escsanvicentedepaul.cl\/index.php?rest_route=\/wp\/v2\/users\/1"}],"replies":[{"embeddable":true,"href":"https:\/\/escsanvicentedepaul.cl\/index.php?rest_route=%2Fwp%2Fv2%2Fcomments&post=3914"}],"version-history":[{"count":6,"href":"https:\/\/escsanvicentedepaul.cl\/index.php?rest_route=\/wp\/v2\/pages\/3914\/revisions"}],"predecessor-version":[{"id":8100,"href":"https:\/\/escsanvicentedepaul.cl\/index.php?rest_route=\/wp\/v2\/pages\/3914\/revisions\/8100"}],"wp:attachment":[{"href":"https:\/\/escsanvicentedepaul.cl\/index.php?rest_route=%2Fwp%2Fv2%2Fmedia&parent=3914"}],"curies":[{"name":"wp","href":"https:\/\/api.w.org\/{rel}","templated":true}]}}