{"id":3812,"date":"2024-07-14T18:44:16","date_gmt":"2024-07-14T21:44:16","guid":{"rendered":"https:\/\/escsanvicentedepaul.cl\/?page_id=3812"},"modified":"2024-10-19T16:50:56","modified_gmt":"2024-10-19T19:50:56","slug":"compania-hijas-de-la-caridad","status":"publish","type":"page","link":"https:\/\/escsanvicentedepaul.cl\/?page_id=3812","title":{"rendered":"Compa\u00f1\u00eda Hijas de la Caridad"},"content":{"rendered":"<div class=\"wpb-content-wrapper\"><p>[vc_row][vc_column][vc_empty_space][\/vc_column][\/vc_row][vc_row][vc_column][vc_single_image image=&#8221;3825&#8243; img_size=&#8221;1980&#215;706&#8243; add_caption=&#8221;yes&#8221; alignment=&#8221;center&#8221; style=&#8221;vc_box_shadow_3d&#8221;][\/vc_column][\/vc_row][vc_row][vc_column][vc_column_text]<\/p>\n<p style=\"text-align: justify;\"><span style=\"font-family: verdana, geneva, sans-serif;\">Las Hijas de la Caridad, una congregaci\u00f3n religiosa fundada por San Vicente de Pa\u00fal y Santa Luisa de Marillac en el siglo XVII, han desempe\u00f1ado un papel significativo en Chile desde su llegada al pa\u00eds en el siglo XIX. Su misi\u00f3n se ha centrado en el servicio a los m\u00e1s necesitados, especialmente en \u00e1reas como la educaci\u00f3n, la salud y la asistencia social.<\/span><\/p>\n<p style=\"text-align: justify;\"><span style=\"font-family: verdana, geneva, sans-serif;\">\u200b\u200bEn el \u00e1mbito educativo, las Hijas de la Caridad han establecido escuelas y colegios, contribuyendo a la formaci\u00f3n de generaciones de chilenos. Su enfoque en la educaci\u00f3n integral ha permitido que muchos ni\u00f1os y j\u00f3venes de comunidades vulnerables accedan a la oportunidad de una educaci\u00f3n de calidad. <\/span><\/p>\n<p style=\"text-align: justify;\"><span style=\"font-family: verdana, geneva, sans-serif;\">Adem\u00e1s, su encauzamiento educativo no solo se centra en la formaci\u00f3n acad\u00e9mica, sino tambi\u00e9n en el desarrollo de valores, la formaci\u00f3n en la fe y el acompa\u00f1amiento emocional de los estudiantes.<\/span><\/p>\n<p style=\"text-align: justify;\"><span style=\"font-family: verdana, geneva, sans-serif;\">En resumen, las Hijas de la Caridad han sido fundamentales en la promoci\u00f3n de la educaci\u00f3n en Chile, no solo a trav\u00e9s de la creaci\u00f3n de instituciones educativas, sino tambi\u00e9n mediante un enfoque integral que busca el bienestar de los estudiantes y sus comunidades. Su legado en el \u00e1mbito educativo sigue siendo relevante y apreciado en la sociedad chilena.<\/span><\/p>\n<p>[\/vc_column_text][\/vc_column][\/vc_row][vc_row][vc_column][vc_btn title=&#8221;M\u00e1s Informaci\u00f3n&#8221; style=&#8221;3d&#8221; color=&#8221;info&#8221; size=&#8221;lg&#8221; align=&#8221;center&#8221; link=&#8221;url:https%3A%2F%2Fwww.hijasdelacaridad.net%2Findex.php|target:_blank&#8221;][\/vc_column][\/vc_row][vc_row][vc_column][vc_empty_space][vc_empty_space][vc_empty_space][\/vc_column][\/vc_row]<\/p>\n<\/div>","protected":false},"excerpt":{"rendered":"<p>[vc_row][vc_column][vc_empty_space][\/vc_column][\/vc_row][vc_row][vc_column][vc_single_image image=&#8221;3825&#8243; img_size=&#8221;1980&#215;706&#8243; add_caption=&#8221;yes&#8221; alignment=&#8221;center&#8221; style=&#8221;vc_box_shadow_3d&#8221;][\/vc_column][\/vc_row][vc_row][vc_column][vc_column_text] Las Hijas de la Caridad, una congregaci\u00f3n religiosa fundada por San Vicente de Pa\u00fal y Santa Luisa de Marillac en el siglo XVII, han desempe\u00f1ado un papel significativo en Chile desde su llegada al pa\u00eds en el siglo XIX. Su misi\u00f3n se ha centrado en el servicio a los [&hellip;]<\/p>\n","protected":false},"author":1,"featured_media":0,"parent":0,"menu_order":0,"comment_status":"closed","ping_status":"closed","template":"","meta":{"footnotes":""},"class_list":["post-3812","page","type-page","status-publish","hentry"],"_links":{"self":[{"href":"https:\/\/escsanvicentedepaul.cl\/index.php?rest_route=\/wp\/v2\/pages\/3812","targetHints":{"allow":["GET"]}}],"collection":[{"href":"https:\/\/escsanvicentedepaul.cl\/index.php?rest_route=\/wp\/v2\/pages"}],"about":[{"href":"https:\/\/escsanvicentedepaul.cl\/index.php?rest_route=\/wp\/v2\/types\/page"}],"author":[{"embeddable":true,"href":"https:\/\/escsanvicentedepaul.cl\/index.php?rest_route=\/wp\/v2\/users\/1"}],"replies":[{"embeddable":true,"href":"https:\/\/escsanvicentedepaul.cl\/index.php?rest_route=%2Fwp%2Fv2%2Fcomments&post=3812"}],"version-history":[{"count":6,"href":"https:\/\/escsanvicentedepaul.cl\/index.php?rest_route=\/wp\/v2\/pages\/3812\/revisions"}],"predecessor-version":[{"id":5613,"href":"https:\/\/escsanvicentedepaul.cl\/index.php?rest_route=\/wp\/v2\/pages\/3812\/revisions\/5613"}],"wp:attachment":[{"href":"https:\/\/escsanvicentedepaul.cl\/index.php?rest_route=%2Fwp%2Fv2%2Fmedia&parent=3812"}],"curies":[{"name":"wp","href":"https:\/\/api.w.org\/{rel}","templated":true}]}}