{"id":3793,"date":"2024-07-14T11:34:50","date_gmt":"2024-07-14T14:34:50","guid":{"rendered":"https:\/\/escsanvicentedepaul.cl\/?page_id=3793"},"modified":"2024-08-11T09:33:02","modified_gmt":"2024-08-11T12:33:02","slug":"vision-y-mision","status":"publish","type":"page","link":"https:\/\/escsanvicentedepaul.cl\/?page_id=3793","title":{"rendered":"Misi\u00f3n y Visi\u00f3n"},"content":{"rendered":"<div class=\"wpb-content-wrapper\"><p>[vc_row][vc_column][vc_empty_space][\/vc_column][\/vc_row][vc_row][vc_column][vc_empty_space][vc_empty_space][vc_empty_space][vc_empty_space][\/vc_column][\/vc_row][vc_row][vc_column width=&#8221;3\/6&#8243;][stm_title title_tag=&#8221;h2&#8243; title_align=&#8221;center&#8221; title=&#8221;Misi\u00f3n&#8221;][\/stm_title][vc_column_text]<\/p>\r\n<p><span style=\"font-family: verdana, geneva, sans-serif;\"><!-- \/wp:post-content --><\/span><\/p>\r\n<p style=\"text-align: center;\"><!-- wp:quote --><\/p>\r\n<blockquote class=\"wp-block-quote\">\r\n<p style=\"text-align: justify;\"><span style=\"font-family: verdana, geneva, sans-serif;\">Los centros educativos de la Compa\u00f1\u00eda de las Hijas de la Caridad en Chile, trabajan para ser \u00a0instituciones Cat\u00f3licas, Marianas y Vicentinas de calidad, formadores de personas \u00edntegras que buscan el bien com\u00fan, a trav\u00e9s de la caridad, la humildad, la sencillez, el respeto, la responsabilidad y la renovaci\u00f3n, desde nuestra vocaci\u00f3n de disc\u00edpulos misioneros vicentinos en el nuevo milenio.<\/span><\/p>\r\n<\/blockquote>\r\n<p><span style=\"font-family: verdana, geneva, sans-serif;\"><!-- \/wp:quote --><\/span><\/p>\r\n<p><span style=\"font-family: verdana, geneva, sans-serif;\"><!-- \/wp:paragraph --><\/span><\/p>\r\n<p>[\/vc_column_text][\/vc_column][vc_column width=&#8221;3\/6&#8243;][vc_single_image image=&#8221;3807&#8243; img_size=&#8221;600&#215;300&#8243;][\/vc_column][\/vc_row][vc_row][vc_column][vc_empty_space][\/vc_column][\/vc_row][vc_row][vc_column][vc_empty_space][\/vc_column][\/vc_row][vc_row][vc_column width=&#8221;3\/6&#8243;][vc_empty_space][vc_empty_space][vc_single_image image=&#8221;3815&#8243; img_size=&#8221;600&#215;300&#8243;][\/vc_column][vc_column width=&#8221;3\/6&#8243;][stm_title title_tag=&#8221;h2&#8243; title_align=&#8221;center&#8221; title=&#8221;Visi\u00f3n&#8221;][\/stm_title][vc_empty_space][vc_column_text css=&#8221;.vc_custom_1723379259895{margin-top: -40px !important;}&#8221;]<\/p>\r\n<p><span style=\"font-family: verdana, geneva, sans-serif;\"><!-- \/wp:quote --><\/span><\/p>\r\n<p><span style=\"font-family: verdana, geneva, sans-serif;\"><!-- \/wp:paragraph --><\/span><\/p>\r\n<p style=\"text-align: center;\"><!-- wp:quote --><\/p>\r\n<blockquote class=\"wp-block-quote\">\r\n<p style=\"text-align: justify;\"><span style=\"font-family: verdana, geneva, sans-serif;\">Somos una comunidad educativa seguidora de Jesucristo, seg\u00fan el carisma de San Vicente de Pa\u00fal y de Santa Luisa de Marillac, formadora de personas \u00edntegras, con una opci\u00f3n preferencial por los m\u00e1s vulnerables, en estrecho v\u00ednculo con sus familias, desde una caridad afectiva y efectiva, potenciando las competencias necesarias para generar cambios sist\u00e9micos para una sociedad m\u00e1s justa y equitativa.<\/span><\/p>\r\n<\/blockquote>\r\n<p><span style=\"font-family: verdana, geneva, sans-serif;\"><!-- \/wp:quote --><\/span><\/p>\r\n<p><span style=\"font-family: verdana, geneva, sans-serif;\"><!-- \/wp:paragraph --><\/span><\/p>\r\n<p>[\/vc_column_text][\/vc_column][\/vc_row][vc_row][vc_column][vc_empty_space][vc_empty_space][vc_empty_space][\/vc_column][\/vc_row]<\/p><\/div>","protected":false},"excerpt":{"rendered":"<p>[vc_row][vc_column][vc_empty_space][\/vc_column][\/vc_row][vc_row][vc_column][vc_empty_space][vc_empty_space][vc_empty_space][vc_empty_space][\/vc_column][\/vc_row][vc_row][vc_column width=&#8221;3\/6&#8243;][stm_title title_tag=&#8221;h2&#8243; title_align=&#8221;center&#8221; title=&#8221;Misi\u00f3n&#8221;][\/stm_title][vc_column_text] Los centros educativos de la Compa\u00f1\u00eda de las Hijas de la Caridad en Chile, trabajan para ser \u00a0instituciones Cat\u00f3licas, Marianas y Vicentinas de calidad, formadores de personas \u00edntegras que buscan el bien com\u00fan, a trav\u00e9s de la caridad, la humildad, la sencillez, el respeto, la responsabilidad y la renovaci\u00f3n, desde [&hellip;]<\/p>\n","protected":false},"author":1,"featured_media":0,"parent":0,"menu_order":0,"comment_status":"closed","ping_status":"closed","template":"","meta":{"footnotes":""},"class_list":["post-3793","page","type-page","status-publish","hentry"],"_links":{"self":[{"href":"https:\/\/escsanvicentedepaul.cl\/index.php?rest_route=\/wp\/v2\/pages\/3793","targetHints":{"allow":["GET"]}}],"collection":[{"href":"https:\/\/escsanvicentedepaul.cl\/index.php?rest_route=\/wp\/v2\/pages"}],"about":[{"href":"https:\/\/escsanvicentedepaul.cl\/index.php?rest_route=\/wp\/v2\/types\/page"}],"author":[{"embeddable":true,"href":"https:\/\/escsanvicentedepaul.cl\/index.php?rest_route=\/wp\/v2\/users\/1"}],"replies":[{"embeddable":true,"href":"https:\/\/escsanvicentedepaul.cl\/index.php?rest_route=%2Fwp%2Fv2%2Fcomments&post=3793"}],"version-history":[{"count":5,"href":"https:\/\/escsanvicentedepaul.cl\/index.php?rest_route=\/wp\/v2\/pages\/3793\/revisions"}],"predecessor-version":[{"id":4516,"href":"https:\/\/escsanvicentedepaul.cl\/index.php?rest_route=\/wp\/v2\/pages\/3793\/revisions\/4516"}],"wp:attachment":[{"href":"https:\/\/escsanvicentedepaul.cl\/index.php?rest_route=%2Fwp%2Fv2%2Fmedia&parent=3793"}],"curies":[{"name":"wp","href":"https:\/\/api.w.org\/{rel}","templated":true}]}}