{"id":21,"date":"2015-11-25T07:32:54","date_gmt":"2015-11-25T07:32:54","guid":{"rendered":"http:\/\/smartyschool.stylemixthemes.com\/?page_id=21"},"modified":"2026-04-09T15:31:52","modified_gmt":"2026-04-09T18:31:52","slug":"about","status":"publish","type":"page","link":"https:\/\/escsanvicentedepaul.cl\/?page_id=21","title":{"rendered":"Decretos y Normativas"},"content":{"rendered":"<div class=\"wpb-content-wrapper\"><p>[vc_row full_width=&#8221;stretch_row_content_no_spaces&#8221; css=&#8221;.vc_custom_1455945608832{padding-top: 0px !important;}&#8221;][vc_column][vc_empty_space][\/vc_column][vc_column][vc_column_text]<\/p>\n<h1 style=\"text-align: center;\"><strong>DECRETOS Y NORMATIVAS<\/strong><\/h1>\n<p>[\/vc_column_text][\/vc_column][vc_column][vc_column_text]<\/p>\n<h5 style=\"text-align: center;\">Nuestra escuela est\u00e1 regida por los siguientes decretos y normativas internas que determinan nuestra identidad y su funcionamiento.<\/h5>\n<p>[\/vc_column_text][vc_row_inner][vc_column_inner][vc_empty_space][\/vc_column_inner][\/vc_row_inner][\/vc_column][vc_column][vc_column_text]<\/p>\n<h2 style=\"text-align: left;\"><strong>\u00a0 \u00a0 \u00a0 \u00a0 \u00a0 \u00a0 \u00a0 \u00a0 \u00a0 \u00a0 Decretos<\/strong><\/h2>\n<p>[\/vc_column_text][\/vc_column][vc_column][vc_empty_space][\/vc_column][vc_column width=&#8221;1\/6&#8243;][vc_empty_space][\/vc_column][vc_column width=&#8221;2\/3&#8243; css=&#8221;.vc_custom_1721512246720{padding-top: 0px !important;}&#8221;][vc_tta_tour style=&#8221;outline&#8221; color=&#8221;blue&#8221; alignment=&#8221;center&#8221; controls_size=&#8221;lg&#8221; active_section=&#8221;1&#8243; no_fill_content_area=&#8221;true&#8221; css=&#8221;.vc_custom_1720097607809{margin-top: 20px !important;margin-bottom: 20px !important;}&#8221;][vc_tta_section title=&#8221;DECRETO N\u00b0176&#8243; tab_id=&#8221;1720055499061-83591f83-ff26&#8243;][vc_single_image image=&#8221;3543&#8243; img_size=&#8221;large&#8221;][\/vc_tta_section][vc_tta_section title=&#8221;DECRETO N\u00b091&#8243; tab_id=&#8221;1720055499075-3526e338-4157&#8243;][vc_single_image image=&#8221;3546&#8243; img_size=&#8221;large&#8221;][\/vc_tta_section][\/vc_tta_tour][\/vc_column][vc_column width=&#8221;1\/6&#8243;][vc_empty_space][\/vc_column][vc_column][stm_separator][\/vc_column][vc_column][vc_column_text]<\/p>\n<h2 style=\"text-align: left;\"><strong>\u00a0 \u00a0 \u00a0 \u00a0 \u00a0 \u00a0 \u00a0 \u00a0 \u00a0 \u00a0 Normativas<\/strong><\/h2>\n<p>[\/vc_column_text][\/vc_column][\/vc_row][vc_row css=&#8221;.vc_custom_1720122784423{background-color: #141891 !important;border-radius: 25px !important;}&#8221;][vc_column width=&#8221;1\/12&#8243;][stm_separator][\/vc_column][vc_column width=&#8221;10\/12&#8243;][vc_tta_tour active_section=&#8221;1&#8243; css=&#8221;.vc_custom_1720122827140{margin-bottom: 20px !important;}&#8221;][vc_tta_section title=&#8221;Reglamento de Convivencia Escolar&#8221; tab_id=&#8221;1720101117274-fdc77000-2422&#8243;][vc_column_text]<\/p>\n<div class=\"vc_row wpb_row vc_row-fluid\">\n<div class=\"wpb_column vc_column_container vc_col-sm-12\">\n<div class=\"vc_column-inner\">\n<div class=\"wpb_wrapper\">\n<div class=\"vc_tta-container\" data-vc-action=\"collapse\">\n<div class=\"vc_general vc_tta vc_tta-tabs vc_tta-color-peacoc vc_tta-style-classic vc_tta-shape-square vc_tta-spacing-1 vc_tta-tabs-position-left vc_tta-controls-align-left \">\n<div class=\"vc_tta-panels-container\">\n<div class=\"vc_tta-panels\">\n<div id=\"1596556762395-1eb8bd41-a988\" class=\"vc_tta-panel vc_active\" data-vc-content=\".vc_tta-panel-body\">\n<div class=\"vc_tta-panel-body\">\n<div class=\"wpb_text_column wpb_content_element \">\n<div class=\"wpb_wrapper\">\n<p style=\"text-align: justify;\"><span style=\"font-family: verdana, geneva, sans-serif;\">Los Centros Educativos Vicentinos, a trav\u00e9s de sus Equipos de Convivencia Escolar y el Equipo Central de la Red, han ido avanzando en la nueva mirada de las relaciones humanas entre los distintos estamentos y personas que componen la Comunidad Educativa desde la perspectiva de la Convivencia como un aprendizaje que implica el respeto, la inclusi\u00f3n y la valoraci\u00f3n de los distintas personas que comparten la vida en un contexto de aprendizaje,impregnado del Carisma Vicentino que se centran en Vivir la Calidad Educativa desde la Caridad.<\/span><\/p>\n<\/div>\n<\/div>\n<\/div>\n<\/div>\n<div id=\"1596557021393-3cd8a337-a209\" class=\"vc_tta-panel\" data-vc-content=\".vc_tta-panel-body\"><\/div>\n<div id=\"1666013166013-09590eda-e4f4\" class=\"vc_tta-panel\" data-vc-content=\".vc_tta-panel-body\"><\/div>\n<div id=\"1666017554205-96853e46-e944\" class=\"vc_tta-panel\" data-vc-content=\".vc_tta-panel-body\"><\/div>\n<div id=\"1683038054291-310f4f96-4e09\" class=\"vc_tta-panel\" data-vc-content=\".vc_tta-panel-body\"><\/div>\n<\/div>\n<\/div>\n<\/div>\n<\/div>\n<\/div>\n<\/div>\n<\/div>\n<\/div>\n<section class=\"vc_section\">\n<div class=\"vc_row wpb_row vc_row-fluid\"><\/div>\n<\/section>\n<p>[\/vc_column_text][vc_btn title=&#8221;Reglamento de Convivencia Escolar 2026&#8243; style=&#8221;3d&#8221; color=&#8221;primary&#8221; align=&#8221;center&#8221; css_animation=&#8221;flipInY&#8221; link=&#8221;url:https%3A%2F%2Fdrive.google.com%2Ffile%2Fd%2F1ilcWBD2d0EaAsuGBY2sT76OTFAiY2xh3%2Fview%3Fusp%3Dsharing|target:_blank&#8221;][\/vc_tta_section][vc_tta_section title=&#8221;Plan de Seguridad&#8221; tab_id=&#8221;1720101117295-9e12e675-e44c&#8221;][vc_single_image image=&#8221;3559&#8243; img_size=&#8221;full&#8221; onclick=&#8221;img_link_large&#8221; img_link_target=&#8221;_blank&#8221;][vc_btn title=&#8221;Plan de Seguridad Escolar PISE&#8221; style=&#8221;3d&#8221; color=&#8221;primary&#8221; link=&#8221;url:https%3A%2F%2Fdrive.google.com%2Ffile%2Fd%2F1RqECZee-Lml8xV0U6ZUtiwBKDfF9JWBS%2Fview%3Fusp%3Dsharing&#8221;][\/vc_tta_section][vc_tta_section title=&#8221;Seguro Escolar&#8221; tab_id=&#8221;1720104948673-5b3c0d0e-dbf3&#8243;][vc_column_text]<b>SEGURO CONTRA ACCIDENTES ESCOLARES<\/b> D.S. 313 MAYO\/1973. LEY 16.744 DE ACCIDENTES DEL TRABAJO[\/vc_column_text][vc_btn title=&#8221;Seguro Escolar&#8221; style=&#8221;3d&#8221; color=&#8221;primary&#8221; align=&#8221;center&#8221; css_animation=&#8221;flipInY&#8221; link=&#8221;url:https%3A%2F%2Fescsanvicentedepaul.cl%2Fwp-content%2Fuploads%2F2024%2F07%2FSeguro_Escolar.pdf|target:_blank&#8221;][\/vc_tta_section][vc_tta_section title=&#8221;Reglamento Interno&#8221; tab_id=&#8221;1720118741485-83ceb712-4a3c&#8221;][vc_empty_space][vc_column_text]<\/p>\n<div class=\"wpb_text_column wpb_content_element \">\n<div class=\"wpb_wrapper\">\n<div class=\"page\" title=\"Page 6\">\n<div class=\"layoutArea\">\n<div class=\"column\">\n<p style=\"text-align: justify;\"><span style=\"font-family: verdana, geneva, sans-serif;\">Para favorecer un ambiente laboral sano, hemos dise\u00f1ado este Reglamento Interno de Orden, Higiene y Seguridad, el cual nos permitir\u00e1 encaminarnos a mejores condiciones laborales que nos ayuden a desarrollar una relaci\u00f3n de trabajo fraterno que promuevan los valores cristianos inspirados por nuestros fundadores.<\/span><\/p>\n<p style=\"text-align: justify;\"><span style=\"font-family: verdana, geneva, sans-serif;\">El Reglamento Interno de Orden, Higiene y Seguridad es un instrumento fundamentado en el ordenamiento jur\u00eddico laboral vigente, fija las condiciones generales de orden de trabajo interno dentro del CEV e informa a los trabajadores sobre las normas de higiene y seguridad contempladas en la ley, a fin de protegerlos, evitando riesgos en el desarrollo de sus funciones.<\/span><\/p>\n<\/div>\n<\/div>\n<\/div>\n<\/div>\n<\/div>\n<div class=\"vc_btn3-container wpb_animate_when_almost_visible wpb_bounceIn bounceIn vc_btn3-center wpb_start_animation animated\"><\/div>\n<p>[\/vc_column_text][vc_empty_space][vc_btn title=&#8221;Reglamento Interno de Orden Higiene y Seguridad&#8221; style=&#8221;3d&#8221; color=&#8221;primary&#8221; align=&#8221;center&#8221; css_animation=&#8221;flipInY&#8221; link=&#8221;url:https%3A%2F%2Fdrive.google.com%2Ffile%2Fd%2F1dxJDSdSVOPbsA0FRotjrzWXrDtH9S8Td%2Fview%3Fusp%3Ddrive_link|target:_blank&#8221;][vc_btn title=&#8221;Anexo Reglamento Interno (Ley Karin)&#8221; style=&#8221;3d&#8221; color=&#8221;primary&#8221; align=&#8221;center&#8221; css_animation=&#8221;flipInY&#8221; link=&#8221;url:https%3A%2F%2Fdrive.google.com%2Ffile%2Fd%2F1p-5JbN-z_ku1r6cOWLhRleN0d8PRmK8Y%2Fview%3Fusp%3Dsharing|target:_blank&#8221;][\/vc_tta_section][vc_tta_section title=&#8221;Proyecto Educativo&#8221; tab_id=&#8221;1720119379444-cedc74f0-ab2e&#8221;][vc_empty_space][vc_column_text]<\/p>\n<div class=\"vc_row wpb_row vc_row-fluid\">\n<div class=\"wpb_column vc_column_container vc_col-sm-12\">\n<div class=\"vc_column-inner\">\n<div class=\"wpb_wrapper\">\n<div class=\"vc_tta-container\" data-vc-action=\"collapse\">\n<div class=\"vc_general vc_tta vc_tta-tabs vc_tta-color-peacoc vc_tta-style-classic vc_tta-shape-square vc_tta-spacing-1 vc_tta-tabs-position-left vc_tta-controls-align-left \">\n<div class=\"vc_tta-panels-container\">\n<div class=\"vc_tta-panels\">\n<div id=\"1666013166013-09590eda-e4f4\" class=\"vc_tta-panel vc_active\" data-vc-content=\".vc_tta-panel-body\">\n<div class=\"vc_tta-panel-body\">\n<div class=\"wpb_text_column wpb_content_element \">\n<div class=\"wpb_wrapper\">\n<p style=\"text-align: justify;\"><span style=\"font-family: verdana, geneva, sans-serif;\"><span dir=\"ltr\" role=\"presentation\">El<\/span>\u00a0<span dir=\"ltr\" role=\"presentation\">Proyecto<\/span>\u00a0<span dir=\"ltr\" role=\"presentation\">Educativo<\/span>\u00a0<span dir=\"ltr\" role=\"presentation\">Vicentino\u00a0<\/span><span dir=\"ltr\" role=\"presentation\">tiene como referente a San Vicente\u00a0<\/span><span dir=\"ltr\" role=\"presentation\">de Pa\u00fal y Santa Luisa de Marillac.<\/span><\/span><\/p>\n<p style=\"text-align: justify;\"><span style=\"font-family: verdana, geneva, sans-serif;\"><span dir=\"ltr\" role=\"presentation\">Por tanto, impregnamos todo este\u00a0<\/span><span dir=\"ltr\" role=\"presentation\">documento desde su espiritualidad.\u00a0<\/span><span dir=\"ltr\" role=\"presentation\">Para<\/span>\u00a0<span dir=\"ltr\" role=\"presentation\">esto,<\/span>\u00a0<span dir=\"ltr\" role=\"presentation\">usaremos<\/span>\u00a0<span dir=\"ltr\" role=\"presentation\">la<\/span>\u00a0<span dir=\"ltr\" role=\"presentation\">expresi\u00f3n\u00a0<\/span><span dir=\"ltr\" role=\"presentation\">\u201cVicentino-Luisiano\u201d<\/span>\u00a0<span dir=\"ltr\" role=\"presentation\">como<\/span>\u00a0<span dir=\"ltr\" role=\"presentation\">signo<\/span>\u00a0<span dir=\"ltr\" role=\"presentation\">de\u00a0<\/span><span dir=\"ltr\" role=\"presentation\">referencia a nuestros fundadores que\u00a0<\/span><span dir=\"ltr\" role=\"presentation\">son los inspiradores de nuestra<\/span>\u00a0<span dir=\"ltr\" role=\"presentation\">misi\u00f3n\u00a0<\/span><span dir=\"ltr\" role=\"presentation\">educativa.<\/span><\/span><\/p>\n<p style=\"text-align: justify;\"><span style=\"font-family: verdana, geneva, sans-serif;\"><span dir=\"ltr\" role=\"presentation\">Igualmente para simplificar la lectura\u00a0<\/span><span dir=\"ltr\" role=\"presentation\">de este documento, hemos agregado\u00a0<\/span><span dir=\"ltr\" role=\"presentation\">la<\/span>\u00a0<span dir=\"ltr\" role=\"presentation\">sigla<\/span>\u00a0<span dir=\"ltr\" role=\"presentation\">CEV<\/span>\u00a0<span dir=\"ltr\" role=\"presentation\">\u2013<\/span>\u00a0<span dir=\"ltr\" role=\"presentation\">Centro<\/span>\u00a0<span dir=\"ltr\" role=\"presentation\">Educativo\u00a0<\/span><span dir=\"ltr\" role=\"presentation\">Vicentino -, evitando as\u00ed diferenciar\u00a0<\/span><span dir=\"ltr\" role=\"presentation\">entre escuelas y colegios.<\/span><\/span><\/p>\n<\/div>\n<\/div>\n<\/div>\n<\/div>\n<div id=\"1666017554205-96853e46-e944\" class=\"vc_tta-panel\" data-vc-content=\".vc_tta-panel-body\"><\/div>\n<div id=\"1683038054291-310f4f96-4e09\" class=\"vc_tta-panel\" data-vc-content=\".vc_tta-panel-body\"><\/div>\n<\/div>\n<\/div>\n<\/div>\n<\/div>\n<\/div>\n<\/div>\n<\/div>\n<\/div>\n<section class=\"vc_section\">\n<div class=\"vc_row wpb_row vc_row-fluid\"><\/div>\n<\/section>\n<p>[\/vc_column_text][vc_empty_space][vc_btn title=&#8221;Proyecto Educativo&#8221; style=&#8221;3d&#8221; color=&#8221;primary&#8221; align=&#8221;center&#8221; css_animation=&#8221;flipInY&#8221; link=&#8221;url:https%3A%2F%2Fescsanvicentedepaul.cl%2Fwp-content%2Fuploads%2F2024%2F07%2FProyectoEducativo434.pdf|target:_blank&#8221;][\/vc_tta_section][vc_tta_section tab_id=&#8221;1720119902310-d6ee271b-365e&#8221; title=&#8221;Planes PME&#8221;][vc_btn title=&#8221;Plan de Apoyo a la Inclusi\u00f3n 2024&#8243; style=&#8221;3d&#8221; color=&#8221;primary&#8221; align=&#8221;center&#8221; css_animation=&#8221;flipInY&#8221; link=&#8221;url:https%3A%2F%2Fescsanvicentedepaul.cl%2Fwp-content%2Fuploads%2F2024%2F07%2F21.6-PLAN-DE-APOYO-A-LA-INCLUSION-2024.pdf|target:_blank&#8221;][vc_btn title=&#8221;Plan de Desarrollo Profesional Docente 2024&#8243; style=&#8221;3d&#8221; color=&#8221;primary&#8221; align=&#8221;center&#8221; css_animation=&#8221;flipInY&#8221; link=&#8221;url:https%3A%2F%2Fescsanvicentedepaul.cl%2Fwp-content%2Fuploads%2F2024%2F07%2F21.5-Plan-de-Desarrollo-Profesional-Docente-2023-24.pdf|target:_blank&#8221;][vc_btn title=&#8221;Plan de Sexualidad Afectividad y G\u00e9nero 2025&#8243; style=&#8221;3d&#8221; color=&#8221;primary&#8221; align=&#8221;center&#8221; css_animation=&#8221;flipInY&#8221; link=&#8221;url:https%3A%2F%2Fescsanvicentedepaul.cl%2Fwp-content%2Fuploads%2F2025%2F05%2FPlan-de-Sexualidad-Afectividad-y-Genero-2025.pdf|target:_blank&#8221;][vc_btn title=&#8221;Plan de Formaci\u00f3n ciudadana 2024&#8243; style=&#8221;3d&#8221; color=&#8221;primary&#8221; align=&#8221;center&#8221; css_animation=&#8221;flipInY&#8221; link=&#8221;url:https%3A%2F%2Fescsanvicentedepaul.cl%2Fwp-content%2Fuploads%2F2024%2F07%2F21.2-PLAN-DE-FORMACION-CIUDADANA-2024.pdf|target:_blank&#8221;][vc_btn title=&#8221;Plan Anual de Gesti\u00f3n de convivencia Escolar 2025&#8243; style=&#8221;3d&#8221; color=&#8221;primary&#8221; align=&#8221;center&#8221; css_animation=&#8221;flipInY&#8221; link=&#8221;url:https%3A%2F%2Fescsanvicentedepaul.cl%2Fwp-content%2Fuploads%2F2025%2F05%2FPLAN-ANUAL-DE-GESTION-DE-CONVIVENCIA-ESCOLAR-2025.pdf|target:_blank&#8221;][\/vc_tta_section][vc_tta_section tab_id=&#8221;1720121197323-f9f2b217-b772&#8243; title=&#8221;Cuenta P\u00fablica&#8221;][vc_empty_space][vc_column_text]<\/p>\n<div class=\"vc_row wpb_row vc_row-fluid\">\n<div class=\"wpb_column vc_column_container vc_col-sm-12\">\n<div class=\"vc_column-inner\">\n<div class=\"wpb_wrapper\">\n<div class=\"vc_tta-container\" data-vc-action=\"collapse\">\n<div class=\"vc_general vc_tta vc_tta-tabs vc_tta-color-peacoc vc_tta-style-classic vc_tta-shape-square vc_tta-spacing-1 vc_tta-tabs-position-left vc_tta-controls-align-left \">\n<div class=\"vc_tta-panels-container\">\n<div class=\"vc_tta-panels\">\n<div id=\"1683038054291-310f4f96-4e09\" class=\"vc_tta-panel vc_active\" data-vc-content=\".vc_tta-panel-body\">\n<div class=\"vc_tta-panel-body\">\n<div class=\"wpb_text_column wpb_content_element \">\n<div class=\"wpb_wrapper\">\n<p style=\"text-align: justify;\"><span style=\"font-family: verdana, geneva, sans-serif;\">En consideraci\u00f3n a lo establecido por la normativa educacional vigente (ley N\u00b020.370, art. 10) y por el\u00a0 compromiso que mantenemos con todos los integrantes de esta comunidad educativa, en el presente documento presentamos cuenta p\u00fablica de los alcances de la gesti\u00f3n educativa emprendida en nuestro Centro Educativo Vicentino, en conformidad a todas las acciones programadas durante el a\u00f1o escolar 2024, que tienen como principal orientaci\u00f3n brindar el mejor servicio educacional a nuestros ni\u00f1os y ni\u00f1as seg\u00fan los principios educacionales vigentes.<\/span><\/p>\n<\/div>\n<\/div>\n<\/div>\n<\/div>\n<\/div>\n<\/div>\n<\/div>\n<\/div>\n<\/div>\n<\/div>\n<\/div>\n<\/div>\n<p>[\/vc_column_text][vc_empty_space][vc_btn title=&#8221;Ver-Cuenta P\u00fablica 2025&#8243; style=&#8221;3d&#8221; color=&#8221;primary&#8221; align=&#8221;center&#8221; css_animation=&#8221;flipInY&#8221; link=&#8221;url:https%3A%2F%2Fdrive.google.com%2Ffile%2Fd%2F1uxIYuV7KAu891av49sOBP8lhhcKnfEhu%2Fview%3Fusp%3Dsharing|target:_blank&#8221;][\/vc_tta_section][vc_tta_section title=&#8221;Protocolos 2026&#8243; tab_id=&#8221;1729367672821-d95b6a9e-83f7&#8243;][vc_empty_space][vc_btn title=&#8221;Ver- Protocolo de Desregularizaci\u00f3n Emocional y Conductual (DEC) en Estudiantes con Trastorn\u00f3 del Espectro Autista (TEA)&#8221; color=&#8221;primary&#8221; link=&#8221;url:https%3A%2F%2Fescsanvicentedepaul.cl%2Fwp-content%2Fuploads%2F2024%2F10%2FNuevo-protocolo-Oficial-2024.pdf&#8221;][vc_btn title=&#8221;Ver- Protocolo sobre Prohibici\u00f3n del uso de Dispositivos M\u00f3viles Electr\u00f3nicos de Comunicaci\u00f3n Personal&#8221; color=&#8221;primary&#8221; link=&#8221;url:https%3A%2F%2Fdrive.google.com%2Ffile%2Fd%2F1tmiucy8QC4NJ3FS133jzOcrLa_T3wzq2%2Fview%3Fusp%3Dsharing&#8221;][\/vc_tta_section][vc_tta_section title=&#8221;Consejo Escolar 2026&#8243; tab_id=&#8221;1775577306364-9dce43e5-7196&#8243;][vc_empty_space][vc_column_text]<\/p>\n<p style=\"text-align: justify;\" data-path-to-node=\"10\"><span style=\"font-family: verdana, geneva, sans-serif;\">Con el objetivo de mantener informada a nuestra comunidad sobre los procesos de toma de decisiones, ponemos a su disposici\u00f3n los respaldos documentales de nuestras reuniones mensuales.<\/span><\/p>\n<p style=\"text-align: justify;\" data-path-to-node=\"11\"><span style=\"font-family: verdana, geneva, sans-serif;\">Aqu\u00ed podr\u00e1 consultar los avances pedag\u00f3gicos, normativos y de convivencia escolar discutidos por el Consejo Escolar. Creemos que una comunidad informada es el pilar fundamental para el desarrollo de nuestro proyecto educativo institucional.<\/span><\/p>\n<p>[\/vc_column_text][vc_empty_space][vc_btn title=&#8221;Acta &#8211; Primera Sesi\u00f3n&#8221; style=&#8221;3d&#8221; color=&#8221;primary&#8221; align=&#8221;center&#8221; link=&#8221;url:https%3A%2F%2Fdrive.google.com%2Ffile%2Fd%2F1HT0yMoY-ENWw5qRrSQs7zfe7fkKHEfMi%2Fview%3Fusp%3Dsharing&#8221;][\/vc_tta_section][\/vc_tta_tour][\/vc_column][vc_column width=&#8221;1\/12&#8243;][stm_separator][\/vc_column][\/vc_row][vc_row][vc_column][stm_spacing][\/vc_column][\/vc_row][vc_row][vc_column][\/vc_column][\/vc_row]<\/p>\n<\/div>","protected":false},"excerpt":{"rendered":"<p>[vc_row full_width=&#8221;stretch_row_content_no_spaces&#8221; css=&#8221;.vc_custom_1455945608832{padding-top: 0px !important;}&#8221;][vc_column][vc_empty_space][\/vc_column][vc_column][vc_column_text] DECRETOS Y NORMATIVAS [\/vc_column_text][\/vc_column][vc_column][vc_column_text] Nuestra escuela est\u00e1 regida por los siguientes decretos y normativas internas que determinan nuestra identidad y su funcionamiento. [\/vc_column_text][vc_row_inner][vc_column_inner][vc_empty_space][\/vc_column_inner][\/vc_row_inner][\/vc_column][vc_column][vc_column_text] \u00a0 \u00a0 \u00a0 \u00a0 \u00a0 \u00a0 \u00a0 \u00a0 \u00a0 \u00a0 Decretos [\/vc_column_text][\/vc_column][vc_column][vc_empty_space][\/vc_column][vc_column width=&#8221;1\/6&#8243;][vc_empty_space][\/vc_column][vc_column width=&#8221;2\/3&#8243; css=&#8221;.vc_custom_1721512246720{padding-top: 0px !important;}&#8221;][vc_tta_tour style=&#8221;outline&#8221; color=&#8221;blue&#8221; alignment=&#8221;center&#8221; controls_size=&#8221;lg&#8221; active_section=&#8221;1&#8243; no_fill_content_area=&#8221;true&#8221; css=&#8221;.vc_custom_1720097607809{margin-top: 20px !important;margin-bottom: 20px [&hellip;]<\/p>\n","protected":false},"author":1,"featured_media":0,"parent":0,"menu_order":0,"comment_status":"closed","ping_status":"closed","template":"","meta":{"footnotes":""},"class_list":["post-21","page","type-page","status-publish","hentry"],"_links":{"self":[{"href":"https:\/\/escsanvicentedepaul.cl\/index.php?rest_route=\/wp\/v2\/pages\/21","targetHints":{"allow":["GET"]}}],"collection":[{"href":"https:\/\/escsanvicentedepaul.cl\/index.php?rest_route=\/wp\/v2\/pages"}],"about":[{"href":"https:\/\/escsanvicentedepaul.cl\/index.php?rest_route=\/wp\/v2\/types\/page"}],"author":[{"embeddable":true,"href":"https:\/\/escsanvicentedepaul.cl\/index.php?rest_route=\/wp\/v2\/users\/1"}],"replies":[{"embeddable":true,"href":"https:\/\/escsanvicentedepaul.cl\/index.php?rest_route=%2Fwp%2Fv2%2Fcomments&post=21"}],"version-history":[{"count":6,"href":"https:\/\/escsanvicentedepaul.cl\/index.php?rest_route=\/wp\/v2\/pages\/21\/revisions"}],"predecessor-version":[{"id":8175,"href":"https:\/\/escsanvicentedepaul.cl\/index.php?rest_route=\/wp\/v2\/pages\/21\/revisions\/8175"}],"wp:attachment":[{"href":"https:\/\/escsanvicentedepaul.cl\/index.php?rest_route=%2Fwp%2Fv2%2Fmedia&parent=21"}],"curies":[{"name":"wp","href":"https:\/\/api.w.org\/{rel}","templated":true}]}}